{"id":20511,"date":"2023-07-28T13:36:55","date_gmt":"2023-07-28T13:36:55","guid":{"rendered":"https:\/\/www.customywear.com\/?post_type=product&#038;p=20511"},"modified":"2026-05-13T19:50:37","modified_gmt":"2026-05-13T19:50:37","slug":"niestandardowa-koszulka-dla-par-obcych","status":"publish","type":"product","link":"https:\/\/www.customywear.com\/pl\/custom-couples-alien-shirt\/","title":{"rendered":"Koszulka dla par Alien \u2013 spersonalizowany prezent na rocznic\u0119 i urodziny w kosmosie"},"content":{"rendered":"<p>Wkrocz do kosmosu spersonalizowanej mody z nasz\u0105 koszulk\u0105 Custom Couples Alien Shirt, wyj\u0105tkow\u0105 i zabawn\u0105 kreacj\u0105 o tematyce kosmicznej, idealn\u0105 do upami\u0119tnienia rocznic, urodzin lub po prostu rozsiewania u\u015bmiech\u00f3w. Zanurz si\u0119 w \u015bwiecie wyobra\u017ani, gdy przekszta\u0142cimy Twoje zdj\u0119cia w sztuk\u0119 portretow\u0105 wektorow\u0105, przedstawiaj\u0105c Ciebie i Twojego partnera jako istoty pozaziemskie pod kosmicznym statkiem kosmicznym. Ta spersonalizowana koszulka obiecuje by\u0107 najbardziej osobliwym i najbardziej rozgrzewaj\u0105cym serce prezentem, kt\u00f3ry z pewno\u015bci\u0105 sprawi rado\u015b\u0107 na twarzy Twojej ukochanej osoby. Wykorzystuj\u0105c kreatywne mo\u017cliwo\u015bci program\u00f3w Adobe Illustrator i Adobe Photoshop, skrupulatnie tworzymy ka\u017cdy projekt, zapewniaj\u0105c, \u017ce wysokiej jako\u015bci grafika wektorowa jest prawdziwym odzwierciedleniem Twojej to\u017csamo\u015bci. Nasza zaawansowana technologia drukowania DTG o\u017cywia ten nieziemski projekt na wygodnych koszulkach unisex z d\u0142ugim i kr\u00f3tkim r\u0119kawem, dostosowanych do doros\u0142ych, m\u0142odzie\u017cy, dzieci i maluch\u00f3w. Rozkoszuj si\u0119 do\u015bwiadczeniem noszenia koszulki, kt\u00f3ra nie tylko reprezentuje Twoj\u0105 mi\u0142o\u015b\u0107, ale tak\u017ce wywo\u0142uje rozmowy i \u015bmiech. Zanurz si\u0119 w \u015bwiecie personalizacji, gdzie nie tylko ludzkie twarze, ale tak\u017ce urocze kubki Twoich ukochanych zwierz\u0105t mog\u0105 zdobi\u0107 te koszulki, wype\u0142niaj\u0105c je jeszcze wi\u0119ksz\u0105 ilo\u015bci\u0105 uczu\u0107. Opr\u00f3cz tego urzekaj\u0105cego dzie\u0142a, odkryj nasz\u0105 ofert\u0119 podobnych wzor\u00f3w, kt\u00f3re s\u0105 przyk\u0142adem naszego zaanga\u017cowania w jako\u015b\u0107 i osobisty charakter. Do\u0142\u0105cz do grona zadowolonych klient\u00f3w, kt\u00f3rzy do\u015bwiadczyli magii spersonalizowanych koszulek i wyrusz w podr\u00f3\u017c, aby wyrazi\u0107 swoj\u0105 wyj\u0105tkow\u0105 wi\u0119\u017a za pomoc\u0105 koszulki, kt\u00f3ra jest naprawd\u0119 nie z tej ziemi. Je\u015bli masz jakie\u015b pytania, nie wahaj si\u0119 z nami skontaktowa\u0107.<\/p>","protected":false},"excerpt":{"rendered":"<p>\u015awi\u0119tuj mi\u0142o\u015b\u0107 w kosmosie z niestandardow\u0105 koszul\u0105 obcych par. Spersonalizowana koszulka z okazji rocznicy i prezent\u00f3w urodzinowych przekszta\u0142ca Twoje zdj\u0119cia w wyj\u0105tkow\u0105 koszulk\u0119.<\/p>","protected":false},"featured_media":143721,"comment_status":"open","ping_status":"closed","template":"","meta":{"_acf_changed":false},"product_brand":[],"product_cat":[6197,113,6412,6428],"product_tag":[6440,252,136,137,138,141,258],"class_list":{"0":"post-20511","1":"product","2":"type-product","3":"status-publish","4":"has-post-thumbnail","6":"product_cat-t-shirts-couple","7":"product_cat-custom-gifts-alien-shirts","8":"product_cat-photo-to-tees","9":"product_cat-translate-products","10":"product_tag-ai-artwork-couple","11":"product_tag-couple","12":"product_tag-science_shirt","13":"product_tag-space_shirt","14":"product_tag-t-shirt-ufo","15":"product_tag-ufo-shirt","16":"product_tag-valentine","18":"first","19":"instock","20":"taxable","21":"shipping-taxable","22":"purchasable","23":"product-type-simple"},"acf":[],"wcpa_form_fields":null,"_links":{"self":[{"href":"https:\/\/www.customywear.com\/pl\/wp-json\/wp\/v2\/product\/20511","targetHints":{"allow":["GET"]}}],"collection":[{"href":"https:\/\/www.customywear.com\/pl\/wp-json\/wp\/v2\/product"}],"about":[{"href":"https:\/\/www.customywear.com\/pl\/wp-json\/wp\/v2\/types\/product"}],"replies":[{"embeddable":true,"href":"https:\/\/www.customywear.com\/pl\/wp-json\/wp\/v2\/comments?post=20511"}],"wp:featuredmedia":[{"embeddable":true,"href":"https:\/\/www.customywear.com\/pl\/wp-json\/wp\/v2\/media\/143721"}],"wp:attachment":[{"href":"https:\/\/www.customywear.com\/pl\/wp-json\/wp\/v2\/media?parent=20511"}],"wp:term":[{"taxonomy":"product_brand","embeddable":true,"href":"https:\/\/www.customywear.com\/pl\/wp-json\/wp\/v2\/product_brand?post=20511"},{"taxonomy":"product_cat","embeddable":true,"href":"https:\/\/www.customywear.com\/pl\/wp-json\/wp\/v2\/product_cat?post=20511"},{"taxonomy":"product_tag","embeddable":true,"href":"https:\/\/www.customywear.com\/pl\/wp-json\/wp\/v2\/product_tag?post=20511"}],"curies":[{"name":"wp","href":"https:\/\/api.w.org\/{rel}","templated":true}]}}