{"id":20560,"date":"2023-07-28T13:37:43","date_gmt":"2023-07-28T13:37:43","guid":{"rendered":"https:\/\/www.customywear.com\/?post_type=product&#038;p=20560"},"modified":"2026-05-13T19:50:35","modified_gmt":"2026-05-13T19:50:35","slug":"koszulki-dla-par-perkusistow-na-zamowienie","status":"publish","type":"product","link":"https:\/\/www.customywear.com\/pl\/custom-drummer-couple-shirts\/","title":{"rendered":"Koszulka dla pary perkusist\u00f3w \u2013 spersonalizowana koszulka muzyczna dla mi\u0142o\u015bnik\u00f3w perkusji"},"content":{"rendered":"<p>Podnie\u015b sw\u00f3j styl dzi\u0119ki naszej koszulce Custom Drummer Couple Shirt, spersonalizowanej koszulce muzycznej, kt\u00f3ra \u0142\u0105czy kreatywno\u015b\u0107 i pasj\u0119. Dzi\u0119ki kunsztowi projektowania portret\u00f3w wektorowych przekszta\u0142camy Twoje zdj\u0119cia w uderzaj\u0105c\u0105 wizualizacj\u0119, w kt\u00f3rej Ty i Tw\u00f3j partner zajmujecie centralne miejsce jako perkusi\u015bci, graj\u0105c w rytm Waszej mi\u0142o\u015bci. Dost\u0119pne zar\u00f3wno w opcji z d\u0142ugim, jak i kr\u00f3tkim r\u0119kawem, to arcydzie\u0142o unisex rezonuje z osobami w ka\u017cdym wieku, od doros\u0142ych po m\u0142odzie\u017c, dzieci, a nawet maluchy. Dzi\u0119ki innowacjom Adobe Illustrator i Adobe Photoshop, wype\u0142niamy Twoj\u0105 wizj\u0119 \u017cywymi kolorami i misternymi szczeg\u00f3\u0142ami. Nasza zaawansowana technologia drukowania DTG zapewnia, \u017ce \u200b\u200bka\u017cdy rytm perkusji pozostaje wyra\u017any i wierny oryginalnemu zdj\u0119ciu, co daje nadaj\u0105c\u0105 si\u0119 do noszenia symfoni\u0119 artyzmu. Niezale\u017cnie od tego, czy jeste\u015b mi\u0142o\u015bnikiem muzyki, perkusist\u0105 w sercu, czy po prostu szukasz wyj\u0105tkowej koszulki, ta kreacja jest dla Ciebie idealna. Odkryj rado\u015b\u0107 wyra\u017cania siebie i podziel si\u0119 swoj\u0105 muzyczn\u0105 histori\u0105 ze \u015bwiatem. Odkryj nasz\u0105 r\u00f3\u017cnorodn\u0105 kolekcj\u0119 wzor\u00f3w, z kt\u00f3rych ka\u017cdy mo\u017cna dostosowa\u0107 nie tylko do Twojej twarzy, ale tak\u017ce do oblicza Twojego zwierzaka. Po\u0142\u0105cz swoj\u0105 mi\u0142o\u015b\u0107 do muzyki i mody i pozw\u00f3l, aby Twoja koszulka m\u00f3wi\u0142a wiele o Twojej pasji. Ulepsz swoj\u0105 garderob\u0119 koszulk\u0105, kt\u00f3ra uciele\u015bnia Tw\u00f3j rytm i po\u0142\u0105czenie, i pozw\u00f3l, aby Tw\u00f3j str\u00f3j rezonowa\u0142 z rytmem Twojego \u017cycia.<\/p>","protected":false},"excerpt":{"rendered":"<p>Uderz w rytm niestandardow\u0105 koszulk\u0105 dla perkusist\u00f3w. Spersonalizowana koszulka muzyczna dla entuzjast\u00f3w perkusji zamienia Twoje zdj\u0119cia w dopasowane, unikalne koszulki.<\/p>","protected":false},"featured_media":143843,"comment_status":"open","ping_status":"closed","template":"","meta":{"_acf_changed":false},"product_brand":[],"product_cat":[6197,6366,1577,6412,6428],"product_tag":[6440,1578,352,1005],"class_list":{"0":"post-20560","1":"product","2":"type-product","3":"status-publish","4":"has-post-thumbnail","6":"product_cat-t-shirts-couple","7":"product_cat-couples-music-dance-t-shirts","8":"product_cat-custom-gifts-drummers","9":"product_cat-photo-to-tees","10":"product_cat-translate-products","11":"product_tag-ai-artwork-couple","12":"product_tag-gift_for_drummer","13":"product_tag-honeymoon_shirt","14":"product_tag-musician_shirt","16":"first","17":"instock","18":"taxable","19":"shipping-taxable","20":"purchasable","21":"product-type-simple"},"acf":[],"wcpa_form_fields":null,"_links":{"self":[{"href":"https:\/\/www.customywear.com\/pl\/wp-json\/wp\/v2\/product\/20560","targetHints":{"allow":["GET"]}}],"collection":[{"href":"https:\/\/www.customywear.com\/pl\/wp-json\/wp\/v2\/product"}],"about":[{"href":"https:\/\/www.customywear.com\/pl\/wp-json\/wp\/v2\/types\/product"}],"replies":[{"embeddable":true,"href":"https:\/\/www.customywear.com\/pl\/wp-json\/wp\/v2\/comments?post=20560"}],"wp:featuredmedia":[{"embeddable":true,"href":"https:\/\/www.customywear.com\/pl\/wp-json\/wp\/v2\/media\/143843"}],"wp:attachment":[{"href":"https:\/\/www.customywear.com\/pl\/wp-json\/wp\/v2\/media?parent=20560"}],"wp:term":[{"taxonomy":"product_brand","embeddable":true,"href":"https:\/\/www.customywear.com\/pl\/wp-json\/wp\/v2\/product_brand?post=20560"},{"taxonomy":"product_cat","embeddable":true,"href":"https:\/\/www.customywear.com\/pl\/wp-json\/wp\/v2\/product_cat?post=20560"},{"taxonomy":"product_tag","embeddable":true,"href":"https:\/\/www.customywear.com\/pl\/wp-json\/wp\/v2\/product_tag?post=20560"}],"curies":[{"name":"wp","href":"https:\/\/api.w.org\/{rel}","templated":true}]}}