{"id":20564,"date":"2023-07-28T13:37:51","date_gmt":"2023-07-28T13:37:51","guid":{"rendered":"https:\/\/www.customywear.com\/?post_type=product&#038;p=20564"},"modified":"2026-05-05T20:23:37","modified_gmt":"2026-05-05T20:23:37","slug":"spersonalizowana-koszulka-ze-zdjeciem-perkusisty","status":"publish","type":"product","link":"https:\/\/www.customywear.com\/pl\/custom-drummer-photo-tshirt\/","title":{"rendered":"Spersonalizowana koszulka ze zdj\u0119ciem perkusisty \u2013 spersonalizowany prezent muzyczny"},"content":{"rendered":"<p>Podnie\u015b sw\u00f3j styl dzi\u0119ki naszej koszulce z nadrukiem zdj\u0119cia perkusisty, spersonalizowanemu arcydzie\u0142u, kt\u00f3re \u0142\u0105czy Tw\u00f3j wizerunek z rytmem muzyki. Nasi rzemie\u015blnicy tworz\u0105 osza\u0142amiaj\u0105ce wektorowe portrety przy u\u017cyciu Twojego zdj\u0119cia, p\u0142ynnie przekszta\u0142caj\u0105c Ci\u0119 w perkusist\u0119 z\u0142apanego na gor\u0105cym uczynku. Ta spersonalizowana koszulka muzyczna jest idealnym prezentem zar\u00f3wno dla entuzjast\u00f3w perkusji, jak i mi\u0142o\u015bnik\u00f3w muzyki, oddaj\u0105c istot\u0119 ich pasji w sztuce do noszenia. Wykonane z precyzj\u0105, nasze koszulki unisex z d\u0142ugim i kr\u00f3tkim r\u0119kawem s\u0105 zaprojektowane tak, aby zapewni\u0107 wygod\u0119 bez uszczerbku dla stylu. Wykorzystuj\u0105c moc program\u00f3w Adobe Illustrator i Adobe Photoshop, o\u017cywiamy Twoje zdj\u0119cie w osza\u0142amiaj\u0105cych szczeg\u00f3\u0142ach. Rezultatem jest wysokiej jako\u015bci grafika wektorowa, kt\u00f3ra zachowuje sw\u00f3j blask nawet po naszym najnowocze\u015bniejszym procesie drukowania DTG. Dost\u0119pna dla doros\u0142ych, m\u0142odzie\u017cy, dzieci i maluch\u00f3w, nasza kolekcja koszulek zaprasza osoby w ka\u017cdym wieku do przyj\u0119cia rytmu ich unikalnych osobowo\u015bci. Zanurz si\u0119 w \u015bwiecie personalizacji, dodaj\u0105c swoje ludzkie i zwierz\u0119ce twarze do naszego p\u0142\u00f3tna projektowego. Ka\u017cda koszulka staje si\u0119 p\u0142\u00f3tnem po\u0142\u0105czenia, \u015bwi\u0119tuj\u0105c Twoj\u0105 mi\u0142o\u015b\u0107 do perkusji i muzyki. Maj\u0105c do dyspozycji szereg podobnych wzor\u00f3w, mo\u017cliwo\u015bci s\u0105 nieograniczone. Odkryj harmoni\u0119 sztuki i osobistej ekspresji i podziel si\u0119 rado\u015bci\u0105 noszenia swoich pasji dzi\u0119ki naszej koszulce z nadrukiem zdj\u0119cia perkusisty.<\/p>","protected":false},"excerpt":{"rendered":"<p>Rozkoszuj si\u0119 niestandardow\u0105 koszulk\u0105 do perkusisty. Spersonalizowany prezent muzyczny przekszta\u0142ca ka\u017cde zdj\u0119cie w niepowtarzaln\u0105 koszulk\u0119 o tematyce muzycznej.<\/p>","protected":false},"featured_media":142691,"comment_status":"open","ping_status":"closed","template":"","meta":{"_acf_changed":false},"product_brand":[],"product_cat":[6191,1577,1582,6412,219,1045,6428,75,6353],"product_tag":[6433,1578,1583,1580,238,1106,112],"class_list":{"0":"post-20564","1":"product","2":"type-product","3":"status-publish","4":"has-post-thumbnail","6":"product_cat-t-shirts-women","7":"product_cat-custom-gifts-drummers","8":"product_cat-music","9":"product_cat-photo-to-tees","10":"product_cat-profession","11":"product_cat-retirement","12":"product_cat-translate-products","13":"product_cat-women","14":"product_cat-womens-music-t-shirts","15":"product_tag-ai-artwork","16":"product_tag-gift_for_drummer","17":"product_tag-music","18":"product_tag-music_teacher_shirt","19":"product_tag-profession","20":"product_tag-retirement","21":"product_tag-women","23":"first","24":"instock","25":"taxable","26":"shipping-taxable","27":"purchasable","28":"product-type-simple"},"acf":[],"wcpa_form_fields":null,"_links":{"self":[{"href":"https:\/\/www.customywear.com\/pl\/wp-json\/wp\/v2\/product\/20564","targetHints":{"allow":["GET"]}}],"collection":[{"href":"https:\/\/www.customywear.com\/pl\/wp-json\/wp\/v2\/product"}],"about":[{"href":"https:\/\/www.customywear.com\/pl\/wp-json\/wp\/v2\/types\/product"}],"replies":[{"embeddable":true,"href":"https:\/\/www.customywear.com\/pl\/wp-json\/wp\/v2\/comments?post=20564"}],"wp:featuredmedia":[{"embeddable":true,"href":"https:\/\/www.customywear.com\/pl\/wp-json\/wp\/v2\/media\/142691"}],"wp:attachment":[{"href":"https:\/\/www.customywear.com\/pl\/wp-json\/wp\/v2\/media?parent=20564"}],"wp:term":[{"taxonomy":"product_brand","embeddable":true,"href":"https:\/\/www.customywear.com\/pl\/wp-json\/wp\/v2\/product_brand?post=20564"},{"taxonomy":"product_cat","embeddable":true,"href":"https:\/\/www.customywear.com\/pl\/wp-json\/wp\/v2\/product_cat?post=20564"},{"taxonomy":"product_tag","embeddable":true,"href":"https:\/\/www.customywear.com\/pl\/wp-json\/wp\/v2\/product_tag?post=20564"}],"curies":[{"name":"wp","href":"https:\/\/api.w.org\/{rel}","templated":true}]}}