{"id":20645,"date":"2023-07-28T13:38:56","date_gmt":"2023-07-28T13:38:56","guid":{"rendered":"https:\/\/www.customywear.com\/?post_type=product&#038;p=20645"},"modified":"2026-05-07T15:29:56","modified_gmt":"2026-05-07T15:29:56","slug":"spersonalizowana-koszulka-strazaka-dla-mlodziezy-2","status":"publish","type":"product","link":"https:\/\/www.customywear.com\/pl\/custom-firefighter-youth-tee\/","title":{"rendered":"Koszulka stra\u017caka dla m\u0142odzie\u017cy \u2013 spersonalizowana koszulka stra\u017caka Big Brother"},"content":{"rendered":"<p>Rozpal wyobra\u017ani\u0119 swojego dziecka dzi\u0119ki naszej ekskluzywnej koszulce Custom Firefighter Youth Tee, spersonalizowanemu arcydzie\u0142u, kt\u00f3re przekszta\u0142ca zdj\u0119cie Twojego dziecka w urzekaj\u0105cy portret wektorowy, przedstawiaj\u0105cy je jako nieustraszonego stra\u017caka. Ta spersonalizowana koszulka jest \u017ar\u00f3d\u0142em inspiracji i wyj\u0105tkowym prezentem, zaprojektowanym, aby wzmocni\u0107 i pobudzi\u0107 najm\u0142odsze serca. Wykorzystuj\u0105c kreatywne mo\u017cliwo\u015bci program\u00f3w Adobe Illustrator i Adobe Photoshop, nasz proces projektowania zapewnia wysokiej jako\u015bci grafik\u0119 wektorow\u0105, kt\u00f3ra o\u017cywa dzi\u0119ki drukowi DTG na przytulnych koszulkach unisex. Dost\u0119pny w rozmiarach dla doros\u0142ych, m\u0142odzie\u017cy, dzieci i maluch\u00f3w, ten projekt pozwala rozkwitn\u0105\u0107 marzeniom Twojego dziecka, niezale\u017cnie od tego, czy odkrywa nowe horyzonty, czy przyjmuje rol\u0119 dumnego starszego brata. Odblokuj potencja\u0142 dalszej personalizacji, p\u0142ynnie integruj\u0105c twarze ludzi i zwierz\u0105t, tworz\u0105c wyj\u0105tkow\u0105 pami\u0105tk\u0119, kt\u00f3ra rezonuje przez pokolenia. Odkryj kunszt indywidualno\u015bci dzi\u0119ki naszej gamie r\u00f3wnie urzekaj\u0105cych wzor\u00f3w, z kt\u00f3rych ka\u017cdy uchwyca istot\u0119 m\u0142odzie\u0144czej rado\u015bci \u017cycia. Podnie\u015b poziom stylu i uczu\u0107 z koszulk\u0105 Custom Firefighter Youth Tee \u2013 ho\u0142dem, kt\u00f3ry rozpala ducha odwagi w sercach m\u0142odych i m\u0142odych duchem.<\/p>","protected":false},"excerpt":{"rendered":"<p>Zainspiruj m\u0142odych bohater\u00f3w niestandardow\u0105 koszulk\u0105 dla m\u0142odych stra\u017cak\u00f3w. Spersonalizowana koszula Fireman Big Brother zamienia ka\u017cde zdj\u0119cie w zabawn\u0105, wyj\u0105tkow\u0105 koszulk\u0119.<\/p>","protected":false},"featured_media":142754,"comment_status":"open","ping_status":"closed","template":"","meta":{"_acf_changed":false},"product_brand":[],"product_cat":[6189,1856,6412,6428],"product_tag":[6433,6439,1859,352],"class_list":{"0":"post-20645","1":"product","2":"type-product","3":"status-publish","4":"has-post-thumbnail","6":"product_cat-boys-t-shirts","7":"product_cat-custom-gifts-firefighters","8":"product_cat-photo-to-tees","9":"product_cat-translate-products","10":"product_tag-ai-artwork","11":"product_tag-ai-kids-artwork","12":"product_tag-firefighter_shirt","13":"product_tag-honeymoon_shirt","15":"first","16":"instock","17":"taxable","18":"shipping-taxable","19":"purchasable","20":"product-type-simple"},"acf":[],"wcpa_form_fields":null,"_links":{"self":[{"href":"https:\/\/www.customywear.com\/pl\/wp-json\/wp\/v2\/product\/20645","targetHints":{"allow":["GET"]}}],"collection":[{"href":"https:\/\/www.customywear.com\/pl\/wp-json\/wp\/v2\/product"}],"about":[{"href":"https:\/\/www.customywear.com\/pl\/wp-json\/wp\/v2\/types\/product"}],"replies":[{"embeddable":true,"href":"https:\/\/www.customywear.com\/pl\/wp-json\/wp\/v2\/comments?post=20645"}],"wp:featuredmedia":[{"embeddable":true,"href":"https:\/\/www.customywear.com\/pl\/wp-json\/wp\/v2\/media\/142754"}],"wp:attachment":[{"href":"https:\/\/www.customywear.com\/pl\/wp-json\/wp\/v2\/media?parent=20645"}],"wp:term":[{"taxonomy":"product_brand","embeddable":true,"href":"https:\/\/www.customywear.com\/pl\/wp-json\/wp\/v2\/product_brand?post=20645"},{"taxonomy":"product_cat","embeddable":true,"href":"https:\/\/www.customywear.com\/pl\/wp-json\/wp\/v2\/product_cat?post=20645"},{"taxonomy":"product_tag","embeddable":true,"href":"https:\/\/www.customywear.com\/pl\/wp-json\/wp\/v2\/product_tag?post=20645"}],"curies":[{"name":"wp","href":"https:\/\/api.w.org\/{rel}","templated":true}]}}