{"id":20646,"date":"2023-07-28T13:38:57","date_gmt":"2023-07-28T13:38:57","guid":{"rendered":"https:\/\/www.customywear.com\/?post_type=product&#038;p=20646"},"modified":"2026-05-07T15:29:56","modified_gmt":"2026-05-07T15:29:56","slug":"spersonalizowana-koszulka-strazaka-dla-mlodziezy","status":"publish","type":"product","link":"https:\/\/www.customywear.com\/pl\/personalized-firefighter-youth-tee\/","title":{"rendered":"Personalizowana m\u0142odzie\u017cowa koszulka stra\u017caka \u2013 przekszta\u0142\u0107 swoje zdj\u0119cie w spersonalizowan\u0105 koszulk\u0119 stra\u017caka"},"content":{"rendered":"<p>Podnie\u015b styl swojego ma\u0142ego bohatera dzi\u0119ki naszej spersonalizowanej koszulce stra\u017caka dla m\u0142odzie\u017cy, kt\u00f3ra stanowi urzekaj\u0105ce po\u0142\u0105czenie wyobra\u017ani i artyzmu. Nasi eksperci ds. projektowania umiej\u0119tnie tworz\u0105 wysokiej jako\u015bci portret wektorowy, wykorzystuj\u0105c zdj\u0119cie Twojego dziecka, p\u0142ynnie przekszta\u0142caj\u0105c je w odwa\u017cnego stra\u017caka. Ta spersonalizowana koszulka nie tylko rozpala inspiracj\u0119, ale tak\u017ce celebruje ducha odwagi w m\u0142odo\u015bci. Idealna dla os\u00f3b w ka\u017cdym wieku, od doros\u0142ych po maluchy, nasza spersonalizowana koszulka stra\u017caka to arcydzie\u0142o zrodzone z synergii wiedzy Adobe Illustrator i Adobe Photoshop. Rezultatem jest dynamiczna grafika drukowana metod\u0105 DTG, kt\u00f3ra emanuje \u017cywotno\u015bci\u0105. Opr\u00f3cz urzekaj\u0105cego projektu nasza koszulka oferuje najwy\u017cszy komfort i wszechstronno\u015b\u0107, dost\u0119pna w kroju unisex. Niezale\u017cnie od tego, czy jest to Twoja starsza siostra, m\u0142ody entuzjasta stra\u017cy po\u017carnej czy maluch, to spersonalizowane arcydzie\u0142o jest znacz\u0105cym prezentem, kt\u00f3ry pozostawia niezatarty \u015blad. Odkryj \u015bwiat, w kt\u00f3rym zdj\u0119cia o\u017cywaj\u0105 jako sztuka do noszenia, poniewa\u017c zapraszamy Ci\u0119 do zapoznania si\u0119 z nasz\u0105 r\u00f3\u017cnorodn\u0105 ofert\u0105 wzor\u00f3w. Wybierz spo\u015br\u00f3d szeregu opcji, z kt\u00f3rych ka\u017cda jest \u015bwiadectwem po\u0142\u0105czenia kreatywno\u015bci i rzemios\u0142a. Od dzieci po doros\u0142ych, ta kolekcja koszulek z nadrukiem rozpala poczucie jedno\u015bci i indywidualno\u015bci, piel\u0119gnuj\u0105c wsp\u00f3lne docenianie spersonalizowanej ekspresji. Do\u015bwiadcz rado\u015bci obdarowywania i otrzymywania, poniewa\u017c ka\u017cda koszulka staje si\u0119 cenionym p\u0142\u00f3tnem wspomnie\u0144, obiecuj\u0105cym rozpala\u0107 rozmowy i inspirowa\u0107 przez wiele lat.<\/p>","protected":false},"excerpt":{"rendered":"<p>\u015awi\u0119tuj odwag\u0119 dzi\u0119ki spersonalizowanej koszulce m\u0142odzie\u017cowej stra\u017caka. Zmie\u0144 swoje zdj\u0119cie w niepowtarzaln\u0105 koszulk\u0119 stra\u017cack\u0105.<\/p>","protected":false},"featured_media":142761,"comment_status":"open","ping_status":"closed","template":"","meta":{"_acf_changed":false},"product_brand":[],"product_cat":[6193,1856,6412,6428,58],"product_tag":[6433,6439,1859],"class_list":{"0":"post-20646","1":"product","2":"type-product","3":"status-publish","4":"has-post-thumbnail","6":"product_cat-girls-t-shirts","7":"product_cat-custom-gifts-firefighters","8":"product_cat-photo-to-tees","9":"product_cat-translate-products","10":"product_cat-youth-kids","11":"product_tag-ai-artwork","12":"product_tag-ai-kids-artwork","13":"product_tag-firefighter_shirt","15":"first","16":"instock","17":"taxable","18":"shipping-taxable","19":"purchasable","20":"product-type-simple"},"acf":[],"wcpa_form_fields":null,"_links":{"self":[{"href":"https:\/\/www.customywear.com\/pl\/wp-json\/wp\/v2\/product\/20646","targetHints":{"allow":["GET"]}}],"collection":[{"href":"https:\/\/www.customywear.com\/pl\/wp-json\/wp\/v2\/product"}],"about":[{"href":"https:\/\/www.customywear.com\/pl\/wp-json\/wp\/v2\/types\/product"}],"replies":[{"embeddable":true,"href":"https:\/\/www.customywear.com\/pl\/wp-json\/wp\/v2\/comments?post=20646"}],"wp:featuredmedia":[{"embeddable":true,"href":"https:\/\/www.customywear.com\/pl\/wp-json\/wp\/v2\/media\/142761"}],"wp:attachment":[{"href":"https:\/\/www.customywear.com\/pl\/wp-json\/wp\/v2\/media?parent=20646"}],"wp:term":[{"taxonomy":"product_brand","embeddable":true,"href":"https:\/\/www.customywear.com\/pl\/wp-json\/wp\/v2\/product_brand?post=20646"},{"taxonomy":"product_cat","embeddable":true,"href":"https:\/\/www.customywear.com\/pl\/wp-json\/wp\/v2\/product_cat?post=20646"},{"taxonomy":"product_tag","embeddable":true,"href":"https:\/\/www.customywear.com\/pl\/wp-json\/wp\/v2\/product_tag?post=20646"}],"curies":[{"name":"wp","href":"https:\/\/api.w.org\/{rel}","templated":true}]}}