{"id":20661,"date":"2023-07-28T13:39:20","date_gmt":"2023-07-28T13:39:20","guid":{"rendered":"https:\/\/www.customywear.com\/?post_type=product&#038;p=20661"},"modified":"2026-05-16T11:12:54","modified_gmt":"2026-05-16T11:12:54","slug":"transformacja-zdjecie-golfa-niestandardowe-tee","status":"publish","type":"product","link":"https:\/\/www.customywear.com\/pl\/transform-photo-golf-custom-tee\/","title":{"rendered":"Przekszta\u0142\u0107 swoje zdj\u0119cie w arcydzie\u0142o golfa | Koszulka z nadrukiem"},"content":{"rendered":"<p>Podnie\u015b swoj\u0105 pasj\u0119 do gry w golfa dzi\u0119ki naszym <strong>Przekszta\u0142\u0107 swoje zdj\u0119cie w arcydzie\u0142o golfa \u2014 spersonalizowany t-shirt<\/strong>. Zanurz si\u0119 w \u015bwiecie golfa, gdy umiej\u0119tnie przekszta\u0142cimy Twoje ukochane zdj\u0119cie w urzekaj\u0105cy portret wektorowy. Wyobra\u017a sobie siebie na bujnej zieleni pola golfowego, uderzaj\u0105cego pi\u0142k\u0119 po idealne uj\u0119cie. Ta spersonalizowana koszulka to co\u015b wi\u0119cej ni\u017c ubranie; to dzie\u0142o sztuki, kt\u00f3re uchwyca Twoj\u0105 mi\u0142o\u015b\u0107 do gry. Nasi do\u015bwiadczeni rzemie\u015blnicy wykorzystuj\u0105 moc program\u00f3w Adobe Illustrator i Adobe Photoshop, aby tworzy\u0107 ka\u017cdy projekt z precyzj\u0105. Rezultatem jest wysokiej jako\u015bci grafika wektorowa, kt\u00f3ra \u017cywo o\u017cywia Twoj\u0105 chwil\u0119 golfow\u0105. Dzi\u0119ki naszemu zaawansowanemu procesowi drukowania DTG kolory pozostaj\u0105 \u017cywe, zapewniaj\u0105c trwa\u0142e wra\u017cenie. Dost\u0119pne w stylach unisex dostosowanych do doros\u0142ych, m\u0142odzie\u017cy, dzieci, a nawet maluch\u00f3w, nasze koszulki s\u0105 przeznaczone dla entuzjast\u00f3w golfa w ka\u017cdym wieku. Zaskocz innego mi\u0142o\u015bnika golfa lub spraw sobie prezent w postaci elementu nostalgii do noszenia. Ta spersonalizowana koszulka to idealny prezent na specjalne okazje lub wyraz uznania. Spersonalizuj projekt jeszcze bardziej, w\u0142\u0105czaj\u0105c nie tylko swoj\u0105 twarz, ale tak\u017ce twarz swojego futrzanego przyjaciela, dzi\u0119ki czemu stanie si\u0119 on cenn\u0105 pami\u0105tk\u0105 waszej wyj\u0105tkowej wi\u0119zi. Odkryj nasz\u0105 kolekcj\u0119 podobnych projekt\u00f3w i pozw\u00f3l, aby Twoje wspomnienia odbi\u0142y si\u0119 echem w wielkim stylu.<\/p>","protected":false},"excerpt":{"rendered":"<p>Uderz na zielono z przekszta\u0142ceniem swojego zdj\u0119cia w niestandardow\u0105 koszulk\u0119 golfow\u0105. Zamie\u0144 ka\u017cde zdj\u0119cie w wyj\u0105tkow\u0105, spersonalizowan\u0105 koszulk\u0119 z motywem golfowym.<\/p>","protected":false},"featured_media":142768,"comment_status":"open","ping_status":"closed","template":"","meta":{"_acf_changed":false},"product_brand":[],"product_cat":[6195,933,186,6412,310,6428],"product_tag":[6433,934,937,938,2075,6216,1039,105,6442],"class_list":{"0":"post-20661","1":"product","2":"type-product","3":"status-publish","4":"has-post-thumbnail","6":"product_cat-t-shirts-men","7":"product_cat-custom-gifts-golf-players","8":"product_cat-men","9":"product_cat-photo-to-tees","10":"product_cat-sports-shirts","11":"product_cat-translate-products","12":"product_tag-ai-artwork","13":"product_tag-birthday_shirt","14":"product_tag-golf","15":"product_tag-golf_gifts","16":"product_tag-golf_shirt","17":"product_tag-mens-custom-t-shirts","18":"product_tag-retirement_gift","19":"product_tag-summer_shirt","20":"product_tag-top-artwork","22":"first","23":"instock","24":"taxable","25":"shipping-taxable","26":"purchasable","27":"product-type-simple"},"acf":[],"wcpa_form_fields":null,"_links":{"self":[{"href":"https:\/\/www.customywear.com\/pl\/wp-json\/wp\/v2\/product\/20661","targetHints":{"allow":["GET"]}}],"collection":[{"href":"https:\/\/www.customywear.com\/pl\/wp-json\/wp\/v2\/product"}],"about":[{"href":"https:\/\/www.customywear.com\/pl\/wp-json\/wp\/v2\/types\/product"}],"replies":[{"embeddable":true,"href":"https:\/\/www.customywear.com\/pl\/wp-json\/wp\/v2\/comments?post=20661"}],"wp:featuredmedia":[{"embeddable":true,"href":"https:\/\/www.customywear.com\/pl\/wp-json\/wp\/v2\/media\/142768"}],"wp:attachment":[{"href":"https:\/\/www.customywear.com\/pl\/wp-json\/wp\/v2\/media?parent=20661"}],"wp:term":[{"taxonomy":"product_brand","embeddable":true,"href":"https:\/\/www.customywear.com\/pl\/wp-json\/wp\/v2\/product_brand?post=20661"},{"taxonomy":"product_cat","embeddable":true,"href":"https:\/\/www.customywear.com\/pl\/wp-json\/wp\/v2\/product_cat?post=20661"},{"taxonomy":"product_tag","embeddable":true,"href":"https:\/\/www.customywear.com\/pl\/wp-json\/wp\/v2\/product_tag?post=20661"}],"curies":[{"name":"wp","href":"https:\/\/api.w.org\/{rel}","templated":true}]}}