{"id":20679,"date":"2023-07-28T13:39:32","date_gmt":"2023-07-28T13:39:32","guid":{"rendered":"https:\/\/www.customywear.com\/?post_type=product&#038;p=20679"},"modified":"2026-05-05T20:24:11","modified_gmt":"2026-05-05T20:24:11","slug":"koszulka-silownia-miesnie-vintage-na-zamowienie","status":"publish","type":"product","link":"https:\/\/www.customywear.com\/pl\/personalized-gym-shirts-vintage-muscle\/","title":{"rendered":"Personalizowane koszulki do \u0107wicze\u0144 \u2013 Vintage Muscle Workout Tee ze zdj\u0119ciem"},"content":{"rendered":"<p>Podnie\u015b sw\u00f3j str\u00f3j treningowy dzi\u0119ki naszym spersonalizowanym koszulkom do \u0107wicze\u0144, p\u0142ynnemu po\u0142\u0105czeniu estetyki vintage i spersonalizowanego stylu. Korzystaj\u0105c z Twojego zdj\u0119cia jako inspiracji, tworzymy dynamiczn\u0105 sztuk\u0119 portretu wektorowego, kt\u00f3ra przekszta\u0142ca Ci\u0119 w muskularn\u0105 ikon\u0119, prezentuj\u0105c Twoje oddanie \u0107wiczeniom z hantlami. Ta spersonalizowana koszulka ze zdj\u0119ciem jest ho\u0142dem dla entuzjast\u00f3w kulturystyki i mi\u0142o\u015bnik\u00f3w si\u0142owni, dzi\u0119ki czemu jest najlepszym towarzyszem \u0107wicze\u0144 i przemy\u015blanym prezentem dla tych, kt\u00f3rzy doceniaj\u0105 sztuk\u0119 fitnessu.<\/p>\n<p>Wykorzystuj\u0105c kreatywn\u0105 moc program\u00f3w Adobe Illustrator i Adobe Photoshop, skrupulatnie projektujemy wysokiej jako\u015bci grafik\u0119 wektorow\u0105, kt\u00f3ra oddaje istot\u0119 inspiracji mi\u0119\u015bniami w stylu vintage. Nasza zaawansowana technika drukowania DTG zapewnia trwa\u0142e i \u017cywe wzory zar\u00f3wno na koszulkach z d\u0142ugim r\u0119kawem, jak i kr\u00f3tkim r\u0119kawem unisex, przeznaczonych dla doros\u0142ych, m\u0142odzie\u017cy, dzieci i maluch\u00f3w. Odkryj sfer\u0119 personalizacji, wype\u0142niaj\u0105c ka\u017cdy projekt urokiem ludzkich i zwierz\u0119cych twarzy, tworz\u0105c wyj\u0105tkowe i inspiruj\u0105ce o\u015bwiadczenie o kondycji fizycznej.<\/p>\n<p>Do\u015bwiadcz harmonijnego po\u0142\u0105czenia uroku vintage i nowoczesnej personalizacji dzi\u0119ki naszej r\u00f3\u017cnorodnej ofercie wzor\u00f3w na si\u0142owni\u0119, z kt\u00f3rych ka\u017cdy jest \u015bwiadectwem po\u015bwi\u0119cenia Twojej podr\u00f3\u017cy fitness. Te spersonalizowane koszulki treningowe wykraczaj\u0105 poza zwyk\u0142\u0105 odzie\u017c, s\u0142u\u017c\u0105c jako p\u0142\u00f3tno dla Twojej pasji do fitnessu i motywuj\u0105c innych do wyruszenia na w\u0142asne poszukiwania dobrego samopoczucia. Niezale\u017cnie od tego, czy pompujesz \u017celazo, chodzisz na si\u0142owni\u0119, czy szukasz przyg\u00f3d na \u015bwie\u017cym powietrzu, pozw\u00f3l, aby Twoja spersonalizowana koszulka do \u0107wicze\u0144 by\u0142a odzwierciedleniem Twojego zaanga\u017cowania w zdrowie i no\u015b sztuk\u0119 do noszenia, kt\u00f3ra opowiada Twoj\u0105 wyj\u0105tkow\u0105 histori\u0119 fitnessu.<\/p>","protected":false},"excerpt":{"rendered":"<p>\u015awi\u0119tuj vintage si\u0142y dzi\u0119ki spersonalizowanym koszulom na si\u0142owni\u0119. Koszulki do \u0107wicze\u0144 mi\u0119\u015bniowych przekszta\u0142caj\u0105 ka\u017cde zdj\u0119cie w odwa\u017cn\u0105, inspirowan\u0105 retro koszulk\u0119.<\/p>","protected":false},"featured_media":143247,"comment_status":"open","ping_status":"closed","template":"","meta":{"_acf_changed":false},"product_brand":[],"product_cat":[6195,526,186,6337,6412,6428],"product_tag":[6433,6217,6165,546,6216],"class_list":{"0":"post-20679","1":"product","2":"type-product","3":"status-publish","4":"has-post-thumbnail","6":"product_cat-t-shirts-men","7":"product_cat-gym-shirts","8":"product_cat-men","9":"product_cat-mens-gym-t-shirts","10":"product_cat-photo-to-tees","11":"product_cat-translate-products","12":"product_tag-ai-artwork","13":"product_tag-custom-t-shirt","14":"product_tag-custom-gym-tees","15":"product_tag-gym","16":"product_tag-mens-custom-t-shirts","18":"first","19":"instock","20":"taxable","21":"shipping-taxable","22":"purchasable","23":"product-type-simple"},"acf":[],"wcpa_form_fields":null,"_links":{"self":[{"href":"https:\/\/www.customywear.com\/pl\/wp-json\/wp\/v2\/product\/20679","targetHints":{"allow":["GET"]}}],"collection":[{"href":"https:\/\/www.customywear.com\/pl\/wp-json\/wp\/v2\/product"}],"about":[{"href":"https:\/\/www.customywear.com\/pl\/wp-json\/wp\/v2\/types\/product"}],"replies":[{"embeddable":true,"href":"https:\/\/www.customywear.com\/pl\/wp-json\/wp\/v2\/comments?post=20679"}],"wp:featuredmedia":[{"embeddable":true,"href":"https:\/\/www.customywear.com\/pl\/wp-json\/wp\/v2\/media\/143247"}],"wp:attachment":[{"href":"https:\/\/www.customywear.com\/pl\/wp-json\/wp\/v2\/media?parent=20679"}],"wp:term":[{"taxonomy":"product_brand","embeddable":true,"href":"https:\/\/www.customywear.com\/pl\/wp-json\/wp\/v2\/product_brand?post=20679"},{"taxonomy":"product_cat","embeddable":true,"href":"https:\/\/www.customywear.com\/pl\/wp-json\/wp\/v2\/product_cat?post=20679"},{"taxonomy":"product_tag","embeddable":true,"href":"https:\/\/www.customywear.com\/pl\/wp-json\/wp\/v2\/product_tag?post=20679"}],"curies":[{"name":"wp","href":"https:\/\/api.w.org\/{rel}","templated":true}]}}