{"id":20690,"date":"2023-07-28T13:39:39","date_gmt":"2023-07-28T13:39:39","guid":{"rendered":"https:\/\/www.customywear.com\/?post_type=product&#038;p=20690"},"modified":"2026-05-16T13:07:48","modified_gmt":"2026-05-16T13:07:48","slug":"niestandardowa-indyjska-sukienka-podrozna-koszulka","status":"publish","type":"product","link":"https:\/\/www.customywear.com\/pl\/custom-indian-dress-travel-t-shirt\/","title":{"rendered":"Custom Indian Saree T-Shirt for women &#8211; India Taj mahal travel tee"},"content":{"rendered":"<p>Zanurz si\u0119 w bogatym gobelinie indyjskiej kultury z nasz\u0105 urzekaj\u0105c\u0105 koszulk\u0105 Custom Traditional Indian Dress T-Shirt. Dzi\u0119ki naszym wykwalifikowanym rzemie\u015blnikom i najwy\u017cszej jako\u015bci wektorowej grafice Twoje zdj\u0119cie zostanie przekszta\u0142cone w wykwintny portret Ciebie w tradycyjnym indyjskim stroju. Ta spersonalizowana koszulka jest ponadczasowym prezentem dla mi\u0142o\u015bnik\u00f3w podr\u00f3\u017cy, uciele\u015bniaj\u0105cym istot\u0119 indyjskiego dziedzictwa w arcydziele do noszenia. Wykonana z dba\u0142o\u015bci\u0105 o szczeg\u00f3\u0142y przy u\u017cyciu program\u00f3w Adobe Illustrator i Adobe Photoshop, nasza grafika wektorowa uchwyca misterne detale tradycyjnego indyjskiego stroju, celebruj\u0105c jego elegancj\u0119 i pi\u0119kno. Niezale\u017cnie od tego, czy zdecydujesz si\u0119 na koszulk\u0119 z kr\u00f3tkim czy d\u0142ugim r\u0119kawem, ten unisexowy cud jest przeznaczony dla os\u00f3b w ka\u017cdym wieku \u2013 doros\u0142ych, m\u0142odzie\u017cy, dzieci i maluch\u00f3w. To nie tylko koszulka; to uciele\u015bnienie Twojego uznania dla eksploracji kulturowej i globalnych do\u015bwiadcze\u0144. Nadaj swojej indywidualno\u015bci, w\u0142\u0105czaj\u0105c do tego projektu r\u00f3\u017cne twarze ludzi i zwierz\u0105t. Nasza najnowocze\u015bniejsza technologia druku DTG zapewnia \u017cywe kolory i trwa\u0142\u0105 jako\u015b\u0107. Ta spersonalizowana koszulka to nie tylko element garderoby, ale tak\u017ce p\u0142\u00f3tno na Twoje wspomnienia z podr\u00f3\u017cy i przygody. No\u015b z dum\u0105 czaruj\u0105cy urok Indii i odkryj kr\u00f3lestwo podobnych wzor\u00f3w, kt\u00f3re oddaj\u0105 ho\u0142d r\u00f3\u017cnorodnym kulturom. Ulepsz swoj\u0105 garderob\u0119 koszulk\u0105, kt\u00f3ra uchwyci magi\u0119 Twoich podr\u00f3\u017cy i b\u0119dzie \u015bwiadectwem Twojego uznania dla kultury.<\/p>","protected":false},"excerpt":{"rendered":"<p>\u015awi\u0119tuj kultur\u0119 za pomoc\u0105 niestandardowej tradycyjnej indyjskiej koszulki sukienki. Spersonalizowana koszulka fotograficzna dla entuzjast\u00f3w podr\u00f3\u017cy przekszta\u0142ca ka\u017cde zdj\u0119cie w wyj\u0105tkow\u0105, kulturaln\u0105 koszulk\u0119.<\/p>","protected":false},"featured_media":142871,"comment_status":"open","ping_status":"closed","template":"","meta":{"_acf_changed":false},"product_brand":[],"product_cat":[6191,6264,6412,6428,6355],"product_tag":[6433,2309,2314,70,209],"class_list":{"0":"post-20690","1":"product","2":"type-product","3":"status-publish","4":"has-post-thumbnail","6":"product_cat-t-shirts-women","7":"product_cat-custom-gifts-indian-culture","8":"product_cat-photo-to-tees","9":"product_cat-translate-products","10":"product_cat-womens-culture-country-t-shirts","11":"product_tag-ai-artwork","12":"product_tag-diwali_gift","13":"product_tag-indian_wedding","14":"product_tag-travel_gift","15":"product_tag-travel_lover_gift","17":"first","18":"instock","19":"taxable","20":"shipping-taxable","21":"purchasable","22":"product-type-simple"},"acf":[],"wcpa_form_fields":null,"_links":{"self":[{"href":"https:\/\/www.customywear.com\/pl\/wp-json\/wp\/v2\/product\/20690","targetHints":{"allow":["GET"]}}],"collection":[{"href":"https:\/\/www.customywear.com\/pl\/wp-json\/wp\/v2\/product"}],"about":[{"href":"https:\/\/www.customywear.com\/pl\/wp-json\/wp\/v2\/types\/product"}],"replies":[{"embeddable":true,"href":"https:\/\/www.customywear.com\/pl\/wp-json\/wp\/v2\/comments?post=20690"}],"wp:featuredmedia":[{"embeddable":true,"href":"https:\/\/www.customywear.com\/pl\/wp-json\/wp\/v2\/media\/142871"}],"wp:attachment":[{"href":"https:\/\/www.customywear.com\/pl\/wp-json\/wp\/v2\/media?parent=20690"}],"wp:term":[{"taxonomy":"product_brand","embeddable":true,"href":"https:\/\/www.customywear.com\/pl\/wp-json\/wp\/v2\/product_brand?post=20690"},{"taxonomy":"product_cat","embeddable":true,"href":"https:\/\/www.customywear.com\/pl\/wp-json\/wp\/v2\/product_cat?post=20690"},{"taxonomy":"product_tag","embeddable":true,"href":"https:\/\/www.customywear.com\/pl\/wp-json\/wp\/v2\/product_tag?post=20690"}],"curies":[{"name":"wp","href":"https:\/\/api.w.org\/{rel}","templated":true}]}}