{"id":20691,"date":"2023-07-28T13:39:40","date_gmt":"2023-07-28T13:39:40","guid":{"rendered":"https:\/\/www.customywear.com\/?post_type=product&#038;p=20691"},"modified":"2026-05-05T20:24:11","modified_gmt":"2026-05-05T20:24:11","slug":"niestandardowa-tradycyjna-indyjska-koszulka","status":"publish","type":"product","link":"https:\/\/www.customywear.com\/pl\/custom-traditional-indian-dress-t-shirt\/","title":{"rendered":"Custom Taj Mahal travel T-Shirt &#8211; Personalized India traveller t-shirts"},"content":{"rendered":"<p>Wyrusz w kulturaln\u0105 podr\u00f3\u017c z nasz\u0105 urzekaj\u0105c\u0105 koszulk\u0105 Custom Traditional Indian Dress T-Shirt. Dzi\u0119ki naszemu eksperckiemu kunsztowi i wysokiej jako\u015bci projektowi wektorowemu Twoje zdj\u0119cie jest p\u0142ynnie zintegrowane z wykwintnym portretem Ciebie w eleganckim tradycyjnym indyjskim stroju. Ta spersonalizowana koszulka oddaje ho\u0142d pi\u0119knu indyjskiej sztuki i stanowi idealny prezent dla pasjonat\u00f3w podr\u00f3\u017cy. Nasi wykwalifikowani rzemie\u015blnicy wykorzystuj\u0105 Adobe Illustrator i Adobe Photoshop, aby stworzy\u0107 \u017cywy i realistyczny portret wektorowy, uchwycaj\u0105cy ka\u017cdy misterny szczeg\u00f3\u0142 tradycyjnego indyjskiego stroju. Niezale\u017cnie od tego, czy zdecydujesz si\u0119 na koszulk\u0119 z kr\u00f3tkim czy d\u0142ugim r\u0119kawem, to unisexowe arcydzie\u0142o jest przeznaczone dla wszystkich grup wiekowych \u2013 doros\u0142ych, m\u0142odzie\u017cy, dzieci i maluch\u00f3w. To nie tylko zwyk\u0142a koszulka, ale tak\u017ce p\u0142\u00f3tno, kt\u00f3re uciele\u015bnia Twoj\u0105 mi\u0142o\u015b\u0107 do eksploracji kulturowej i globalnych do\u015bwiadcze\u0144. Podnie\u015b poziom swojej gry na koszulce, personalizuj\u0105c ten projekt r\u00f3\u017cnorodnymi twarzami ludzi i zwierz\u0105t. Nasza najnowocze\u015bniejsza technologia druku DTG zapewnia \u017cywe kolory i trwa\u0142\u0105 jako\u015b\u0107. Zanurz si\u0119 w uroku indyjskiego dziedzictwa, z dum\u0105 prezentuj\u0105c swoje powi\u0105zanie ze sztuk\u0105 i tradycjami tego kraju. Odkryj szereg podobnych projekt\u00f3w, kt\u00f3re oddaj\u0105 ho\u0142d r\u00f3\u017cnym kulturom i nami\u0119tno\u015bciom. Niech Twoja garderoba m\u00f3wi wiele o Twojej mi\u0142o\u015bci do podr\u00f3\u017cy i docenianiu globalnej r\u00f3\u017cnorodno\u015bci dzi\u0119ki tej spersonalizowanej koszulce, kt\u00f3ra oddaje ducha bogatej indyjskiej gobelinowej kultury.<\/p>","protected":false},"excerpt":{"rendered":"<p>\u015awi\u0119tuj kultur\u0119 za pomoc\u0105 niestandardowej tradycyjnej indyjskiej koszulki sukienki. Spersonalizowana koszulka fotograficzna dla entuzjast\u00f3w podr\u00f3\u017cy zamienia ka\u017cde zdj\u0119cie w wyj\u0105tkow\u0105, inspirowan\u0105 kultur\u0105 koszulk\u0119.<\/p>","protected":false},"featured_media":142864,"comment_status":"open","ping_status":"closed","template":"","meta":{"_acf_changed":false},"product_brand":[],"product_cat":[6195,6264,186,6345,6412,6428],"product_tag":[6433,2309,2314,6216,70,209],"class_list":{"0":"post-20691","1":"product","2":"type-product","3":"status-publish","4":"has-post-thumbnail","6":"product_cat-t-shirts-men","7":"product_cat-custom-gifts-indian-culture","8":"product_cat-men","9":"product_cat-mens-country-culture-t-shirts","10":"product_cat-photo-to-tees","11":"product_cat-translate-products","12":"product_tag-ai-artwork","13":"product_tag-diwali_gift","14":"product_tag-indian_wedding","15":"product_tag-mens-custom-t-shirts","16":"product_tag-travel_gift","17":"product_tag-travel_lover_gift","19":"first","20":"instock","21":"taxable","22":"shipping-taxable","23":"purchasable","24":"product-type-simple"},"acf":[],"wcpa_form_fields":null,"_links":{"self":[{"href":"https:\/\/www.customywear.com\/pl\/wp-json\/wp\/v2\/product\/20691","targetHints":{"allow":["GET"]}}],"collection":[{"href":"https:\/\/www.customywear.com\/pl\/wp-json\/wp\/v2\/product"}],"about":[{"href":"https:\/\/www.customywear.com\/pl\/wp-json\/wp\/v2\/types\/product"}],"replies":[{"embeddable":true,"href":"https:\/\/www.customywear.com\/pl\/wp-json\/wp\/v2\/comments?post=20691"}],"wp:featuredmedia":[{"embeddable":true,"href":"https:\/\/www.customywear.com\/pl\/wp-json\/wp\/v2\/media\/142864"}],"wp:attachment":[{"href":"https:\/\/www.customywear.com\/pl\/wp-json\/wp\/v2\/media?parent=20691"}],"wp:term":[{"taxonomy":"product_brand","embeddable":true,"href":"https:\/\/www.customywear.com\/pl\/wp-json\/wp\/v2\/product_brand?post=20691"},{"taxonomy":"product_cat","embeddable":true,"href":"https:\/\/www.customywear.com\/pl\/wp-json\/wp\/v2\/product_cat?post=20691"},{"taxonomy":"product_tag","embeddable":true,"href":"https:\/\/www.customywear.com\/pl\/wp-json\/wp\/v2\/product_tag?post=20691"}],"curies":[{"name":"wp","href":"https:\/\/api.w.org\/{rel}","templated":true}]}}