{"id":20702,"date":"2023-07-28T13:39:49","date_gmt":"2023-07-28T13:39:49","guid":{"rendered":"https:\/\/www.customywear.com\/?post_type=product&#038;p=20702"},"modified":"2026-05-13T19:50:35","modified_gmt":"2026-05-13T19:50:35","slug":"spersonalizowane-japonskie-koszulki-dla-par","status":"publish","type":"product","link":"https:\/\/www.customywear.com\/pl\/personalized-japanese-couple-shirts\/","title":{"rendered":"Personalizowane japo\u0144skie koszulki dla par \u2013 spersonalizowane koszulki z portretami na rocznic\u0119"},"content":{"rendered":"<p>Podnie\u015b poziom prezent\u00f3w dzi\u0119ki naszym wykwintnym spersonalizowanym japo\u0144skim koszulkom dla par. Zanurz si\u0119 w uroku bogatego dziedzictwa Japonii, gdy przekszta\u0142cimy Twoje cenione zdj\u0119cia w urzekaj\u0105ce wektorowe portrety. Wyobra\u017a sobie siebie i swojego partnera w tradycyjnych japo\u0144skich strojach, tworz\u0105c ponadczasowy element, kt\u00f3ry uchwyca Wasz\u0105 histori\u0119 mi\u0142osn\u0105. Niezwyk\u0142y pomys\u0142 na prezent rocznicowy, kt\u00f3ry \u0142\u0105czy kultury i przekracza granice. Nasze skrupulatne rzemios\u0142o obejmuje wykorzystanie mocy Adobe Illustrator i Adobe Photoshop do tworzenia skomplikowanych wzor\u00f3w. Te spersonalizowane koszulki charakteryzuj\u0105 si\u0119 niezr\u00f3wnan\u0105 jako\u015bci\u0105 dzi\u0119ki naszej technologii drukowania DTG, zapewniaj\u0105c \u017cywe i d\u0142ugotrwa\u0142e wra\u017cenia. Przyjmij ten unisexowy cud, dost\u0119pny nie tylko dla doros\u0142ych, ale tak\u017ce dla m\u0142odych dusz \u2013 m\u0142odzie\u017cy, dzieci i maluch\u00f3w. Odkryj mn\u00f3stwo podobnych wzor\u00f3w, kt\u00f3re oddaj\u0105 istot\u0119 r\u00f3\u017cnorodnych kultur. \u015awi\u0119tuj jedno\u015b\u0107 w r\u00f3\u017cnorodno\u015bci, czyni\u0105c cenione wspomnienia namacalnymi dzi\u0119ki naszym spersonalizowanym japo\u0144skim koszulkom dla par. Niezale\u017cnie od tego, czy jeste\u015b doros\u0142ym, czy m\u0142odym poszukiwaczem przyg\u00f3d, nasze koszulki przetrwaj\u0105 pokolenia, b\u0119d\u0105c \u015bwiadectwem waszej wsp\u00f3lnej podr\u00f3\u017cy. Ciesz si\u0119 ka\u017cdym u\u015bmiechem, od doros\u0142ych po maluchy, poniewa\u017c zar\u00f3wno ludzkie, jak i zwierz\u0119ce twarze mog\u0105 zdobi\u0107 te szyte na miar\u0119 p\u0142\u00f3tna. Odkryj sztuk\u0119 spersonalizowanego obdarowywania, w kt\u00f3rej twoje chwile s\u0105 wplatane w tkanin\u0119, uciele\u015bniaj\u0105c ducha wsp\u00f3lnoty.<\/p>","protected":false},"excerpt":{"rendered":"<p>Szanuj mi\u0142o\u015b\u0107 i tradycj\u0119 dzi\u0119ki spersonalizowanym japo\u0144skim koszulom parowym. Niestandardowe koszulki portretowe na rocznic\u0119 Zamie\u0144 swoje zdj\u0119cia w wyj\u0105tkowe, dopasowane koszulki.<\/p>","protected":false},"featured_media":143903,"comment_status":"open","ping_status":"closed","template":"","meta":{"_acf_changed":false},"product_brand":[],"product_cat":[6197,6368,2341,6412,6428],"product_tag":[6440,566,2342,555,2345,968],"class_list":{"0":"post-20702","1":"product","2":"type-product","3":"status-publish","4":"has-post-thumbnail","6":"product_cat-t-shirts-couple","7":"product_cat-couples-culture-country-t-shirts","8":"product_cat-custom-gifts-japanese-tradition","9":"product_cat-photo-to-tees","10":"product_cat-translate-products","11":"product_tag-ai-artwork-couple","12":"product_tag-anniversary_gift","13":"product_tag-custom-arts-japanese","14":"product_tag-harajuku_shirt","15":"product_tag-kpop_shirt","16":"product_tag-mr_and_mrs_shirt","18":"first","19":"instock","20":"taxable","21":"shipping-taxable","22":"purchasable","23":"product-type-simple"},"acf":[],"wcpa_form_fields":null,"_links":{"self":[{"href":"https:\/\/www.customywear.com\/pl\/wp-json\/wp\/v2\/product\/20702","targetHints":{"allow":["GET"]}}],"collection":[{"href":"https:\/\/www.customywear.com\/pl\/wp-json\/wp\/v2\/product"}],"about":[{"href":"https:\/\/www.customywear.com\/pl\/wp-json\/wp\/v2\/types\/product"}],"replies":[{"embeddable":true,"href":"https:\/\/www.customywear.com\/pl\/wp-json\/wp\/v2\/comments?post=20702"}],"wp:featuredmedia":[{"embeddable":true,"href":"https:\/\/www.customywear.com\/pl\/wp-json\/wp\/v2\/media\/143903"}],"wp:attachment":[{"href":"https:\/\/www.customywear.com\/pl\/wp-json\/wp\/v2\/media?parent=20702"}],"wp:term":[{"taxonomy":"product_brand","embeddable":true,"href":"https:\/\/www.customywear.com\/pl\/wp-json\/wp\/v2\/product_brand?post=20702"},{"taxonomy":"product_cat","embeddable":true,"href":"https:\/\/www.customywear.com\/pl\/wp-json\/wp\/v2\/product_cat?post=20702"},{"taxonomy":"product_tag","embeddable":true,"href":"https:\/\/www.customywear.com\/pl\/wp-json\/wp\/v2\/product_tag?post=20702"}],"curies":[{"name":"wp","href":"https:\/\/api.w.org\/{rel}","templated":true}]}}