{"id":20724,"date":"2023-07-28T13:40:09","date_gmt":"2023-07-28T13:40:09","guid":{"rendered":"https:\/\/www.customywear.com\/?post_type=product&#038;p=20724"},"modified":"2026-05-13T19:50:35","modified_gmt":"2026-05-13T19:50:35","slug":"niestandardowe-koreanskie-koszulki-dla-par","status":"publish","type":"product","link":"https:\/\/www.customywear.com\/pl\/custom-korean-couples-tees\/","title":{"rendered":"Spersonalizowane korea\u0144skie koszulki dla par \u2013 spersonalizowany korea\u0144ski tradycyjny prezent"},"content":{"rendered":"<p>Zanurz si\u0119 w pi\u0119knie kulturowym dzi\u0119ki naszym niestandardowym korea\u0144skim koszulkom dla par, spersonalizowanym skarbom, kt\u00f3re oddaj\u0105 ho\u0142d urokowi korea\u0144skich tradycji. Twoje zdj\u0119cia s\u0105 fachowo przekszta\u0142cane w urzekaj\u0105ce portrety wektorowe przy u\u017cyciu programu Adobe Illustrator, przedstawiaj\u0105ce Ciebie i Twojego partnera w wykwintnych korea\u0144skich strojach tradycyjnych. Ta niestandardowa koszulka jest najlepszym prezentem dla tych, kt\u00f3rzy obejmuj\u0105 r\u00f3\u017cne kultury, co czyni j\u0105 przemy\u015blanym wyborem dla najlepszych przyjaci\u00f3\u0142, entuzjast\u00f3w korea\u0144skich lub ka\u017cdego, kogo oczaruje urok Korei. Nasz proces projektowania obejmuje skrupulatn\u0105 dba\u0142o\u015b\u0107 o szczeg\u00f3\u0142y, wykorzystuj\u0105c zar\u00f3wno program Adobe Illustrator, jak i Adobe Photoshop, aby stworzy\u0107 prawdziwe arcydzie\u0142o. Wykorzystuj\u0105c najnowocze\u015bniejszy druk DTG, te koszulki prezentuj\u0105 wysokiej jako\u015bci grafik\u0119 wektorow\u0105, kt\u00f3ra jest wizualnie osza\u0142amiaj\u0105ca i zaprojektowana tak, aby przetrwa\u0142a. Dzi\u0119ki opcjom dost\u0119pnym dla doros\u0142ych, m\u0142odzie\u017cy, dzieci i ma\u0142ych dzieci, ten projekt jest przeznaczony dla ka\u017cdej grupy wiekowej, zapewniaj\u0105c idealne dopasowanie do ka\u017cdej osoby kochaj\u0105cej kultur\u0119. Odkryj potencja\u0142 personalizacji, dodaj\u0105c twarze zar\u00f3wno ludzi, jak i ukochanych zwierz\u0105t domowych. Nasza kolekcja obejmuje r\u00f3\u017cnorodne wzory, z kt\u00f3rych ka\u017cdy oddaje istot\u0119 doceniania kultury i wsp\u00f3lnych zainteresowa\u0144. \u015awi\u0119tuj przyja\u017anie, \u015bwi\u0119tuj specjalne okazje lub po prostu wyra\u017a swoj\u0105 mi\u0142o\u015b\u0107 do pi\u0119kna korea\u0144skich tradycji za pomoc\u0105 dzie\u0142a sztuki, kt\u00f3re rezonuje z Twoj\u0105 wyj\u0105tkow\u0105 podr\u00f3\u017c\u0105. Rozkoszuj si\u0119 rado\u015bci\u0105 obdarowywania spersonalizowanymi koszulkami, kt\u00f3re celebruj\u0105 r\u00f3\u017cnorodno\u015b\u0107, dziedzictwo i pi\u0119kno przyjmowania r\u00f3\u017cnych kultur.<\/p>","protected":false},"excerpt":{"rendered":"<p>\u015awi\u0119tuj korea\u0144skie dziedzictwo z niestandardowymi koszulami korea\u0144skich par. Spersonalizowane korea\u0144skie tradycyjne prezenty przekszta\u0142caj\u0105 Twoje zdj\u0119cia w wyj\u0105tkowe, dopasowane koszulki.<\/p>","protected":false},"featured_media":143923,"comment_status":"open","ping_status":"closed","template":"","meta":{"_acf_changed":false},"product_brand":[],"product_cat":[6197,6368,2421,6412,6428],"product_tag":[6440,2422,352,2345,968],"class_list":{"0":"post-20724","1":"product","2":"type-product","3":"status-publish","4":"has-post-thumbnail","6":"product_cat-t-shirts-couple","7":"product_cat-couples-culture-country-t-shirts","8":"product_cat-custom-gifts-korean-culture","9":"product_cat-photo-to-tees","10":"product_cat-translate-products","11":"product_tag-ai-artwork-couple","12":"product_tag-custom-arts-korean","13":"product_tag-honeymoon_shirt","14":"product_tag-kpop_shirt","15":"product_tag-mr_and_mrs_shirt","17":"first","18":"instock","19":"taxable","20":"shipping-taxable","21":"purchasable","22":"product-type-simple"},"acf":[],"wcpa_form_fields":null,"_links":{"self":[{"href":"https:\/\/www.customywear.com\/pl\/wp-json\/wp\/v2\/product\/20724","targetHints":{"allow":["GET"]}}],"collection":[{"href":"https:\/\/www.customywear.com\/pl\/wp-json\/wp\/v2\/product"}],"about":[{"href":"https:\/\/www.customywear.com\/pl\/wp-json\/wp\/v2\/types\/product"}],"replies":[{"embeddable":true,"href":"https:\/\/www.customywear.com\/pl\/wp-json\/wp\/v2\/comments?post=20724"}],"wp:featuredmedia":[{"embeddable":true,"href":"https:\/\/www.customywear.com\/pl\/wp-json\/wp\/v2\/media\/143923"}],"wp:attachment":[{"href":"https:\/\/www.customywear.com\/pl\/wp-json\/wp\/v2\/media?parent=20724"}],"wp:term":[{"taxonomy":"product_brand","embeddable":true,"href":"https:\/\/www.customywear.com\/pl\/wp-json\/wp\/v2\/product_brand?post=20724"},{"taxonomy":"product_cat","embeddable":true,"href":"https:\/\/www.customywear.com\/pl\/wp-json\/wp\/v2\/product_cat?post=20724"},{"taxonomy":"product_tag","embeddable":true,"href":"https:\/\/www.customywear.com\/pl\/wp-json\/wp\/v2\/product_tag?post=20724"}],"curies":[{"name":"wp","href":"https:\/\/api.w.org\/{rel}","templated":true}]}}