{"id":20745,"date":"2023-07-28T13:40:31","date_gmt":"2023-07-28T13:40:31","guid":{"rendered":"https:\/\/www.customywear.com\/?post_type=product&#038;p=20745"},"modified":"2026-05-05T20:23:34","modified_gmt":"2026-05-05T20:23:34","slug":"spersonalizowane-zdjecie-syreny-na-koszulce-prezenty","status":"publish","type":"product","link":"https:\/\/www.customywear.com\/pl\/custom-mermaid-photo-shirt-gifts\/","title":{"rendered":"Zamie\u0144 swoje zdj\u0119cie w indywidualn\u0105 koszulk\u0119 Little Mermaid \u2013 Idealne prezenty dla Syreny"},"content":{"rendered":"<p>Zanurz si\u0119 w \u015bwiecie czar\u00f3w z nasz\u0105 spersonalizowan\u0105 koszulk\u0105 z syrenk\u0105, gdzie Twoje zdj\u0119cie przechodzi magiczn\u0105 metamorfoz\u0119 w urzekaj\u0105c\u0105 sztuk\u0119 portretu wektorowego. Zanurz siebie lub ukochan\u0105 osob\u0119 w uroku g\u0142\u0119bin oceanu, podczas gdy nasi utalentowani arty\u015bci tworz\u0105 wyj\u0105tkowy projekt, kt\u00f3ry przedstawia Ci\u0119 jako hipnotyzuj\u0105c\u0105 syren\u0119. Ta koszulka unisex z d\u0142ugim i kr\u00f3tkim r\u0119kawem to co\u015b wi\u0119cej ni\u017c tylko odzie\u017c; to dzie\u0142o sztuki, kt\u00f3re o\u017cywia Twoje marzenia o syrenie, dzi\u0119ki czemu jest idealnym prezentem dla mi\u0142o\u015bnik\u00f3w syren w ka\u017cdym wieku. Nasz proces tw\u00f3rczy wykorzystuje moc program\u00f3w Adobe Illustrator i Adobe Photoshop, przekszta\u0142caj\u0105c Twoje ukochane zdj\u0119cia w arcydzie\u0142o pasuj\u0105ce do g\u0142\u0119bin. Wykorzystuj\u0105c najnowocze\u015bniejsz\u0105 technologi\u0119 druku DTG, zapewniamy, \u017ce ka\u017cda koszulka mo\u017ce pochwali\u0107 si\u0119 wysokiej jako\u015bci grafik\u0105 wektorow\u0105, kt\u00f3ra jest tak \u017cywa, jak Twoja wyobra\u017ania. Nieograniczone wiekiem, te koszulki s\u0105 przeznaczone dla zr\u00f3\u017cnicowanej publiczno\u015bci, oferuj\u0105c rozmiary dla doros\u0142ych, m\u0142odzie\u017cy, dzieci, a nawet najmniejszych syren - maluch\u00f3w. Zr\u00f3b furor\u0119 dzi\u0119ki spersonalizowanemu akcentowi, kt\u00f3ry po\u0142\u0105czy Twoje podobie\u0144stwo z mistyk\u0105 \u015bwiata syren. Uwolnij swoj\u0105 wewn\u0119trzn\u0105 syren\u0119 morsk\u0105 i rozkoszuj si\u0119 pi\u0119knem szytej na miar\u0119 mody. Niezale\u017cnie od tego, czy \u015bwi\u0119tujesz urodziny, czy po prostu oddajesz si\u0119 swojej mi\u0142o\u015bci do syren, nasza kolekcja pe\u0142na jest podobnych, budz\u0105cych podziw projekt\u00f3w, kt\u00f3re czekaj\u0105 na Twoje odkrycie. Podnie\u015b poziom swojej garderoby i zanurz si\u0119 w morzu kreatywno\u015bci dzi\u0119ki naszym spersonalizowanym koszulkom z syrenami \u2013 skarbnicy artyzmu i wyobra\u017ani.<\/p>","protected":false},"excerpt":{"rendered":"<p>Tw\u00f3rz fale za pomoc\u0105 niestandardowej koszulki Ma\u0142ej Syrenki. Przekszta\u0142\u0107 swoje zdj\u0119cie w idealny prezent dla syreny dzi\u0119ki kapry\u015bnej, jedynej w swoim rodzaju koszulce.<\/p>","protected":false},"featured_media":142997,"comment_status":"open","ping_status":"closed","template":"","meta":{"_acf_changed":false},"product_brand":[],"product_cat":[6191,1615,6412,6428,6375],"product_tag":[6433,1616,352,1617,1618,2457,112],"class_list":{"0":"post-20745","1":"product","2":"type-product","3":"status-publish","4":"has-post-thumbnail","6":"product_cat-t-shirts-women","7":"product_cat-custom-gifts-mermaid","8":"product_cat-photo-to-tees","9":"product_cat-translate-products","10":"product_cat-womens-animal-t-shirts","11":"product_tag-ai-artwork","12":"product_tag-custom-arts-mermaid","13":"product_tag-honeymoon_shirt","14":"product_tag-mermaid_gifts","15":"product_tag-mermaid_shirt","16":"product_tag-ocean_shirt","17":"product_tag-women","19":"first","20":"instock","21":"taxable","22":"shipping-taxable","23":"purchasable","24":"product-type-simple"},"acf":[],"wcpa_form_fields":null,"_links":{"self":[{"href":"https:\/\/www.customywear.com\/pl\/wp-json\/wp\/v2\/product\/20745","targetHints":{"allow":["GET"]}}],"collection":[{"href":"https:\/\/www.customywear.com\/pl\/wp-json\/wp\/v2\/product"}],"about":[{"href":"https:\/\/www.customywear.com\/pl\/wp-json\/wp\/v2\/types\/product"}],"replies":[{"embeddable":true,"href":"https:\/\/www.customywear.com\/pl\/wp-json\/wp\/v2\/comments?post=20745"}],"wp:featuredmedia":[{"embeddable":true,"href":"https:\/\/www.customywear.com\/pl\/wp-json\/wp\/v2\/media\/142997"}],"wp:attachment":[{"href":"https:\/\/www.customywear.com\/pl\/wp-json\/wp\/v2\/media?parent=20745"}],"wp:term":[{"taxonomy":"product_brand","embeddable":true,"href":"https:\/\/www.customywear.com\/pl\/wp-json\/wp\/v2\/product_brand?post=20745"},{"taxonomy":"product_cat","embeddable":true,"href":"https:\/\/www.customywear.com\/pl\/wp-json\/wp\/v2\/product_cat?post=20745"},{"taxonomy":"product_tag","embeddable":true,"href":"https:\/\/www.customywear.com\/pl\/wp-json\/wp\/v2\/product_tag?post=20745"}],"curies":[{"name":"wp","href":"https:\/\/api.w.org\/{rel}","templated":true}]}}