{"id":20762,"date":"2023-07-28T13:40:45","date_gmt":"2023-07-28T13:40:45","guid":{"rendered":"https:\/\/www.customywear.com\/?post_type=product&#038;p=20762"},"modified":"2026-05-05T20:24:10","modified_gmt":"2026-05-05T20:24:10","slug":"personalizowana-koszulka-syrena-dla-niego","status":"publish","type":"product","link":"https:\/\/www.customywear.com\/pl\/custom-mermaid-shirt-for-him\/","title":{"rendered":"Z\u0142ap swoj\u0105 mi\u0142o\u015b\u0107 pod falami: spersonalizowana koszulka z motywem syreny dla niego"},"content":{"rendered":"<p>Rozbud\u017a fal\u0119 romansu z naszym <strong>Z\u0142ap swoj\u0105 mi\u0142o\u015b\u0107 pod falami: spersonalizowana koszulka z motywem syreny dla niego<\/strong>. \u200d\u2642\ufe0f Zanurz si\u0119 w \u015bwiecie fantazji, gdy my fachowo <strong>przekszta\u0142\u0107 swoje zdj\u0119cia w urzekaj\u0105ce wektorowe portrety<\/strong>, przedstawiaj\u0105cy Ciebie i Twoj\u0105 ukochan\u0105 jako syreny ta\u0144cz\u0105ce pod powierzchni\u0105 oceanu. Ta spersonalizowana koszulka to szczery prezent dla mi\u0142o\u015bnik\u00f3w oceanu, oddaj\u0105cy istot\u0119 Waszego zwi\u0105zku w artystycznych szczeg\u00f3\u0142ach. Nasi wykwalifikowani rzemie\u015blnicy pos\u0142uguj\u0105 si\u0119 magi\u0105 Adobe Illustrator i Adobe Photoshop, zapewniaj\u0105c, \u017ce Twoja wizja zostanie skrupulatnie urzeczywistniona. Efekt? <strong>wysokiej jako\u015bci grafika wektorowa<\/strong> arcydzie\u0142o, starannie wydrukowane przy u\u017cyciu zaawansowanej technologii DTG. \u017bywe i ponadczasowe, te kolory odzwierciedlaj\u0105 pi\u0119kno samego morza. Przekonaj si\u0119 o uroku naszych koszulek unisex, dostosowanych do ka\u017cdego wieku \u2013 od doros\u0142ych po maluchy. Harmonijne po\u0142\u0105czenie stylu i wygody zapewnia idealne dopasowanie do ka\u017cdego cz\u0142onka rodziny, w tym do Twoich futrzanych przyjaci\u00f3\u0142. Nasza kolekcja zawiera szereg urzekaj\u0105cych wzor\u00f3w, ka\u017cdy wykonany z tym samym po\u015bwi\u0119ceniem dla kreatywno\u015bci i precyzji. Dlaczego warto wybra\u0107 nasz\u0105 koszulk\u0119 Capture Your Love Under the Waves: Custom Mermaid Shirt for Him? <strong>Spersonalizowany romans:<\/strong> Przenie\u015b si\u0119 wraz ze swoim partnerem do podwodnego \u015bwiata i poznaj histori\u0119 swojej mi\u0142o\u015bci, kt\u00f3r\u0105 poznacie wcielaj\u0105c si\u0119 w syrenie towarzyszki pod falami. <strong>Nowe spojrzenie na sztuk\u0119:<\/strong> Nasi arty\u015bci wykorzystuj\u0105 najwy\u017cszej jako\u015bci narz\u0119dzia projektowe, aby uchwyci\u0107 istot\u0119 \u0142\u0105cz\u0105cej was wi\u0119zi i tworzy\u0107 misterne, wysokiej jako\u015bci grafiki wektorowe. <strong>Wieczna \u017bywo\u015b\u0107:<\/strong> Druk DTG gwarantuje \u017cywe i trwa\u0142e kolory, odzwierciedlaj\u0105ce ponadczasowy urok oceanu. <strong>Ponadczasowy urok:<\/strong> Nasze koszulki unisex zosta\u0142y zaprojektowane z my\u015bl\u0105 o osobach w ka\u017cdym wieku. Oferuj\u0105 one idealne po\u0142\u0105czenie wygody i stylu, odzwierciedlaj\u0105c nieprzemijaj\u0105c\u0105 magi\u0119 mi\u0142o\u015bci. <strong>Cenne obligacje:<\/strong> Od relacji mi\u0119dzyludzkich po cenne po\u0142\u0105czenie z ukochanymi zwierz\u0119tami, nasze projekty odzwierciedlaj\u0105 to, co najwa\u017cniejsze. Rozkoszuj si\u0119 magi\u0105 spersonalizowanej sztuki dzi\u0119ki naszej koszulce Capture Your Love Under the Waves: Custom Mermaid Shirt for Him. Podnie\u015b poziom swojej garderoby czarem morza i \u015bwi\u0119tuj swoje po\u0142\u0105czenie w stylu, kt\u00f3ry jest wyj\u0105tkowo Tw\u00f3j. Zanurz si\u0119 w naszej urzekaj\u0105cej kolekcji i pozw\u00f3l, aby Tw\u00f3j str\u00f3j sta\u0142 si\u0119 p\u0142\u00f3tnem dla Twoich najg\u0142\u0119bszych emocji. Rozpocznij swoj\u0105 spersonalizowan\u0105 podr\u00f3\u017c ju\u017c dzi\u015b.<\/p>","protected":false},"excerpt":{"rendered":"<p>Uchwy\u0107 swoj\u0105 mi\u0142o\u015b\u0107 pod falami za pomoc\u0105 niestandardowej koszuli syreny dla niego. Spersonalizowane koszulki zamieniaj\u0105 ka\u017cde zdj\u0119cie w wyj\u0105tkow\u0105, inspirowan\u0105 oceanem pami\u0105tk\u0119.<\/p>","protected":false},"featured_media":142990,"comment_status":"open","ping_status":"closed","template":"","meta":{"_acf_changed":false},"product_brand":[],"product_cat":[6195,1615,186,6343,6412,6428],"product_tag":[6433,1616,352,6216,1617,1618,2457],"class_list":{"0":"post-20762","1":"product","2":"type-product","3":"status-publish","4":"has-post-thumbnail","6":"product_cat-t-shirts-men","7":"product_cat-custom-gifts-mermaid","8":"product_cat-men","9":"product_cat-mens-anniversary-t-shirts","10":"product_cat-photo-to-tees","11":"product_cat-translate-products","12":"product_tag-ai-artwork","13":"product_tag-custom-arts-mermaid","14":"product_tag-honeymoon_shirt","15":"product_tag-mens-custom-t-shirts","16":"product_tag-mermaid_gifts","17":"product_tag-mermaid_shirt","18":"product_tag-ocean_shirt","20":"first","21":"instock","22":"taxable","23":"shipping-taxable","24":"purchasable","25":"product-type-simple"},"acf":[],"wcpa_form_fields":null,"_links":{"self":[{"href":"https:\/\/www.customywear.com\/pl\/wp-json\/wp\/v2\/product\/20762","targetHints":{"allow":["GET"]}}],"collection":[{"href":"https:\/\/www.customywear.com\/pl\/wp-json\/wp\/v2\/product"}],"about":[{"href":"https:\/\/www.customywear.com\/pl\/wp-json\/wp\/v2\/types\/product"}],"replies":[{"embeddable":true,"href":"https:\/\/www.customywear.com\/pl\/wp-json\/wp\/v2\/comments?post=20762"}],"wp:featuredmedia":[{"embeddable":true,"href":"https:\/\/www.customywear.com\/pl\/wp-json\/wp\/v2\/media\/142990"}],"wp:attachment":[{"href":"https:\/\/www.customywear.com\/pl\/wp-json\/wp\/v2\/media?parent=20762"}],"wp:term":[{"taxonomy":"product_brand","embeddable":true,"href":"https:\/\/www.customywear.com\/pl\/wp-json\/wp\/v2\/product_brand?post=20762"},{"taxonomy":"product_cat","embeddable":true,"href":"https:\/\/www.customywear.com\/pl\/wp-json\/wp\/v2\/product_cat?post=20762"},{"taxonomy":"product_tag","embeddable":true,"href":"https:\/\/www.customywear.com\/pl\/wp-json\/wp\/v2\/product_tag?post=20762"}],"curies":[{"name":"wp","href":"https:\/\/api.w.org\/{rel}","templated":true}]}}