{"id":20888,"date":"2023-07-28T13:42:41","date_gmt":"2023-07-28T13:42:41","guid":{"rendered":"https:\/\/www.customywear.com\/?post_type=product&#038;p=20888"},"modified":"2026-05-13T19:50:34","modified_gmt":"2026-05-13T19:50:34","slug":"koszulki-dla-par-do-biegania-na-zamowienie","status":"publish","type":"product","link":"https:\/\/www.customywear.com\/pl\/custom-running-couples-shirts\/","title":{"rendered":"Wykonane Na Zam\u00f3wienie T-Shirt Dla Biegaj\u0105cych Par | Spersonalizowany Prezent Dla Treningu"},"content":{"rendered":"<p>Krok w stron\u0119 sprawno\u015bci i jedno\u015bci z naszymi \u200d\u2642\ufe0f Niestandardowymi koszulkami dla par do biegania! Przekszta\u0142\u0107 uchwycone chwile w dynamiczn\u0105 sztuk\u0119, gdy Ty i Tw\u00f3j partner biegniecie obok siebie, o\u017cywieni przez starannie wykonan\u0105 sztuk\u0119 portretow\u0105 wektorow\u0105. Nasi wykwalifikowani arty\u015bci wykorzystuj\u0105 kreatywn\u0105 magi\u0119 Adobe Illustrator i Adobe Photoshop, aby uj\u0105\u0107 Twoj\u0105 determinacj\u0119 w motywuj\u0105cym i inspiruj\u0105cym projekcie. Ta wyj\u0105tkowa niestandardowa koszulka to nie tylko odzie\u017c; to szczere \u015bwi\u0119towanie zdrowia i jedno\u015bci. Podziel si\u0119 magi\u0105 swojej wi\u0119zi dzi\u0119ki projektowi dostosowanemu do Twojej historii, przedstawiaj\u0105cemu Ciebie i Twojego partnera jako dynamiczny duet na \u015bcie\u017cce dobrego samopoczucia. Najwa\u017cniejsze cechy produktu: \ufe0f Mistrzowskie artystyczne wektory: Twoje zdj\u0119cia ewoluuj\u0105 w urzekaj\u0105ce arcydzie\u0142a wektorowe. Wygoda uniseksualna: Ciesz si\u0119 stylem i wygod\u0105 odpowiednimi dla os\u00f3b w ka\u017cdym wieku i p\u0142ci. Z uwzgl\u0119dnieniem zwierz\u0105t: Dodaj uroczy akcent, prezentuj\u0105c swoich futrzanych towarzyszy. \ufe0f Precyzyjny druk DTG: Ciesz si\u0119 \u017cywymi, trwa\u0142ymi nadrukami, kt\u00f3re uchwyc\u0105 ka\u017cdy szczeg\u00f3\u0142. Atrakcyjno\u015b\u0107 dla wszystkich grup wiekowych: Od maluch\u00f3w po doros\u0142ych, nasze rozmiary s\u0105 odpowiednie dla ka\u017cdego cz\u0142onka rodziny. Najwy\u017cszej jako\u015bci wykonanie: Do\u015bwiadcz najwy\u017cszej jako\u015bci od pocz\u0105tku do ko\u0144ca projektu. Niesko\u0144czona kreatywno\u015b\u0107: Odkryj wi\u0119cej urzekaj\u0105cych wzor\u00f3w w naszej r\u00f3\u017cnorodnej kolekcji. \u015awi\u0119tuj kamienie milowe fitnessu, rocznice lub zaskocz swojego partnera upominkiem, kt\u00f3ry \u0142\u0105czy motywacj\u0119 i uczucie. Niezale\u017cnie od tego, czy upami\u0119tniasz specjaln\u0105 okazj\u0119, obdarowujesz innego entuzjast\u0119 fitnessu, czy po prostu wsp\u00f3lnie przyjmujesz zdrowy styl \u017cycia, nasze spersonalizowane koszulki do biegania dla par s\u0105 najlepszym wyborem. Dziel si\u0119 u\u015bmiechami, rozpalaj rozmowy i no\u015b swoj\u0105 wyj\u0105tkow\u0105 wi\u0119\u017a z dum\u0105, krocz\u0105c w stron\u0119 zdrowia i szcz\u0119\u015bcia. To nie jest po prostu koszulka; to symbol waszej wsp\u00f3lnej podr\u00f3\u017cy fitness, gotowy do noszenia i piel\u0119gnowania przez wszystkich!<\/p>","protected":false},"excerpt":{"rendered":"<p>Biegaj razem w niestandardowych koszulkach do biegania dla par. Spersonalizowane prezenty treningowe przekszta\u0142caj\u0105 Twoje zdj\u0119cia w dopasowane, jedyne w swoim rodzaju koszulki.<\/p>","protected":false},"featured_media":143963,"comment_status":"open","ping_status":"closed","template":"","meta":{"_acf_changed":false},"product_brand":[],"product_cat":[6197,6365,6369,3004,6412,6428],"product_tag":[6440,3005,1025,546,2213,1827],"class_list":{"0":"post-20888","1":"product","2":"type-product","3":"status-publish","4":"has-post-thumbnail","6":"product_cat-t-shirts-couple","7":"product_cat-couples-sports-t-shirts","8":"product_cat-couples-summer-t-shirts","9":"product_cat-custom-gifts-running-and-jogging","10":"product_cat-photo-to-tees","11":"product_cat-translate-products","12":"product_tag-ai-artwork-couple","13":"product_tag-custom-arts-running-jogging","14":"product_tag-funny_couples_shirts","15":"product_tag-gym","16":"product_tag-gym_gifts","17":"product_tag-workout_shirt","19":"first","20":"instock","21":"taxable","22":"shipping-taxable","23":"purchasable","24":"product-type-simple"},"acf":[],"wcpa_form_fields":null,"_links":{"self":[{"href":"https:\/\/www.customywear.com\/pl\/wp-json\/wp\/v2\/product\/20888","targetHints":{"allow":["GET"]}}],"collection":[{"href":"https:\/\/www.customywear.com\/pl\/wp-json\/wp\/v2\/product"}],"about":[{"href":"https:\/\/www.customywear.com\/pl\/wp-json\/wp\/v2\/types\/product"}],"replies":[{"embeddable":true,"href":"https:\/\/www.customywear.com\/pl\/wp-json\/wp\/v2\/comments?post=20888"}],"wp:featuredmedia":[{"embeddable":true,"href":"https:\/\/www.customywear.com\/pl\/wp-json\/wp\/v2\/media\/143963"}],"wp:attachment":[{"href":"https:\/\/www.customywear.com\/pl\/wp-json\/wp\/v2\/media?parent=20888"}],"wp:term":[{"taxonomy":"product_brand","embeddable":true,"href":"https:\/\/www.customywear.com\/pl\/wp-json\/wp\/v2\/product_brand?post=20888"},{"taxonomy":"product_cat","embeddable":true,"href":"https:\/\/www.customywear.com\/pl\/wp-json\/wp\/v2\/product_cat?post=20888"},{"taxonomy":"product_tag","embeddable":true,"href":"https:\/\/www.customywear.com\/pl\/wp-json\/wp\/v2\/product_tag?post=20888"}],"curies":[{"name":"wp","href":"https:\/\/api.w.org\/{rel}","templated":true}]}}