{"id":21035,"date":"2023-07-28T13:44:46","date_gmt":"2023-07-28T13:44:46","guid":{"rendered":"https:\/\/www.customywear.com\/?post_type=product&#038;p=21035"},"modified":"2026-05-05T20:23:32","modified_gmt":"2026-05-05T20:23:32","slug":"spersonalizowana-koszulka-do-jogi-damska","status":"publish","type":"product","link":"https:\/\/www.customywear.com\/pl\/personalized-yoga-shirt-women\/","title":{"rendered":"Spersonalizowana koszulka do jogi dla kobiet | Spersonalizowana koszulka z ilustracj\u0105 jogi"},"content":{"rendered":"<p>Wkrocz do \u015bwiata spokoju i samoekspresji z nasz\u0105 spersonalizowan\u0105 koszulk\u0105 do jogi dla kobiet. Wykorzystuj\u0105c Twoje zdj\u0119cie jako punkt odniesienia, nasi utalentowani arty\u015bci stworz\u0105 osza\u0142amiaj\u0105c\u0105 ilustracj\u0119 Ciebie uprawiaj\u0105cej jog\u0119, otoczonej pogodnym pi\u0119knem skrzyde\u0142 motyla i majestatycznymi g\u00f3rami. Ta spersonalizowana koszulka do jogi nie tylko pokazuje Twoj\u0105 pasj\u0119 do jogi, ale tak\u017ce celebruje Twoje po\u0142\u0105czenie z natur\u0105, dzi\u0119ki czemu jest to naprawd\u0119 jedyny w swoim rodzaju element, kt\u00f3ry odzwierciedla Tw\u00f3j wewn\u0119trzny spok\u00f3j i uwa\u017cno\u015b\u0107.<\/p>\n<p>Wykonana z najwy\u017csz\u0105 staranno\u015bci\u0105 i dba\u0142o\u015bci\u0105 o szczeg\u00f3\u0142y, nasza spersonalizowana koszulka do jogi jest idealnym prezentem dla mi\u0142o\u015bnik\u00f3w jogi i entuzjast\u00f3w fitnessu. Odkryj moc spersonalizowanej ekspresji siebie z mo\u017cliwo\u015bci\u0105 dodania dowolnej ludzkiej lub zwierz\u0119cej twarzy, dzi\u0119ki czemu ta koszulka stanie si\u0119 rozczulaj\u0105c\u0105 pami\u0105tk\u0105, kt\u00f3ra uchwyci Twoj\u0105 istot\u0119 i mi\u0142o\u015b\u0107 do jogi. Niezale\u017cnie od tego, czy jeste\u015b zapalonym praktykiem, czy pocz\u0105tkuj\u0105cym w swojej podr\u00f3\u017cy z jog\u0105, ta wysokiej jako\u015bci, unisexowa koszulka zapewnia wygod\u0119 i styl dla os\u00f3b w ka\u017cdym wieku, w tym doros\u0142ych, m\u0142odzie\u017cy, dzieci i maluch\u00f3w. Pozw\u00f3l naszemu zespo\u0142owi wykwalifikowanych artyst\u00f3w urzeczywistni\u0107 Twoje marzenia o jodze, od zwyk\u0142ego zdj\u0119cia po osza\u0142amiaj\u0105c\u0105 ilustracj\u0119, i przenie\u015b swoj\u0105 praktyk\u0119 jogi na nowe wy\u017cyny dzi\u0119ki naszej spersonalizowanej koszulce do jogi dla kobiet. Namaste.<\/p>","protected":false},"excerpt":{"rendered":"<p>Rozci\u0105gnij si\u0119 w stylu dzi\u0119ki spersonalizowanej koszulce do jogi dla kobiet. Niestandardowe koszulki z ilustracjami jogi zamieniaj\u0105 zdj\u0119cia w spokojne, wyj\u0105tkowe koszulki.<\/p>","protected":false},"featured_media":143226,"comment_status":"open","ping_status":"closed","template":"","meta":{"_acf_changed":false},"product_brand":[],"product_cat":[6191,6412,6428,6362,6248],"product_tag":[6214,6433,229,576,6215],"class_list":{"0":"post-21035","1":"product","2":"type-product","3":"status-publish","4":"has-post-thumbnail","6":"product_cat-t-shirts-women","7":"product_cat-photo-to-tees","8":"product_cat-translate-products","9":"product_cat-womens-yoga-t-shirts","10":"product_cat-yoga-gifts","11":"product_tag-affordable-custom-t-shirts","12":"product_tag-ai-artwork","13":"product_tag-custom-tee-shirts","14":"product_tag-cute-yoga-shirts","15":"product_tag-screen-printing-near-me","17":"first","18":"instock","19":"taxable","20":"shipping-taxable","21":"purchasable","22":"product-type-simple"},"acf":[],"wcpa_form_fields":null,"_links":{"self":[{"href":"https:\/\/www.customywear.com\/pl\/wp-json\/wp\/v2\/product\/21035","targetHints":{"allow":["GET"]}}],"collection":[{"href":"https:\/\/www.customywear.com\/pl\/wp-json\/wp\/v2\/product"}],"about":[{"href":"https:\/\/www.customywear.com\/pl\/wp-json\/wp\/v2\/types\/product"}],"replies":[{"embeddable":true,"href":"https:\/\/www.customywear.com\/pl\/wp-json\/wp\/v2\/comments?post=21035"}],"wp:featuredmedia":[{"embeddable":true,"href":"https:\/\/www.customywear.com\/pl\/wp-json\/wp\/v2\/media\/143226"}],"wp:attachment":[{"href":"https:\/\/www.customywear.com\/pl\/wp-json\/wp\/v2\/media?parent=21035"}],"wp:term":[{"taxonomy":"product_brand","embeddable":true,"href":"https:\/\/www.customywear.com\/pl\/wp-json\/wp\/v2\/product_brand?post=21035"},{"taxonomy":"product_cat","embeddable":true,"href":"https:\/\/www.customywear.com\/pl\/wp-json\/wp\/v2\/product_cat?post=21035"},{"taxonomy":"product_tag","embeddable":true,"href":"https:\/\/www.customywear.com\/pl\/wp-json\/wp\/v2\/product_tag?post=21035"}],"curies":[{"name":"wp","href":"https:\/\/api.w.org\/{rel}","templated":true}]}}