{"id":21083,"date":"2023-07-28T13:45:25","date_gmt":"2023-07-28T13:45:25","guid":{"rendered":"https:\/\/www.customywear.com\/?post_type=product&#038;p=21083"},"modified":"2026-05-07T15:29:55","modified_gmt":"2026-05-07T15:29:55","slug":"niestandardowa-japonska-koszulka-transform-photo-mlodziezowa-koszulka-japonska","status":"publish","type":"product","link":"https:\/\/www.customywear.com\/pl\/custom-japanese-tee-transform-photo-youth-japan-shirt\/","title":{"rendered":"Custom Japanese Tee for girls &#8211; your photo to Japan Shirt"},"content":{"rendered":"<p>Szukasz wyj\u0105tkowego i spersonalizowanego prezentu, kt\u00f3ry zrobi trwa\u0142e wra\u017cenie? Nie szukaj dalej! Przedstawiamy nasz\u0105 spersonalizowan\u0105 m\u0142odzie\u017cow\u0105 koszulk\u0119 z kr\u00f3tkim i d\u0142ugim r\u0119kawem, w kt\u00f3rej przekszta\u0142camy Twoje cenne zdj\u0119cie w osza\u0142amiaj\u0105c\u0105 grafik\u0119 wektorow\u0105, kt\u00f3ra wygl\u0105da tak, jakby Twoje dziecko nosi\u0142o tradycyjn\u0105 japo\u0144sk\u0105 sukienk\u0119. Dzi\u0119ki temu jest to idealny prezent dla mi\u0142o\u015bnik\u00f3w japo\u0144skiej lub azjatyckiej kultury w ka\u017cdym wieku. Jeste\u015bmy dumni z naszego kunsztu i u\u017cywamy wiod\u0105cego w bran\u017cy oprogramowania, w tym Adobe Illustrator i Adobe Photoshop, aby starannie rysowa\u0107 Twoje zdj\u0119cia i tworzy\u0107 ten wyj\u0105tkowy projekt. Zapewnia to wysokiej jako\u015bci grafik\u0119 wektorow\u0105, kt\u00f3ra uchwyca ka\u017cdy szczeg\u00f3\u0142 z precyzj\u0105. I nie martw si\u0119, nasz proces drukowania wykorzystuje technologi\u0119 drukowania DTG, aby uzyska\u0107 \u017cywe i trwa\u0142e kolory. Te koszulki s\u0105 dost\u0119pne nie tylko dla m\u0142odzie\u017cy, ale tak\u017ce w rozmiarach dla doros\u0142ych, dzieci, a nawet maluch\u00f3w! Wi\u0119c niezale\u017cnie od tego, czy chcesz zaskoczy\u0107 swoje dziecko na urodziny, czy uczci\u0107 specjaln\u0105 okazj\u0119, nasza spersonalizowana koszulka b\u0119dzie niezapomnianym i znacz\u0105cym prezentem. A co najlepsze? Mo\u017cesz spersonalizowa\u0107 te koszulki, wykorzystuj\u0105c twarze swoich bliskich, zar\u00f3wno ludzi, jak i zwierz\u0105t domowych. Zam\u00f3wienie jest proste i bezproblemowe. Wystarczy, \u017ce prze\u015blesz nam swoje ulubione zdj\u0119cie, a nasi utalentowani arty\u015bci wykonaj\u0105 swoj\u0105 magi\u0119, aby przekszta\u0142ci\u0107 je w dzie\u0142o sztuki. Je\u015bli masz jakie\u015b pytania lub potrzebujesz dalszej pomocy, nasz przyjazny zesp\u00f3\u0142 obs\u0142ugi klienta jest gotowy pom\u00f3c. Wi\u0119c na co czeka\u0107? Stw\u00f3rz niestandardow\u0105 japo\u0144sk\u0105 koszulk\u0119 ju\u017c dzi\u015b i o\u017cyw swoje zdj\u0119cia w naprawd\u0119 wyj\u0105tkowy spos\u00f3b.<\/p>","protected":false},"excerpt":{"rendered":"<p>Honorowa kultura za pomoc\u0105 niestandardowej japo\u0144skiej koszulki. Przekszta\u0142\u0107 swoje zdj\u0119cie w spersonalizowan\u0105 m\u0142odzie\u017cow\u0105 koszulk\u0119 z Japonii, aby uzyska\u0107 wyj\u0105tkow\u0105, jedyn\u0105 w swoim rodzaju koszulk\u0119.<\/p>","protected":false},"featured_media":142913,"comment_status":"open","ping_status":"closed","template":"","meta":{"_acf_changed":false},"product_brand":[],"product_cat":[6193,6157,6156,2341,6412,6428],"product_tag":[6433,6439,64,2342,67,557],"class_list":{"0":"post-21083","1":"product","2":"type-product","3":"status-publish","4":"has-post-thumbnail","6":"product_cat-girls-t-shirts","7":"product_cat-country","8":"product_cat-culture","9":"product_cat-custom-gifts-japanese-tradition","10":"product_cat-photo-to-tees","11":"product_cat-translate-products","12":"product_tag-ai-artwork","13":"product_tag-ai-kids-artwork","14":"product_tag-country_shirts","15":"product_tag-custom-arts-japanese","16":"product_tag-kids_birthday_shirt","17":"product_tag-manga_shirt","19":"first","20":"instock","21":"taxable","22":"shipping-taxable","23":"purchasable","24":"product-type-simple"},"acf":[],"wcpa_form_fields":null,"_links":{"self":[{"href":"https:\/\/www.customywear.com\/pl\/wp-json\/wp\/v2\/product\/21083","targetHints":{"allow":["GET"]}}],"collection":[{"href":"https:\/\/www.customywear.com\/pl\/wp-json\/wp\/v2\/product"}],"about":[{"href":"https:\/\/www.customywear.com\/pl\/wp-json\/wp\/v2\/types\/product"}],"replies":[{"embeddable":true,"href":"https:\/\/www.customywear.com\/pl\/wp-json\/wp\/v2\/comments?post=21083"}],"wp:featuredmedia":[{"embeddable":true,"href":"https:\/\/www.customywear.com\/pl\/wp-json\/wp\/v2\/media\/142913"}],"wp:attachment":[{"href":"https:\/\/www.customywear.com\/pl\/wp-json\/wp\/v2\/media?parent=21083"}],"wp:term":[{"taxonomy":"product_brand","embeddable":true,"href":"https:\/\/www.customywear.com\/pl\/wp-json\/wp\/v2\/product_brand?post=21083"},{"taxonomy":"product_cat","embeddable":true,"href":"https:\/\/www.customywear.com\/pl\/wp-json\/wp\/v2\/product_cat?post=21083"},{"taxonomy":"product_tag","embeddable":true,"href":"https:\/\/www.customywear.com\/pl\/wp-json\/wp\/v2\/product_tag?post=21083"}],"curies":[{"name":"wp","href":"https:\/\/api.w.org\/{rel}","templated":true}]}}