{"id":21124,"date":"2023-07-28T13:45:54","date_gmt":"2023-07-28T13:45:54","guid":{"rendered":"https:\/\/www.customywear.com\/?post_type=product&#038;p=21124"},"modified":"2026-05-07T15:29:52","modified_gmt":"2026-05-07T15:29:52","slug":"koszulka-dla-chlopca-perkusisty","status":"publish","type":"product","link":"https:\/\/www.customywear.com\/pl\/drummer-boy-t-shirt\/","title":{"rendered":"Koszulka z nadrukiem dla ch\u0142opca z perkusj\u0105 | Zmie\u0144 swoje zdj\u0119cie w spersonalizowan\u0105 koszulk\u0119 muzyczn\u0105"},"content":{"rendered":"<p>Przygotuj si\u0119 na wyst\u0119p na scenie z nasz\u0105 kreatywn\u0105 m\u0142odzie\u017cow\u0105 koszulk\u0105 z kr\u00f3tkim i d\u0142ugim r\u0119kawem! Wykorzystuj\u0105c zdj\u0119cie Twojego dziecka, nasi utalentowani arty\u015bci przekszta\u0142c\u0105 je w \u017cywy projekt wektorowy, kt\u00f3ry sprawi, \u017ce b\u0119dzie wygl\u0105da\u0107, jakby by\u0142o perkusist\u0105 graj\u0105cym na perkusji z ca\u0142\u0105 swoj\u0105 pasj\u0105 i energi\u0105. Ta spersonalizowana koszulka muzyczna to idealny inspiruj\u0105cy prezent dla ma\u0142ych dzieci, kt\u00f3re s\u0105 entuzjastami muzyki i kochaj\u0105 rytm! Wykorzystuj\u0105c moc program\u00f3w Adobe Illustrator i Adobe Photoshop, starannie stworzymy wysokiej jako\u015bci projekt, kt\u00f3ry uchwyci mi\u0142o\u015b\u0107 Twojego dziecka do muzyki. Nasza technologia drukowania DTG zapewnia, \u017ce \u200b\u200bprojekt jest drukowany z precyzj\u0105 i pozostanie \u017cywy przez d\u0142ugi czas. Te koszulki s\u0105 dost\u0119pne w stylu unisex, dzi\u0119ki czemu nadaj\u0105 si\u0119 dla doros\u0142ych, m\u0142odzie\u017cy, dzieci, a nawet maluch\u00f3w, kt\u00f3re chc\u0105 do\u0142\u0105czy\u0107 do zespo\u0142u! Przenie\u015b t\u0119 spersonalizowan\u0105 koszulk\u0119 na wy\u017cszy poziom, dodaj\u0105c do projektu twarz pupila Twojego dziecka lub innego cz\u0142onka rodziny. Dodaje to odrobin\u0119 personalizacji, dzi\u0119ki czemu prezent staje si\u0119 niezapomniany. Zam\u00f3wienie jest proste \u2013 po prostu prze\u015blij swoje zdj\u0119cie, a my zajmiemy si\u0119 reszt\u0105. Je\u015bli masz jakie\u015b pytania lub potrzebujesz pomocy, nasz oddany zesp\u00f3\u0142 obs\u0142ugi klienta jest tutaj, aby pom\u00f3c. Przygotuj si\u0119 na zanurzenie w \u015bwiecie muzyki z t\u0105 spersonalizowan\u0105 koszulk\u0105 dla ch\u0142opca-perkusisty! Zam\u00f3w teraz i pozw\u00f3l, aby pasja i talent Twojego dziecka zab\u0142ys\u0142y na jego nowej ulubionej koszulce.<\/p>","protected":false},"excerpt":{"rendered":"<p>Rozkoszuj si\u0119 niestandardow\u0105 koszulk\u0105 dla perkusisty. Przekszta\u0142\u0107 swoje zdj\u0119cie w spersonalizowan\u0105 koszulk\u0119 z muzyk\u0105, aby uzyska\u0107 zabawn\u0105, jedyn\u0105 w swoim rodzaju koszulk\u0119.<\/p>","protected":false},"featured_media":142698,"comment_status":"open","ping_status":"closed","template":"","meta":{"_acf_changed":false},"product_brand":[],"product_cat":[6189,1577,1582,6412,6428],"product_tag":[6433,6439,1578,65,73],"class_list":{"0":"post-21124","1":"product","2":"type-product","3":"status-publish","4":"has-post-thumbnail","6":"product_cat-boys-t-shirts","7":"product_cat-custom-gifts-drummers","8":"product_cat-music","9":"product_cat-photo-to-tees","10":"product_cat-translate-products","11":"product_tag-ai-artwork","12":"product_tag-ai-kids-artwork","13":"product_tag-gift_for_drummer","14":"product_tag-kid","15":"product_tag-youth-boy","17":"first","18":"instock","19":"taxable","20":"shipping-taxable","21":"purchasable","22":"product-type-simple"},"acf":[],"wcpa_form_fields":null,"_links":{"self":[{"href":"https:\/\/www.customywear.com\/pl\/wp-json\/wp\/v2\/product\/21124","targetHints":{"allow":["GET"]}}],"collection":[{"href":"https:\/\/www.customywear.com\/pl\/wp-json\/wp\/v2\/product"}],"about":[{"href":"https:\/\/www.customywear.com\/pl\/wp-json\/wp\/v2\/types\/product"}],"replies":[{"embeddable":true,"href":"https:\/\/www.customywear.com\/pl\/wp-json\/wp\/v2\/comments?post=21124"}],"wp:featuredmedia":[{"embeddable":true,"href":"https:\/\/www.customywear.com\/pl\/wp-json\/wp\/v2\/media\/142698"}],"wp:attachment":[{"href":"https:\/\/www.customywear.com\/pl\/wp-json\/wp\/v2\/media?parent=21124"}],"wp:term":[{"taxonomy":"product_brand","embeddable":true,"href":"https:\/\/www.customywear.com\/pl\/wp-json\/wp\/v2\/product_brand?post=21124"},{"taxonomy":"product_cat","embeddable":true,"href":"https:\/\/www.customywear.com\/pl\/wp-json\/wp\/v2\/product_cat?post=21124"},{"taxonomy":"product_tag","embeddable":true,"href":"https:\/\/www.customywear.com\/pl\/wp-json\/wp\/v2\/product_tag?post=21124"}],"curies":[{"name":"wp","href":"https:\/\/api.w.org\/{rel}","templated":true}]}}