{"id":21125,"date":"2023-07-28T13:45:54","date_gmt":"2023-07-28T13:45:54","guid":{"rendered":"https:\/\/www.customywear.com\/?post_type=product&#038;p=21125"},"modified":"2026-05-07T15:29:52","modified_gmt":"2026-05-07T15:29:52","slug":"spersonalizowana-koszulka-dla-perkusistki","status":"publish","type":"product","link":"https:\/\/www.customywear.com\/pl\/personalized-drummer-girl-shirt\/","title":{"rendered":"Personalizowana koszulka dla dziewczynki z perkusj\u0105 \u2013 spersonalizowana koszulka dla dzieci Rock n Roll"},"content":{"rendered":"<p>Rozpal w swoim dziecku pasj\u0119 do muzyki dzi\u0119ki naszym fascynuj\u0105cym <em>Spersonalizowana koszulka dla perkusistki<\/em>. Zanurz j\u0105 w rytmie rock n&#039; rolla, gdy przekszta\u0142cimy jej zdj\u0119cie w dynamiczn\u0105 grafik\u0119 wektorow\u0105 przy u\u017cyciu programu Adobe Illustrator, uchwytuj\u0105c istot\u0119 m\u0142odej perkusistki zanurzonej w muzyce. Ta spersonalizowana koszulka to harmonijny i inspiruj\u0105cy prezent dla pocz\u0105tkuj\u0105cych muzyk\u00f3w, kt\u00f3rzy maszeruj\u0105 w rytm w\u0142asnego b\u0119bna. Nasz skrupulatny proces projektowania gwarantuje dba\u0142o\u015b\u0107 o szczeg\u00f3\u0142y i kreatywn\u0105 ekspresj\u0119, wykorzystuj\u0105c moc programu Adobe Photoshop i technologii drukowania DTG. Rezultatem jest \u017cywa i wysokiej jako\u015bci koszulka unisex, dostosowana do m\u0142odzie\u017cy, dzieci i maluch\u00f3w, dzi\u0119ki czemu Twoje dziecko wyr\u00f3\u017cni si\u0119 stylem. Pozw\u00f3l jej kreatywno\u015bci zaj\u0105\u0107 centralne miejsce, gdy zaprezentuje swoj\u0105 pasj\u0119 do muzyki w swoim wyj\u0105tkowym i spersonalizowanym stroju z motywem perkusisty. Uczy\u0144 jej prezent naprawd\u0119 niezapomnianym, personalizuj\u0105c projekt twarzami wed\u0142ug jej wyboru, czy to jej w\u0142asnej twarzy, czy nawet ukochanego zwierzaka. Odkryj \u015bwiat muzyki i rytmu dzi\u0119ki dopasowanemu elementowi, kt\u00f3ry celebruje jej indywidualno\u015b\u0107. Niezale\u017cnie od tego, czy \u0107wiczy swoje rytmy, czy po prostu ta\u0144czy do ulubionych melodii, ta koszulka jest nieustannym przypomnieniem o sile samoekspresji i kreatywno\u015bci. Odkryj wi\u0119cej wzor\u00f3w i wzmacniaj jej mi\u0142o\u015b\u0107 do muzyki z ka\u017cdym za\u0142o\u017ceniem.<\/p>","protected":false},"excerpt":{"rendered":"<p>O\u017cyw muzyk\u0119 dzi\u0119ki spersonalizowanej koszulce perkusisty. Niestandardowe koszulki dla dzieci rock n roll zamieniaj\u0105 ka\u017cde zdj\u0119cie w zabawn\u0105, jedyn\u0105 w swoim rodzaju koszulk\u0119.<\/p>","protected":false},"featured_media":142705,"comment_status":"open","ping_status":"closed","template":"","meta":{"_acf_changed":false},"product_brand":[],"product_cat":[6193,1577,6412,6428],"product_tag":[6433,6439,1578,65,1583,156],"class_list":{"0":"post-21125","1":"product","2":"type-product","3":"status-publish","4":"has-post-thumbnail","6":"product_cat-girls-t-shirts","7":"product_cat-custom-gifts-drummers","8":"product_cat-photo-to-tees","9":"product_cat-translate-products","10":"product_tag-ai-artwork","11":"product_tag-ai-kids-artwork","12":"product_tag-gift_for_drummer","13":"product_tag-kid","14":"product_tag-music","15":"product_tag-youth-girl","17":"first","18":"instock","19":"taxable","20":"shipping-taxable","21":"purchasable","22":"product-type-simple"},"acf":[],"wcpa_form_fields":null,"_links":{"self":[{"href":"https:\/\/www.customywear.com\/pl\/wp-json\/wp\/v2\/product\/21125","targetHints":{"allow":["GET"]}}],"collection":[{"href":"https:\/\/www.customywear.com\/pl\/wp-json\/wp\/v2\/product"}],"about":[{"href":"https:\/\/www.customywear.com\/pl\/wp-json\/wp\/v2\/types\/product"}],"replies":[{"embeddable":true,"href":"https:\/\/www.customywear.com\/pl\/wp-json\/wp\/v2\/comments?post=21125"}],"wp:featuredmedia":[{"embeddable":true,"href":"https:\/\/www.customywear.com\/pl\/wp-json\/wp\/v2\/media\/142705"}],"wp:attachment":[{"href":"https:\/\/www.customywear.com\/pl\/wp-json\/wp\/v2\/media?parent=21125"}],"wp:term":[{"taxonomy":"product_brand","embeddable":true,"href":"https:\/\/www.customywear.com\/pl\/wp-json\/wp\/v2\/product_brand?post=21125"},{"taxonomy":"product_cat","embeddable":true,"href":"https:\/\/www.customywear.com\/pl\/wp-json\/wp\/v2\/product_cat?post=21125"},{"taxonomy":"product_tag","embeddable":true,"href":"https:\/\/www.customywear.com\/pl\/wp-json\/wp\/v2\/product_tag?post=21125"}],"curies":[{"name":"wp","href":"https:\/\/api.w.org\/{rel}","templated":true}]}}