{"id":21186,"date":"2023-07-28T13:46:37","date_gmt":"2023-07-28T13:46:37","guid":{"rendered":"https:\/\/www.customywear.com\/?post_type=product&#038;p=21186"},"modified":"2026-05-07T15:29:52","modified_gmt":"2026-05-07T15:29:52","slug":"spersonalizowana-koszulka-dla-milosnikow-golfa","status":"publish","type":"product","link":"https:\/\/www.customywear.com\/pl\/custom-golf-lover-tshirt\/","title":{"rendered":"Koszulka dla mi\u0142o\u015bnik\u00f3w golfa | Zdj\u0119cie na spersonalizowanej koszulce sportowej"},"content":{"rendered":"<p>Podnie\u015b styl swojego dziecka dzi\u0119ki naszej koszulce z nadrukiem \u201eGolf Lover\u201d. Zobacz, jak zdj\u0119cie Twojego dziecka zmienia si\u0119 w urzekaj\u0105cy portret wektorowy, kt\u00f3ry uchwyca istot\u0119 jego mi\u0142o\u015bci do sport\u00f3w na \u015bwie\u017cym powietrzu. Niezale\u017cnie od tego, czy Twoje dziecko jest entuzjast\u0105 golfa, czy po prostu lubi by\u0107 aktywne, ta koszulka to fantastyczny spos\u00f3b na pokazanie jego pasji. Korzystaj\u0105c z precyzji program\u00f3w Adobe Illustrator i Adobe Photoshop, nasi wykwalifikowani projektanci tworz\u0105 najwy\u017cszej klasy wektorow\u0105 interpretacj\u0119 wybranego obrazu. Najnowocze\u015bniejsza technika drukowania DTG zapewnia trwa\u0142e kolory i misterne detale. Ten wszechstronny i unisexowy projekt jest odpowiedni dla wszystkich grup wiekowych, od doros\u0142ych i m\u0142odzie\u017cy po dzieci, a nawet maluchy. \u015awi\u0119tuj ducha spersonalizowanej mody z odrobin\u0105 artyzmu. Nasza koszulka z nadrukiem \u201eGolf Lover\u201d to idealne p\u0142\u00f3tno do uwieczniania wspomnie\u0144. Asortyment obejmuje r\u00f3\u017cnorodn\u0105 kolekcj\u0119 wzor\u00f3w, wszystkie mo\u017cna dostosowa\u0107 do portret\u00f3w ludzi i zwierz\u0105t. Odkryj rado\u015b\u0107 noszenia sztuki i wyra\u017a sw\u00f3j wyj\u0105tkowy styl dzi\u0119ki tej jedynej w swoim rodzaju, wykonanej na zam\u00f3wienie koszulce. <strong>G\u0142\u00f3wne cechy:<\/strong><\/p>\n<ul>\n<li>Transformuj\u0105ca sztuka wektorowa z Twojego zdj\u0119cia<\/li>\n<li>Druk DTG zapewniaj\u0105cy trwa\u0142\u0105 trwa\u0142o\u015b\u0107<\/li>\n<li>Projekt unisex dla os\u00f3b w ka\u017cdym wieku<\/li>\n<li>Mo\u017cliwo\u015b\u0107 personalizacji portretami ludzi i zwierz\u0105t<\/li>\n<li>Dost\u0119pne dla doros\u0142ych, m\u0142odzie\u017cy, dzieci i niemowl\u0105t<\/li>\n<\/ul>\n<p>Prze\u017cyj dreszczyk emocji zwi\u0105zany z przekszta\u0142caniem chwil w arcydzie\u0142a do noszenia. Zam\u00f3w ju\u017c dzi\u015b koszulk\u0119 Custom Golf Lover T-Shirt i oddaj si\u0119 sztuce wyra\u017cania siebie i spersonalizowanego obdarowywania.<\/p>","protected":false},"excerpt":{"rendered":"<p>Tee off w stylu z niestandardow\u0105 koszulk\u0105 mi\u0142o\u015bnika golfa. Zdj\u0119cie do spersonalizowanych koszulek sportowych Przekszta\u0142\u0107 ka\u017cde zdj\u0119cie w jedyny w swoim rodzaju sportowy t-shirt.<\/p>","protected":false},"featured_media":142789,"comment_status":"open","ping_status":"closed","template":"","meta":{"_acf_changed":false},"product_brand":[],"product_cat":[6193,933,6412,6428],"product_tag":[6433,6439,934,937,938,2075,65,67,326,105,156],"class_list":{"0":"post-21186","1":"product","2":"type-product","3":"status-publish","4":"has-post-thumbnail","6":"product_cat-girls-t-shirts","7":"product_cat-custom-gifts-golf-players","8":"product_cat-photo-to-tees","9":"product_cat-translate-products","10":"product_tag-ai-artwork","11":"product_tag-ai-kids-artwork","12":"product_tag-birthday_shirt","13":"product_tag-golf","14":"product_tag-golf_gifts","15":"product_tag-golf_shirt","16":"product_tag-kid","17":"product_tag-kids_birthday_shirt","18":"product_tag-sports","19":"product_tag-summer_shirt","20":"product_tag-youth-girl","22":"first","23":"instock","24":"taxable","25":"shipping-taxable","26":"purchasable","27":"product-type-simple"},"acf":[],"wcpa_form_fields":null,"_links":{"self":[{"href":"https:\/\/www.customywear.com\/pl\/wp-json\/wp\/v2\/product\/21186","targetHints":{"allow":["GET"]}}],"collection":[{"href":"https:\/\/www.customywear.com\/pl\/wp-json\/wp\/v2\/product"}],"about":[{"href":"https:\/\/www.customywear.com\/pl\/wp-json\/wp\/v2\/types\/product"}],"replies":[{"embeddable":true,"href":"https:\/\/www.customywear.com\/pl\/wp-json\/wp\/v2\/comments?post=21186"}],"wp:featuredmedia":[{"embeddable":true,"href":"https:\/\/www.customywear.com\/pl\/wp-json\/wp\/v2\/media\/142789"}],"wp:attachment":[{"href":"https:\/\/www.customywear.com\/pl\/wp-json\/wp\/v2\/media?parent=21186"}],"wp:term":[{"taxonomy":"product_brand","embeddable":true,"href":"https:\/\/www.customywear.com\/pl\/wp-json\/wp\/v2\/product_brand?post=21186"},{"taxonomy":"product_cat","embeddable":true,"href":"https:\/\/www.customywear.com\/pl\/wp-json\/wp\/v2\/product_cat?post=21186"},{"taxonomy":"product_tag","embeddable":true,"href":"https:\/\/www.customywear.com\/pl\/wp-json\/wp\/v2\/product_tag?post=21186"}],"curies":[{"name":"wp","href":"https:\/\/api.w.org\/{rel}","templated":true}]}}