{"id":21198,"date":"2023-07-28T13:46:45","date_gmt":"2023-07-28T13:46:45","guid":{"rendered":"https:\/\/www.customywear.com\/?post_type=product&#038;p=21198"},"modified":"2026-05-05T20:24:09","modified_gmt":"2026-05-05T20:24:09","slug":"niestandardowa-koszulka-do-cwiczen-gimnastycznych-dla-mezczyzn","status":"publish","type":"product","link":"https:\/\/www.customywear.com\/pl\/custom-gymnastics-man-workout-t-shirt\/","title":{"rendered":"Koszulka treningowa dla m\u0119\u017cczyzn z nadrukiem Gymnastics \u2013 spersonalizowana koszulka do \u0107wicze\u0144"},"content":{"rendered":"<p>Ulepsz swoj\u0105 rutyn\u0119 treningow\u0105 dzi\u0119ki naszej wyj\u0105tkowej koszulce Custom Gymnastics Man Workout. Wykorzystuj\u0105c moc program\u00f3w Adobe Illustrator i Adobe Photoshop, przekszta\u0142cimy Twoje zdj\u0119cie w osza\u0142amiaj\u0105c\u0105 grafik\u0119, umieszczaj\u0105c Ci\u0119 na malowniczym tle pla\u017cy, podczas gdy wykonujesz orze\u017awiaj\u0105ce \u0107wiczenia. Ta spersonalizowana koszulka jest stworzona specjalnie dla entuzjast\u00f3w \u0107wicze\u0144, bywalc\u00f3w si\u0142owni i tych, kt\u00f3rzy lubi\u0105 aktywny tryb \u017cycia.<\/p>\n<p>Prze\u017cyj po\u0142\u0105czenie stylu i sprawno\u015bci fizycznej dzi\u0119ki naszej spersonalizowanej koszulce treningowej. Ten wz\u00f3r oddaje istot\u0119 Twojego oddania \u0107wiczeniom, dzi\u0119ki czemu jest idealnym prezentem dla m\u0119\u017cczyzn, kt\u00f3rzy doceniaj\u0105 sztuk\u0119 ruchu. Opr\u00f3cz tego, \u017ce jest towarzyszem na si\u0142owni, jest to wszechstronny element, kt\u00f3ry rezonuje z urodzinami o tematyce \u0107wicze\u0144, rocznicami \u0107wicze\u0144 i nie tylko.<\/p>\n<p>Nasze koszulki z nadrukiem DTG charakteryzuj\u0105 si\u0119 wysokiej jako\u015bci grafik\u0105 wektorow\u0105, zapewniaj\u0105c \u017cywe i trwa\u0142e wzory. Dost\u0119pne w stylach unisex, nasze koszulki s\u0105 przeznaczone dla doros\u0142ych, m\u0142odzie\u017cy, dzieci, a nawet maluch\u00f3w. Ulepsz sw\u00f3j sprz\u0119t do \u0107wicze\u0144 dzi\u0119ki osobistemu akcentowi, integruj\u0105c twarze ludzi i zwierz\u0105t w projekcie, tworz\u0105c wizualn\u0105 reprezentacj\u0119 swojej pasji do fitnessu. Odkryj szereg opcji i wykorzystaj okazj\u0119, aby z dum\u0105 nosi\u0107 swoje zaanga\u017cowanie.<\/p>","protected":false},"excerpt":{"rendered":"<p>Trenuj w stylu z niestandardow\u0105 koszulk\u0105 treningow\u0105 gimnastyki cz\u0142owieka. Spersonalizowane koszulki do \u0107wicze\u0144 zamieniaj\u0105 zdj\u0119cia w odwa\u017cne projekty fitness.<\/p>","protected":false},"featured_media":143254,"comment_status":"open","ping_status":"closed","template":"","meta":{"_acf_changed":false},"product_brand":[],"product_cat":[6195,526,186,6337,6339,6412,310,6428],"product_tag":[6433,6217,6165,546,6216,326],"class_list":{"0":"post-21198","1":"product","2":"type-product","3":"status-publish","4":"has-post-thumbnail","6":"product_cat-t-shirts-men","7":"product_cat-gym-shirts","8":"product_cat-men","9":"product_cat-mens-gym-t-shirts","10":"product_cat-mens-sports-t-shirts","11":"product_cat-photo-to-tees","12":"product_cat-sports-shirts","13":"product_cat-translate-products","14":"product_tag-ai-artwork","15":"product_tag-custom-t-shirt","16":"product_tag-custom-gym-tees","17":"product_tag-gym","18":"product_tag-mens-custom-t-shirts","19":"product_tag-sports","21":"first","22":"instock","23":"taxable","24":"shipping-taxable","25":"purchasable","26":"product-type-simple"},"acf":[],"wcpa_form_fields":null,"_links":{"self":[{"href":"https:\/\/www.customywear.com\/pl\/wp-json\/wp\/v2\/product\/21198","targetHints":{"allow":["GET"]}}],"collection":[{"href":"https:\/\/www.customywear.com\/pl\/wp-json\/wp\/v2\/product"}],"about":[{"href":"https:\/\/www.customywear.com\/pl\/wp-json\/wp\/v2\/types\/product"}],"replies":[{"embeddable":true,"href":"https:\/\/www.customywear.com\/pl\/wp-json\/wp\/v2\/comments?post=21198"}],"wp:featuredmedia":[{"embeddable":true,"href":"https:\/\/www.customywear.com\/pl\/wp-json\/wp\/v2\/media\/143254"}],"wp:attachment":[{"href":"https:\/\/www.customywear.com\/pl\/wp-json\/wp\/v2\/media?parent=21198"}],"wp:term":[{"taxonomy":"product_brand","embeddable":true,"href":"https:\/\/www.customywear.com\/pl\/wp-json\/wp\/v2\/product_brand?post=21198"},{"taxonomy":"product_cat","embeddable":true,"href":"https:\/\/www.customywear.com\/pl\/wp-json\/wp\/v2\/product_cat?post=21198"},{"taxonomy":"product_tag","embeddable":true,"href":"https:\/\/www.customywear.com\/pl\/wp-json\/wp\/v2\/product_tag?post=21198"}],"curies":[{"name":"wp","href":"https:\/\/api.w.org\/{rel}","templated":true}]}}