{"id":21199,"date":"2023-07-28T13:46:46","date_gmt":"2023-07-28T13:46:46","guid":{"rendered":"https:\/\/www.customywear.com\/?post_type=product&#038;p=21199"},"modified":"2026-05-05T20:24:09","modified_gmt":"2026-05-05T20:24:09","slug":"koszulka-personalizowana-wszystkiego-najlepszego-mezczyzna","status":"publish","type":"product","link":"https:\/\/www.customywear.com\/pl\/custom-happy-birthday-man-shirt\/","title":{"rendered":"Spersonalizowana m\u0119ska koszulka z napisem \u201eWszystkiego najlepszego z okazji urodzin\u201d \u2013 spersonalizowany, zabawny prezent dla niego"},"content":{"rendered":"<p>Uczy\u0144 urodziny niezapomnianymi dzi\u0119ki naszej koszulce z nadrukiem Happy Birthday Man. Nasi eksperci u\u017cywaj\u0105 program\u00f3w Adobe Illustrator i Adobe Photoshop, aby stworzy\u0107 wektorow\u0105 grafik\u0119 portretow\u0105, kt\u00f3ra przedstawia Ci\u0119 \u015bwi\u0119tuj\u0105cego przed kolorowym tortem urodzinowym. Ta spersonalizowana koszulka to najlepszy zabawny i beztroski prezent, idealny dla Twojego ch\u0142opaka, taty, m\u0119\u017ca, brata i ka\u017cdego wyj\u0105tkowego m\u0119\u017cczyzny w Twoim \u017cyciu. Ciesz si\u0119 rado\u015bci\u0105 personalizacji dzi\u0119ki naszemu projektowi koszulki unisex dla doros\u0142ych z kr\u00f3tkim i d\u0142ugim r\u0119kawem. To nie jest po prostu koszulka; to wywo\u0142uj\u0105cy \u015bmiech element sztuki, kt\u00f3ry oddaje ducha \u015bwi\u0119towania. Niezale\u017cnie od tego, czy s\u0105 to urodziny z kamieniem milowym, czy dzie\u0144, kt\u00f3ry po prostu nale\u017cy uczci\u0107, ta koszulka dodaje odrobin\u0119 humoru i personalizacji do okazji. Nasz proces drukowania DTG zapewnia, \u017ce \u200b\u200bTw\u00f3j spersonalizowany projekt pozostaje \u017cywy i wysokiej jako\u015bci, prezentuj\u0105c mistern\u0105 sztuk\u0119 wektorow\u0105. Te wszechstronne koszulki s\u0105 przeznaczone dla doros\u0142ych, m\u0142odzie\u017cy, dzieci i ma\u0142ych dzieci, co czyni je idealnym wyborem dla szerokiego zakresu wieku. Podnie\u015b poziom \u015bmiechu i stw\u00f3rz niezapomnian\u0105 pami\u0105tk\u0119, w\u0142\u0105czaj\u0105c do projektu twarze ludzi i zwierz\u0105t. Odkryj \u015bwiat spersonalizowanych prezent\u00f3w z nieograniczonymi mo\u017cliwo\u015bciami projektowania i dziel si\u0119 rado\u015bci\u0105 urodzinow\u0105 jak nigdy dot\u0105d.<\/p>","protected":false},"excerpt":{"rendered":"<p>\u015awi\u0119tuj urodziny z niestandardow\u0105 koszulk\u0105 z okazji urodzin. Spersonalizowane zabawne prezenty dla niego zamieniaj\u0105 ka\u017cde zdj\u0119cie w wyj\u0105tkow\u0105, \u015bwi\u0105teczn\u0105 koszulk\u0119.<\/p>","protected":false},"featured_media":142573,"comment_status":"open","ping_status":"closed","template":"","meta":{"_acf_changed":false},"product_brand":[],"product_cat":[6195,496,6246,186,6342,6412,6428],"product_tag":[6433,498,6216,6219,6220],"class_list":{"0":"post-21199","1":"product","2":"type-product","3":"status-publish","4":"has-post-thumbnail","6":"product_cat-t-shirts-men","7":"product_cat-birthday","8":"product_cat-custom-gifts-birthday-party","9":"product_cat-men","10":"product_cat-mens-birthday-t-shirts","11":"product_cat-photo-to-tees","12":"product_cat-translate-products","13":"product_tag-ai-artwork","14":"product_tag-birthday","15":"product_tag-mens-custom-t-shirts","16":"product_tag-order-custom-shirts","17":"product_tag-t-shirt-printing-near-me","19":"first","20":"instock","21":"taxable","22":"shipping-taxable","23":"purchasable","24":"product-type-simple"},"acf":[],"wcpa_form_fields":null,"_links":{"self":[{"href":"https:\/\/www.customywear.com\/pl\/wp-json\/wp\/v2\/product\/21199","targetHints":{"allow":["GET"]}}],"collection":[{"href":"https:\/\/www.customywear.com\/pl\/wp-json\/wp\/v2\/product"}],"about":[{"href":"https:\/\/www.customywear.com\/pl\/wp-json\/wp\/v2\/types\/product"}],"replies":[{"embeddable":true,"href":"https:\/\/www.customywear.com\/pl\/wp-json\/wp\/v2\/comments?post=21199"}],"wp:featuredmedia":[{"embeddable":true,"href":"https:\/\/www.customywear.com\/pl\/wp-json\/wp\/v2\/media\/142573"}],"wp:attachment":[{"href":"https:\/\/www.customywear.com\/pl\/wp-json\/wp\/v2\/media?parent=21199"}],"wp:term":[{"taxonomy":"product_brand","embeddable":true,"href":"https:\/\/www.customywear.com\/pl\/wp-json\/wp\/v2\/product_brand?post=21199"},{"taxonomy":"product_cat","embeddable":true,"href":"https:\/\/www.customywear.com\/pl\/wp-json\/wp\/v2\/product_cat?post=21199"},{"taxonomy":"product_tag","embeddable":true,"href":"https:\/\/www.customywear.com\/pl\/wp-json\/wp\/v2\/product_tag?post=21199"}],"curies":[{"name":"wp","href":"https:\/\/api.w.org\/{rel}","templated":true}]}}