{"id":21200,"date":"2023-07-28T13:46:48","date_gmt":"2023-07-28T13:46:48","guid":{"rendered":"https:\/\/www.customywear.com\/?post_type=product&#038;p=21200"},"modified":"2026-05-05T20:23:30","modified_gmt":"2026-05-05T20:23:30","slug":"spersonalizowana-koszulka-urodzinowa-dla-kobiety","status":"publish","type":"product","link":"https:\/\/www.customywear.com\/pl\/custom-happy-birthday-woman-shirt\/","title":{"rendered":"Spersonalizowana koszulka urodzinowa dla kobiety \u2013 spersonalizowany, zabawny prezent dla niej"},"content":{"rendered":"<p>Uczy\u0144 jej urodziny niezwyk\u0142ymi dzi\u0119ki naszej spersonalizowanej koszulce Happy Birthday Woman. Nasi wykwalifikowani rzemie\u015blnicy wykorzystuj\u0105 Adobe Illustrator i Adobe Photoshop, aby stworzy\u0107 wektorow\u0105 grafik\u0119 portretow\u0105, kt\u00f3ra uchwyci istot\u0119 \u015bwi\u0119towania przed zachwycaj\u0105cym tortem urodzinowym. Ta spersonalizowana koszulka to szczery i zabawny prezent, idealny dla kobiet w ka\u017cdym wieku, czy to dla mamy, siostry, \u017cony, dziewczyny czy jakiejkolwiek wyj\u0105tkowej kobiety. Prze\u017cyj rado\u015b\u0107 personalizacji dzi\u0119ki naszemu projektowi koszulki unisex dla doros\u0142ych z kr\u00f3tkim r\u0119kawem i d\u0142ugim r\u0119kawem. To co\u015b wi\u0119cej ni\u017c tylko koszulka; to noszone wspomnienie, kt\u00f3re uciele\u015bnia ducha \u015bwi\u0119towania. Niezale\u017cnie od tego, czy s\u0105 to urodziny z kamieniem milowym, czy po prostu chwila, w kt\u00f3rej mo\u017cna si\u0119 rozkoszowa\u0107, ta koszulka dodaje odrobin\u0119 humoru i personalizacji do okazji. Nasz proces drukowania DTG gwarantuje \u017cywe i trwa\u0142e wzory, prezentuj\u0105c mistern\u0105 sztuk\u0119 wektorow\u0105 w ca\u0142ej okaza\u0142o\u015bci. Dost\u0119pne dla doros\u0142ych, m\u0142odzie\u017cy, dzieci i maluch\u00f3w, te wszechstronne koszulki s\u0105 przeznaczone dla os\u00f3b w r\u00f3\u017cnym wieku. Podnie\u015b rado\u015b\u0107 i stw\u00f3rz cenion\u0105 pami\u0105tk\u0119, w\u0142\u0105czaj\u0105c do projektu twarze ludzi i zwierz\u0105t. Ciesz si\u0119 \u015bwiatem spersonalizowanych prezent\u00f3w z mn\u00f3stwem opcji projektowych i dziel si\u0119 rado\u015bci\u0105 urodzinow\u0105 jak nigdy dot\u0105d.<\/p>","protected":false},"excerpt":{"rendered":"<p>Spraw, aby urodziny by\u0142y wyj\u0105tkowe dzi\u0119ki niestandardowej koszulce z okazji urodzin. Spersonalizowane zabawne prezenty dla niej przekszta\u0142caj\u0105 ka\u017cde zdj\u0119cie w jedyn\u0105 w swoim rodzaju koszulk\u0119.<\/p>","protected":false},"featured_media":142581,"comment_status":"open","ping_status":"closed","template":"","meta":{"_acf_changed":false},"product_brand":[],"product_cat":[6191,496,6246,6412,6428,6357],"product_tag":[6433,498,503,112],"class_list":{"0":"post-21200","1":"product","2":"type-product","3":"status-publish","4":"has-post-thumbnail","6":"product_cat-t-shirts-women","7":"product_cat-birthday","8":"product_cat-custom-gifts-birthday-party","9":"product_cat-photo-to-tees","10":"product_cat-translate-products","11":"product_cat-womens-birthday-t-shirts","12":"product_tag-ai-artwork","13":"product_tag-birthday","14":"product_tag-girlfriend_gift","15":"product_tag-women","17":"first","18":"instock","19":"taxable","20":"shipping-taxable","21":"purchasable","22":"product-type-simple"},"acf":[],"wcpa_form_fields":null,"_links":{"self":[{"href":"https:\/\/www.customywear.com\/pl\/wp-json\/wp\/v2\/product\/21200","targetHints":{"allow":["GET"]}}],"collection":[{"href":"https:\/\/www.customywear.com\/pl\/wp-json\/wp\/v2\/product"}],"about":[{"href":"https:\/\/www.customywear.com\/pl\/wp-json\/wp\/v2\/types\/product"}],"replies":[{"embeddable":true,"href":"https:\/\/www.customywear.com\/pl\/wp-json\/wp\/v2\/comments?post=21200"}],"wp:featuredmedia":[{"embeddable":true,"href":"https:\/\/www.customywear.com\/pl\/wp-json\/wp\/v2\/media\/142581"}],"wp:attachment":[{"href":"https:\/\/www.customywear.com\/pl\/wp-json\/wp\/v2\/media?parent=21200"}],"wp:term":[{"taxonomy":"product_brand","embeddable":true,"href":"https:\/\/www.customywear.com\/pl\/wp-json\/wp\/v2\/product_brand?post=21200"},{"taxonomy":"product_cat","embeddable":true,"href":"https:\/\/www.customywear.com\/pl\/wp-json\/wp\/v2\/product_cat?post=21200"},{"taxonomy":"product_tag","embeddable":true,"href":"https:\/\/www.customywear.com\/pl\/wp-json\/wp\/v2\/product_tag?post=21200"}],"curies":[{"name":"wp","href":"https:\/\/api.w.org\/{rel}","templated":true}]}}