{"id":21207,"date":"2023-07-28T13:46:58","date_gmt":"2023-07-28T13:46:58","guid":{"rendered":"https:\/\/www.customywear.com\/?post_type=product&#038;p=21207"},"modified":"2026-05-16T11:14:10","modified_gmt":"2026-05-16T11:14:10","slug":"spersonalizowana-koszulka-turystyczna-dla-kobiet","status":"publish","type":"product","link":"https:\/\/www.customywear.com\/pl\/custom-hiking-woman-shirt\/","title":{"rendered":"Koszulka damska na zam\u00f3wienie Hiking \u2013 spersonalizowana koszulka damska Hiker Mountain Tee"},"content":{"rendered":"<p>Podnie\u015b poziom swoich przyg\u00f3d na \u015bwie\u017cym powietrzu dzi\u0119ki naszej koszulce Custom Hiking Woman, spersonalizowanemu ho\u0142dowi dla kobiet-w\u0119drowc\u00f3w zdobywaj\u0105cych szczyty. Nasi wykwalifikowani rzemie\u015blnicy wykorzystuj\u0105 moc program\u00f3w Adobe Illustrator i Adobe Photoshop, aby tworzy\u0107 urzekaj\u0105ce wektorowe portrety, przekszta\u0142caj\u0105c Twoje zdj\u0119cie w osza\u0142amiaj\u0105ce przedstawienie Ciebie zdobywaj\u0105cej majestatyczn\u0105 g\u00f3r\u0119. Ta spersonalizowana koszulka, ozdobiona nasz\u0105 grafik\u0105 premium, to najlepszy prezent dla entuzjast\u00f3w pieszych w\u0119dr\u00f3wek i mi\u0142o\u015bnik\u00f3w przyrody. Prze\u017cyj magi\u0119 personalizacji dzi\u0119ki naszemu projektowi Custom Unisex Adult Short Sleeve i Long Sleeve Tee. Opr\u00f3cz bycia odzie\u017c\u0105, te koszulki staj\u0105 si\u0119 cenionymi pami\u0105tkami, kt\u00f3re oddaj\u0105 dreszczyk emocji zwi\u0105zany ze zdobywaniem szczyt\u00f3w i pokonywaniem wyzwa\u0144. Dzi\u0119ki wszechstronnemu stylowi unisex s\u0105 odpowiednie dla os\u00f3b w r\u00f3\u017cnym wieku, dzi\u0119ki czemu nadaj\u0105 si\u0119 dla doros\u0142ych, m\u0142odzie\u017cy, dzieci i ma\u0142ych dzieci. Nadaj swojemu projektowi odrobin\u0119 indywidualno\u015bci, w\u0142\u0105czaj\u0105c twarze ludzi i zwierz\u0105t, tworz\u0105c koszulki, kt\u00f3re s\u0105 naprawd\u0119 jedyne w swoim rodzaju. Te spersonalizowane koszulki nie tylko celebruj\u0105 pi\u0119kno przyrody, ale tak\u017ce symbolizuj\u0105 si\u0142\u0119 i upodmiotowienie kobiet-w\u0119drowc\u00f3w. Odkryj nasz\u0105 ofert\u0119 wzor\u00f3w, z kt\u00f3rych ka\u017cdy jest gotowy uchwyci\u0107 ducha Twojej wyj\u0105tkowej podr\u00f3\u017cy i zainspirowa\u0107 g\u0142\u0119bok\u0105 wi\u0119\u017a z cudami natury.<\/p>","protected":false},"excerpt":{"rendered":"<p>Trek w stylu z niestandardow\u0105 koszul\u0105 w\u0119dr\u00f3wki damskiej. Spersonalizowane damskie koszulki g\u00f3rskie przekszta\u0142caj\u0105 ka\u017cde zdj\u0119cie w jedyn\u0105 w swoim rodzaju koszulk\u0119 inspirowan\u0105 outdoorem.<\/p>","protected":false},"featured_media":142837,"comment_status":"open","ping_status":"closed","template":"","meta":{"_acf_changed":false},"product_brand":[],"product_cat":[6191,558,559,6412,310,6428,75,6356],"product_tag":[560,6433,562,326,6442,112],"class_list":{"0":"post-21207","1":"product","2":"type-product","3":"status-publish","4":"has-post-thumbnail","6":"product_cat-t-shirts-women","7":"product_cat-custom-gifts-hiking","8":"product_cat-hiking-t-shirts","9":"product_cat-photo-to-tees","10":"product_cat-sports-shirts","11":"product_cat-translate-products","12":"product_cat-women","13":"product_cat-womens-summer-t-shirts","14":"product_tag-adventure_shirt","15":"product_tag-ai-artwork","16":"product_tag-hiking-art","17":"product_tag-sports","18":"product_tag-top-artwork","19":"product_tag-women","21":"first","22":"instock","23":"taxable","24":"shipping-taxable","25":"purchasable","26":"product-type-simple"},"acf":[],"wcpa_form_fields":null,"_links":{"self":[{"href":"https:\/\/www.customywear.com\/pl\/wp-json\/wp\/v2\/product\/21207","targetHints":{"allow":["GET"]}}],"collection":[{"href":"https:\/\/www.customywear.com\/pl\/wp-json\/wp\/v2\/product"}],"about":[{"href":"https:\/\/www.customywear.com\/pl\/wp-json\/wp\/v2\/types\/product"}],"replies":[{"embeddable":true,"href":"https:\/\/www.customywear.com\/pl\/wp-json\/wp\/v2\/comments?post=21207"}],"wp:featuredmedia":[{"embeddable":true,"href":"https:\/\/www.customywear.com\/pl\/wp-json\/wp\/v2\/media\/142837"}],"wp:attachment":[{"href":"https:\/\/www.customywear.com\/pl\/wp-json\/wp\/v2\/media?parent=21207"}],"wp:term":[{"taxonomy":"product_brand","embeddable":true,"href":"https:\/\/www.customywear.com\/pl\/wp-json\/wp\/v2\/product_brand?post=21207"},{"taxonomy":"product_cat","embeddable":true,"href":"https:\/\/www.customywear.com\/pl\/wp-json\/wp\/v2\/product_cat?post=21207"},{"taxonomy":"product_tag","embeddable":true,"href":"https:\/\/www.customywear.com\/pl\/wp-json\/wp\/v2\/product_tag?post=21207"}],"curies":[{"name":"wp","href":"https:\/\/api.w.org\/{rel}","templated":true}]}}