{"id":21208,"date":"2023-07-28T13:47:07","date_gmt":"2023-07-28T13:47:07","guid":{"rendered":"https:\/\/www.customywear.com\/?post_type=product&#038;p=21208"},"modified":"2026-05-07T15:29:52","modified_gmt":"2026-05-07T15:29:52","slug":"spersonalizowana-koszulka-dla-chlopca-z-indii","status":"publish","type":"product","link":"https:\/\/www.customywear.com\/pl\/custom-indian-boy-tee\/","title":{"rendered":"Personalized Indian Boy Tee &#8211; Travel to India T-shirt for boys"},"content":{"rendered":"<p>Podnie\u015b sw\u00f3j styl dzi\u0119ki naszej jedynej w swoim rodzaju spersonalizowanej koszulce dla ch\u0142opca z Indii, gdzie cenione wspomnienia spotykaj\u0105 si\u0119 z mod\u0105. Nasi utalentowani arty\u015bci przekszta\u0142caj\u0105 Twoje cenne zdj\u0119cie w osza\u0142amiaj\u0105cy portret wektorowy, p\u0142ynnie \u0142\u0105cz\u0105c tradycj\u0119 z nowoczesno\u015bci\u0105. Uchwy\u0107 istot\u0119 bogatej kultury Indii, gdy Twoje dziecko zak\u0142ada wyj\u0105tkowy element spersonalizowanej sztuki. Wykonane z wiedz\u0105 specjalistyczn\u0105 przy u\u017cyciu program\u00f3w Adobe Illustrator i Adobe Photoshop, nasze koszulki z nadrukiem DTG gwarantuj\u0105 wysokiej jako\u015bci, \u017cywe wzory, kt\u00f3re przetrwaj\u0105. Odkryj wszechstronno\u015b\u0107 naszej kolekcji unisex, odpowiedniej dla ka\u017cdej grupy wiekowej, od doros\u0142ych po m\u0142odzie\u017c, dzieci, a nawet maluchy. Niezale\u017cnie od tego, czy s\u0105 to urodziny, wakacje czy jakakolwiek inna okazja, nasze spersonalizowane koszulki stanowi\u0105 przemy\u015blane i wzruszaj\u0105ce prezenty, kt\u00f3re si\u0119 wyr\u00f3\u017cniaj\u0105. Rozkoszuj si\u0119 rado\u015bci\u0105 personalizacji, gdy o\u017cywiamy Twoje pomys\u0142y, nie tylko dla dzieci, ale tak\u017ce dla doros\u0142ych, zapewniaj\u0105c rodzinn\u0105 modow\u0105 deklaracj\u0119. Dzi\u0119ki r\u00f3\u017cnorodnej gamie dost\u0119pnych wzor\u00f3w znajdziesz idealne dopasowanie do swoich preferencji. Odkryj magi\u0119 przekszta\u0142cania wspomnie\u0144 w dzie\u0142a sztuki, kt\u00f3re mo\u017cna nosi\u0107 na sobie, i stw\u00f3rz niezapomniane chwile dzi\u0119ki naszym wyj\u0105tkowym, spersonalizowanym koszulkom.<\/p>","protected":false},"excerpt":{"rendered":"<p>\u015awi\u0119tuj kultur\u0119 za pomoc\u0105 spersonalizowanej koszulki z indyjskim ch\u0142opcem. Niestandardowa koszulka fotograficzna Art zamienia ka\u017cde zdj\u0119cie w wyj\u0105tkow\u0105, jedyn\u0105 w swoim rodzaju koszulk\u0119.<\/p>","protected":false},"featured_media":142878,"comment_status":"open","ping_status":"closed","template":"","meta":{"_acf_changed":false},"product_brand":[],"product_cat":[6189,6264,6412,6428],"product_tag":[560,6433,6439,2309,2314,65,67,73],"class_list":{"0":"post-21208","1":"product","2":"type-product","3":"status-publish","4":"has-post-thumbnail","6":"product_cat-boys-t-shirts","7":"product_cat-custom-gifts-indian-culture","8":"product_cat-photo-to-tees","9":"product_cat-translate-products","10":"product_tag-adventure_shirt","11":"product_tag-ai-artwork","12":"product_tag-ai-kids-artwork","13":"product_tag-diwali_gift","14":"product_tag-indian_wedding","15":"product_tag-kid","16":"product_tag-kids_birthday_shirt","17":"product_tag-youth-boy","19":"first","20":"instock","21":"taxable","22":"shipping-taxable","23":"purchasable","24":"product-type-simple"},"acf":[],"wcpa_form_fields":null,"_links":{"self":[{"href":"https:\/\/www.customywear.com\/pl\/wp-json\/wp\/v2\/product\/21208","targetHints":{"allow":["GET"]}}],"collection":[{"href":"https:\/\/www.customywear.com\/pl\/wp-json\/wp\/v2\/product"}],"about":[{"href":"https:\/\/www.customywear.com\/pl\/wp-json\/wp\/v2\/types\/product"}],"replies":[{"embeddable":true,"href":"https:\/\/www.customywear.com\/pl\/wp-json\/wp\/v2\/comments?post=21208"}],"wp:featuredmedia":[{"embeddable":true,"href":"https:\/\/www.customywear.com\/pl\/wp-json\/wp\/v2\/media\/142878"}],"wp:attachment":[{"href":"https:\/\/www.customywear.com\/pl\/wp-json\/wp\/v2\/media?parent=21208"}],"wp:term":[{"taxonomy":"product_brand","embeddable":true,"href":"https:\/\/www.customywear.com\/pl\/wp-json\/wp\/v2\/product_brand?post=21208"},{"taxonomy":"product_cat","embeddable":true,"href":"https:\/\/www.customywear.com\/pl\/wp-json\/wp\/v2\/product_cat?post=21208"},{"taxonomy":"product_tag","embeddable":true,"href":"https:\/\/www.customywear.com\/pl\/wp-json\/wp\/v2\/product_tag?post=21208"}],"curies":[{"name":"wp","href":"https:\/\/api.w.org\/{rel}","templated":true}]}}