{"id":21214,"date":"2023-07-28T13:47:11","date_gmt":"2023-07-28T13:47:11","guid":{"rendered":"https:\/\/www.customywear.com\/?post_type=product&#038;p=21214"},"modified":"2026-05-07T15:29:52","modified_gmt":"2026-05-07T15:29:52","slug":"niestandardowa-koszulka-dla-dziewczynek-karate-kid","status":"publish","type":"product","link":"https:\/\/www.customywear.com\/pl\/custom-karate-kid-girls-shirt\/","title":{"rendered":"Koszulka Karate Kid dla dziewcz\u0105t | Spersonalizowana koszulka dla m\u0142odzie\u017cy ze sztukami walki"},"content":{"rendered":"<p>Zainspiruj swojego m\u0142odego sportowca nasz\u0105 \u201eCustom Karate Kid Girls Shirt\u201d, gdzie umiej\u0119tnie przekszta\u0142camy zdj\u0119cie Twojej pociechy w urzekaj\u0105cy portret wektorowy, prezentuj\u0105cy jej ruchy karate. Ta spersonalizowana m\u0142odzie\u017cowa koszulka to idealny prezent dla m\u0142odych mi\u0142o\u015bnik\u00f3w sztuk walki, zach\u0119caj\u0105c ich do rozwijania swojej pasji do sportu i sztuk walki. Wykorzystuj\u0105c wiedz\u0119 Adobe Illustrator i Adobe Photoshop, zapewniamy, \u017ce ka\u017cdy szczeg\u00f3\u0142 zdj\u0119cia Twojego dziecka zostanie przekszta\u0142cony w wysokiej jako\u015bci grafik\u0119 wektorow\u0105, oddaj\u0105c\u0105 istot\u0119 jej podr\u00f3\u017cy w sztukach walki. Dost\u0119pna zar\u00f3wno w opcji Youth Short Sleeve, jak i Long Sleeve, ta kreatywna koszulka jest odpowiednia dla dziewczynek w ka\u017cdym wieku, od maluch\u00f3w po dzieci i m\u0142odzie\u017c. Projekt jest drukowany przy u\u017cyciu technologii druku DTG, co zapewnia \u017cywe kolory i trwa\u0142o\u015b\u0107 po ka\u017cdym praniu. Aby uczyni\u0107 j\u0105 jeszcze bardziej wyj\u0105tkow\u0105, oferujemy mo\u017cliwo\u015b\u0107 uwzgl\u0119dnienia twarzy Twojego zwierzaka w grafice, dodaj\u0105c dodatkowy akcent personalizacji. Zach\u0119\u0107 swoj\u0105 ma\u0142\u0105 mi\u0142o\u015bniczk\u0119 sztuk walki do noszenia prezent\u00f3w z dum\u0105 dzi\u0119ki tej wyj\u0105tkowej koszulce dla dziewczynek z nadrukiem karate. B\u0119dzie to przemy\u015blany i dodaj\u0105cy si\u0142 dodatek do jej garderoby.<\/p>","protected":false},"excerpt":{"rendered":"<p>Mistrzowskie sztuki walki z niestandardow\u0105 koszulk\u0105 dla dzieci Karate Kid. Spersonalizowane koszulki m\u0142odzie\u017cowe ze sztuk walki zamieniaj\u0105 ka\u017cde zdj\u0119cie w wyj\u0105tkow\u0105, jedyn\u0105 w swoim rodzaju koszulk\u0119.<\/p>","protected":false},"featured_media":142941,"comment_status":"open","ping_status":"closed","template":"","meta":{"_acf_changed":false},"product_brand":[],"product_cat":[6193,2406,6412,6428],"product_tag":[6433,6439,934,2408,1301,1302,65,67,326,156],"class_list":{"0":"post-21214","1":"product","2":"type-product","3":"status-publish","4":"has-post-thumbnail","6":"product_cat-girls-t-shirts","7":"product_cat-custom-gifts-karate","8":"product_cat-photo-to-tees","9":"product_cat-translate-products","10":"product_tag-ai-artwork","11":"product_tag-ai-kids-artwork","12":"product_tag-birthday_shirt","13":"product_tag-custom-arts-karate","14":"product_tag-jiu_jitsu_shirt","15":"product_tag-karate_gift","16":"product_tag-kid","17":"product_tag-kids_birthday_shirt","18":"product_tag-sports","19":"product_tag-youth-girl","21":"first","22":"instock","23":"taxable","24":"shipping-taxable","25":"purchasable","26":"product-type-simple"},"acf":[],"wcpa_form_fields":null,"_links":{"self":[{"href":"https:\/\/www.customywear.com\/pl\/wp-json\/wp\/v2\/product\/21214","targetHints":{"allow":["GET"]}}],"collection":[{"href":"https:\/\/www.customywear.com\/pl\/wp-json\/wp\/v2\/product"}],"about":[{"href":"https:\/\/www.customywear.com\/pl\/wp-json\/wp\/v2\/types\/product"}],"replies":[{"embeddable":true,"href":"https:\/\/www.customywear.com\/pl\/wp-json\/wp\/v2\/comments?post=21214"}],"wp:featuredmedia":[{"embeddable":true,"href":"https:\/\/www.customywear.com\/pl\/wp-json\/wp\/v2\/media\/142941"}],"wp:attachment":[{"href":"https:\/\/www.customywear.com\/pl\/wp-json\/wp\/v2\/media?parent=21214"}],"wp:term":[{"taxonomy":"product_brand","embeddable":true,"href":"https:\/\/www.customywear.com\/pl\/wp-json\/wp\/v2\/product_brand?post=21214"},{"taxonomy":"product_cat","embeddable":true,"href":"https:\/\/www.customywear.com\/pl\/wp-json\/wp\/v2\/product_cat?post=21214"},{"taxonomy":"product_tag","embeddable":true,"href":"https:\/\/www.customywear.com\/pl\/wp-json\/wp\/v2\/product_tag?post=21214"}],"curies":[{"name":"wp","href":"https:\/\/api.w.org\/{rel}","templated":true}]}}