{"id":21216,"date":"2023-07-28T13:47:13","date_gmt":"2023-07-28T13:47:13","guid":{"rendered":"https:\/\/www.customywear.com\/?post_type=product&#038;p=21216"},"modified":"2026-05-05T20:23:30","modified_gmt":"2026-05-05T20:23:30","slug":"niestandardowa-koszulka-karate-dla-kobiet","status":"publish","type":"product","link":"https:\/\/www.customywear.com\/pl\/custom-karate-woman-shirt\/","title":{"rendered":"Koszulka Karate dla kobiet | Spersonalizowana koszulka Kung Fu Sports Teacher Mom Girlfriend Sister"},"content":{"rendered":"<p>Odkryj moc i wdzi\u0119k sztuk walki dzi\u0119ki naszej \u201eCustom Karate Woman Shirt\u201d, gdzie umiej\u0119tnie przekszta\u0142camy Twoje zdj\u0119cie w urzekaj\u0105cy portret wektorowy, na kt\u00f3rym prezentujesz swoje umiej\u0119tno\u015bci karate. Ta spersonalizowana koszulka to idealny prezent dla entuzjast\u00f3w sztuk walki, niezale\u017cnie od tego, czy jeste\u015b pasjonatem sportu, oddan\u0105 mam\u0105, wspieraj\u0105c\u0105 dziewczyn\u0105 czy troskliw\u0105 siostr\u0105. \u015awi\u0119tuj swoj\u0105 mi\u0142o\u015b\u0107 do karate i kung fu dzi\u0119ki tej wyj\u0105tkowej i zaprojektowanej na zam\u00f3wienie koszulce. Korzystaj\u0105c z wiedzy Adobe Illustrator i Adobe Photoshop, zapewniamy, \u017ce ka\u017cdy szczeg\u00f3\u0142 Twojego zdj\u0119cia zostanie przekszta\u0142cony w wysokiej jako\u015bci grafik\u0119 wektorow\u0105, oddaj\u0105c\u0105 istot\u0119 Twojej przygody ze sztukami walki. Dost\u0119pna w wersji z kr\u00f3tkim i d\u0142ugim r\u0119kawem dla doros\u0142ych, ta koszulka unisex mo\u017ce by\u0107 spersonalizowana dla os\u00f3b w ka\u017cdym wieku, od doros\u0142ych po m\u0142odzie\u017c, dzieci i maluchy. Aby uczyni\u0107 j\u0105 jeszcze bardziej wyj\u0105tkow\u0105, oferujemy mo\u017cliwo\u015b\u0107 uwzgl\u0119dnienia twarzy Twojego zwierzaka w grafice, dodaj\u0105c dodatkowy akcent personalizacji. Niezale\u017cnie od tego, czy nosisz j\u0105 na treningach, nieformalnych wyj\u015bciach, czy te\u017c, aby pokaza\u0107 swoje oddanie sztukom walki, nasza spersonalizowana koszulka karate dla kobiet jest pot\u0119\u017cnym i znacz\u0105cym dodatkiem do Twojej garderoby. Odkryj swojego ducha sztuk walki i no\u015b swoj\u0105 pasj\u0119 z dum\u0105 dzi\u0119ki tej wyj\u0105tkowej, spersonalizowanej koszulce.<\/p>","protected":false},"excerpt":{"rendered":"<p>\u015awi\u0119tuj si\u0142\u0119 z niestandardow\u0105 koszul\u0105 damsk\u0105 karate. Spersonalizowane koszulki Kung Fu, nauczycielka sportu, mama, dziewczyna lub siostry, przekszta\u0142caj\u0105 ka\u017cde zdj\u0119cie w wyj\u0105tkow\u0105 koszulk\u0119.<\/p>","protected":false},"featured_media":142927,"comment_status":"open","ping_status":"closed","template":"","meta":{"_acf_changed":false},"product_brand":[],"product_cat":[6191,2406,6412,6428,6351,6352],"product_tag":[6433,934,6217,2408,1301,1302,1792,326,112,1827],"class_list":{"0":"post-21216","1":"product","2":"type-product","3":"status-publish","4":"has-post-thumbnail","6":"product_cat-t-shirts-women","7":"product_cat-custom-gifts-karate","8":"product_cat-photo-to-tees","9":"product_cat-translate-products","10":"product_cat-womens-gym-t-shirts","11":"product_cat-womens-sports-t-shirts","12":"product_tag-ai-artwork","13":"product_tag-birthday_shirt","14":"product_tag-custom-t-shirt","15":"product_tag-custom-arts-karate","16":"product_tag-jiu_jitsu_shirt","17":"product_tag-karate_gift","18":"product_tag-muay_thai_shirt","19":"product_tag-sports","20":"product_tag-women","21":"product_tag-workout_shirt","23":"first","24":"instock","25":"taxable","26":"shipping-taxable","27":"purchasable","28":"product-type-simple"},"acf":[],"wcpa_form_fields":null,"_links":{"self":[{"href":"https:\/\/www.customywear.com\/pl\/wp-json\/wp\/v2\/product\/21216","targetHints":{"allow":["GET"]}}],"collection":[{"href":"https:\/\/www.customywear.com\/pl\/wp-json\/wp\/v2\/product"}],"about":[{"href":"https:\/\/www.customywear.com\/pl\/wp-json\/wp\/v2\/types\/product"}],"replies":[{"embeddable":true,"href":"https:\/\/www.customywear.com\/pl\/wp-json\/wp\/v2\/comments?post=21216"}],"wp:featuredmedia":[{"embeddable":true,"href":"https:\/\/www.customywear.com\/pl\/wp-json\/wp\/v2\/media\/142927"}],"wp:attachment":[{"href":"https:\/\/www.customywear.com\/pl\/wp-json\/wp\/v2\/media?parent=21216"}],"wp:term":[{"taxonomy":"product_brand","embeddable":true,"href":"https:\/\/www.customywear.com\/pl\/wp-json\/wp\/v2\/product_brand?post=21216"},{"taxonomy":"product_cat","embeddable":true,"href":"https:\/\/www.customywear.com\/pl\/wp-json\/wp\/v2\/product_cat?post=21216"},{"taxonomy":"product_tag","embeddable":true,"href":"https:\/\/www.customywear.com\/pl\/wp-json\/wp\/v2\/product_tag?post=21216"}],"curies":[{"name":"wp","href":"https:\/\/api.w.org\/{rel}","templated":true}]}}