{"id":21220,"date":"2023-07-28T13:47:15","date_gmt":"2023-07-28T13:47:15","guid":{"rendered":"https:\/\/www.customywear.com\/?post_type=product&#038;p=21220"},"modified":"2026-05-05T20:24:09","modified_gmt":"2026-05-05T20:24:09","slug":"niestandardowa-koreanska-koszula-meska","status":"publish","type":"product","link":"https:\/\/www.customywear.com\/pl\/custom-korean-man-shirt\/","title":{"rendered":"Spersonalizowana koszulka m\u0119ska w stylu korea\u0144skim | Spersonalizowana koszulka podr\u00f3\u017cna w tradycyjnym stroju"},"content":{"rendered":"<p>Wyrusz w podr\u00f3\u017c do czaruj\u0105cego \u015bwiata korea\u0144skiej kultury z nasz\u0105 \u201eCustom Korean Man Shirt\u201d, gdzie umiej\u0119tnie przekszta\u0142camy Twoje zdj\u0119cie w urzekaj\u0105cy portret wektorowy, sprawiaj\u0105c, \u017ce wygl\u0105dasz, jakby\u015b by\u0142 ubrany w tradycyjny korea\u0144ski str\u00f3j. Ta spersonalizowana koszulka oddaje urok podr\u00f3\u017cy i eksploracji kulturowej, dzi\u0119ki czemu jest znacz\u0105cym i wyj\u0105tkowym prezentem dla tych, kt\u00f3rzy doceniaj\u0105 bogactwo korea\u0144skiego dziedzictwa. Nasz niestandardowy projekt koszulki unisex dla doros\u0142ych z kr\u00f3tkim r\u0119kawem i d\u0142ugim r\u0119kawem zapewnia wygodne i stylowe dopasowanie dla ka\u017cdego, a dzi\u0119ki wykorzystaniu program\u00f3w Adobe Illustrator i Adobe Photoshop gwarantujemy wysokiej jako\u015bci grafik\u0119 wektorow\u0105, kt\u00f3ra pi\u0119knie oddaje istot\u0119 korea\u0144skiej tradycji. Niezale\u017cnie od tego, czy chcesz upami\u0119tni\u0107 specjaln\u0105 podr\u00f3\u017c do Korei Po\u0142udniowej, czy po prostu pokaza\u0107 swoj\u0105 mi\u0142o\u015b\u0107 do korea\u0144skiej kultury, ta spersonalizowana koszulka jest doskona\u0142ym wyborem. Ponadto masz mo\u017cliwo\u015b\u0107 uwzgl\u0119dnienia twarzy ukochanego zwierzaka w portrecie, dodaj\u0105c dodatkowy akcent personalizacji do prezentu. Wkrocz do \u015bwiata korea\u0144skiej kultury i obejmij pi\u0119kno tradycji dzi\u0119ki naszej spersonalizowanej koszulce korea\u0144skiej dla m\u0119\u017cczyzn, niezwyk\u0142emu ho\u0142dowi dla ponadczasowego uroku r\u00f3\u017cnorodno\u015bci kulturowej.<\/p>","protected":false},"excerpt":{"rendered":"<p>Obejmij tradycj\u0119 dzi\u0119ki niestandardowej korea\u0144skiej koszuli m\u0119\u017cczyzny Spersonalizowane koszulki podr\u00f3\u017cne tradycyjnej sukienki przekszta\u0142caj\u0105 ka\u017cde zdj\u0119cie w jedyn\u0105 w swoim rodzaju koszulk\u0119 kulturow\u0105.<\/p>","protected":false},"featured_media":142948,"comment_status":"open","ping_status":"closed","template":"","meta":{"_acf_changed":false},"product_brand":[],"product_cat":[6195,6157,6156,2421,186,6345,6412,6428],"product_tag":[6433,193,2422,503,2345,102,6216,209],"class_list":{"0":"post-21220","1":"product","2":"type-product","3":"status-publish","4":"has-post-thumbnail","6":"product_cat-t-shirts-men","7":"product_cat-country","8":"product_cat-culture","9":"product_cat-custom-gifts-korean-culture","10":"product_cat-men","11":"product_cat-mens-country-culture-t-shirts","12":"product_cat-photo-to-tees","13":"product_cat-translate-products","14":"product_tag-ai-artwork","15":"product_tag-boyfriend_gift","16":"product_tag-custom-arts-korean","17":"product_tag-girlfriend_gift","18":"product_tag-kpop_shirt","19":"product_tag-long_distance_gift","20":"product_tag-mens-custom-t-shirts","21":"product_tag-travel_lover_gift","23":"first","24":"instock","25":"taxable","26":"shipping-taxable","27":"purchasable","28":"product-type-simple"},"acf":[],"wcpa_form_fields":null,"_links":{"self":[{"href":"https:\/\/www.customywear.com\/pl\/wp-json\/wp\/v2\/product\/21220","targetHints":{"allow":["GET"]}}],"collection":[{"href":"https:\/\/www.customywear.com\/pl\/wp-json\/wp\/v2\/product"}],"about":[{"href":"https:\/\/www.customywear.com\/pl\/wp-json\/wp\/v2\/types\/product"}],"replies":[{"embeddable":true,"href":"https:\/\/www.customywear.com\/pl\/wp-json\/wp\/v2\/comments?post=21220"}],"wp:featuredmedia":[{"embeddable":true,"href":"https:\/\/www.customywear.com\/pl\/wp-json\/wp\/v2\/media\/142948"}],"wp:attachment":[{"href":"https:\/\/www.customywear.com\/pl\/wp-json\/wp\/v2\/media?parent=21220"}],"wp:term":[{"taxonomy":"product_brand","embeddable":true,"href":"https:\/\/www.customywear.com\/pl\/wp-json\/wp\/v2\/product_brand?post=21220"},{"taxonomy":"product_cat","embeddable":true,"href":"https:\/\/www.customywear.com\/pl\/wp-json\/wp\/v2\/product_cat?post=21220"},{"taxonomy":"product_tag","embeddable":true,"href":"https:\/\/www.customywear.com\/pl\/wp-json\/wp\/v2\/product_tag?post=21220"}],"curies":[{"name":"wp","href":"https:\/\/api.w.org\/{rel}","templated":true}]}}