{"id":21221,"date":"2023-07-28T13:47:16","date_gmt":"2023-07-28T13:47:16","guid":{"rendered":"https:\/\/www.customywear.com\/?post_type=product&#038;p=21221"},"modified":"2026-05-05T20:23:30","modified_gmt":"2026-05-05T20:23:30","slug":"niestandardowa-koreanska-damska-koszulka-kulturowa","status":"publish","type":"product","link":"https:\/\/www.customywear.com\/pl\/custom-korean-women-culture-shirt\/","title":{"rendered":"Spersonalizowana koszulka korea\u0144ska dla kobiet | Spersonalizowana koszulka z tradycyjnym strojem"},"content":{"rendered":"<p>Zanurz si\u0119 w pi\u0119knie korea\u0144skiej kultury dzi\u0119ki naszej \u201eCustom Korean Women Culture Shirt\u201d, gdzie umiej\u0119tnie przekszta\u0142camy Twoje zdj\u0119cie w urzekaj\u0105cy portret wektorowy, sprawiaj\u0105c, \u017ce wygl\u0105dasz, jakby\u015b by\u0142a elegancko ubrana w tradycyjn\u0105 korea\u0144sk\u0105 sukienk\u0119. Ta spersonalizowana koszulka ukazuje bogactwo i dziedzictwo korea\u0144skiej kultury, dzi\u0119ki czemu jest znacz\u0105cym i wyj\u0105tkowym prezentem dla tych, kt\u00f3rzy doceniaj\u0105 urok podr\u00f3\u017cy i eksploracji kulturowej. Nasz niestandardowy projekt koszulki unisex dla doros\u0142ych z kr\u00f3tkim r\u0119kawem i d\u0142ugim r\u0119kawem zapewnia wygodne i stylowe dopasowanie dla ka\u017cdego, a dzi\u0119ki wykorzystaniu program\u00f3w Adobe Illustrator i Adobe Photoshop gwarantujemy wysokiej jako\u015bci grafik\u0119 wektorow\u0105, kt\u00f3ra pi\u0119knie oddaje istot\u0119 korea\u0144skiej tradycji. Niezale\u017cnie od tego, czy chcesz upami\u0119tni\u0107 wyj\u0105tkow\u0105 podr\u00f3\u017c do Korei Po\u0142udniowej, czy po prostu uczci\u0107 urok korea\u0144skiego dziedzictwa, ta spersonalizowana koszulka jest doskona\u0142ym wyborem. Ponadto masz mo\u017cliwo\u015b\u0107 uwzgl\u0119dnienia twarzy ukochanego zwierzaka w portrecie, dodaj\u0105c dodatkowy akcent personalizacji do prezentu. Wkrocz do \u015bwiata korea\u0144skiej kultury i poka\u017c swoj\u0105 mi\u0142o\u015b\u0107 do podr\u00f3\u017cy z nasz\u0105 spersonalizowan\u0105 koszulk\u0105 z motywem korea\u0144skiej kultury kobiecej, b\u0119d\u0105c\u0105 niezwyk\u0142ym ho\u0142dem dla ponadczasowego uroku tradycji i historii.<\/p>","protected":false},"excerpt":{"rendered":"<p>Celebrate culture with a Custom Korean Women Culture Shirt. Spersonalizowane koszulki z tradycyjnymi sukienkami zamieniaj\u0105 ka\u017cde zdj\u0119cie w wyj\u0105tkow\u0105, jedyn\u0105 w swoim rodzaju koszulk\u0119.<\/p>","protected":false},"featured_media":142955,"comment_status":"open","ping_status":"closed","template":"","meta":{"_acf_changed":false},"product_brand":[],"product_cat":[6191,2421,6412,6428,6355],"product_tag":[6433,2422,503,2345,102,209,112],"class_list":{"0":"post-21221","1":"product","2":"type-product","3":"status-publish","4":"has-post-thumbnail","6":"product_cat-t-shirts-women","7":"product_cat-custom-gifts-korean-culture","8":"product_cat-photo-to-tees","9":"product_cat-translate-products","10":"product_cat-womens-culture-country-t-shirts","11":"product_tag-ai-artwork","12":"product_tag-custom-arts-korean","13":"product_tag-girlfriend_gift","14":"product_tag-kpop_shirt","15":"product_tag-long_distance_gift","16":"product_tag-travel_lover_gift","17":"product_tag-women","19":"first","20":"instock","21":"taxable","22":"shipping-taxable","23":"purchasable","24":"product-type-simple"},"acf":[],"wcpa_form_fields":null,"_links":{"self":[{"href":"https:\/\/www.customywear.com\/pl\/wp-json\/wp\/v2\/product\/21221","targetHints":{"allow":["GET"]}}],"collection":[{"href":"https:\/\/www.customywear.com\/pl\/wp-json\/wp\/v2\/product"}],"about":[{"href":"https:\/\/www.customywear.com\/pl\/wp-json\/wp\/v2\/types\/product"}],"replies":[{"embeddable":true,"href":"https:\/\/www.customywear.com\/pl\/wp-json\/wp\/v2\/comments?post=21221"}],"wp:featuredmedia":[{"embeddable":true,"href":"https:\/\/www.customywear.com\/pl\/wp-json\/wp\/v2\/media\/142955"}],"wp:attachment":[{"href":"https:\/\/www.customywear.com\/pl\/wp-json\/wp\/v2\/media?parent=21221"}],"wp:term":[{"taxonomy":"product_brand","embeddable":true,"href":"https:\/\/www.customywear.com\/pl\/wp-json\/wp\/v2\/product_brand?post=21221"},{"taxonomy":"product_cat","embeddable":true,"href":"https:\/\/www.customywear.com\/pl\/wp-json\/wp\/v2\/product_cat?post=21221"},{"taxonomy":"product_tag","embeddable":true,"href":"https:\/\/www.customywear.com\/pl\/wp-json\/wp\/v2\/product_tag?post=21221"}],"curies":[{"name":"wp","href":"https:\/\/api.w.org\/{rel}","templated":true}]}}