{"id":21227,"date":"2023-07-28T13:47:20","date_gmt":"2023-07-28T13:47:20","guid":{"rendered":"https:\/\/www.customywear.com\/?post_type=product&#038;p=21227"},"modified":"2026-05-05T20:23:30","modified_gmt":"2026-05-05T20:23:30","slug":"niestandardowa-koszula-dla-kobiet-prawnik","status":"publish","type":"product","link":"https:\/\/www.customywear.com\/pl\/custom-female-lawyer-shirt\/","title":{"rendered":"Spersonalizowana koszulka dla prawnika | Spersonalizowany prezent dla prawnika dla kobiet"},"content":{"rendered":"<p>Uhonoruj \u200b\u200bwyj\u0105tkowe kobiety w zawodzie prawniczym dzi\u0119ki naszej \u201eCustom Female Lawyer Shirt\u201d, gdzie umiej\u0119tnie przekszta\u0142cimy Twoje zdj\u0119cie w urzekaj\u0105cy portret wektorowy, dzi\u0119ki czemu b\u0119dziesz wygl\u0105da\u0107 jak pewna siebie i utalentowana prawniczka. Ta spersonalizowana koszulka to nie tylko przemy\u015blany prezent, ale tak\u017ce wspania\u0142y spos\u00f3b na uhonorowanie prawniczek, czy to na uroczysto\u015b\u0107 przej\u015bcia na emerytur\u0119, osi\u0105gni\u0119cie kamienia milowego, czy po prostu, aby okaza\u0107 uznanie za ich oddanie sprawiedliwo\u015bci i prawu. Nasz niestandardowy projekt koszulki unisex dla doros\u0142ych z kr\u00f3tkim i d\u0142ugim r\u0119kawem zapewnia wysokiej jako\u015bci, wygodne dopasowanie dla wszystkich, dzi\u0119ki czemu jest idealnym prezentem dla prawniczek w ka\u017cdym wieku. Wykorzystuj\u0105c wiedz\u0119 fachow\u0105 Adobe Illustrator i Adobe Photoshop, skrupulatnie tworzymy wyj\u0105tkowy i przyci\u0105gaj\u0105cy wzrok projekt, kt\u00f3ry odzwierciedla Twoje profesjonalne umiej\u0119tno\u015bci i pasj\u0119 do dziedziny prawa. Ponadto masz mo\u017cliwo\u015b\u0107 uwzgl\u0119dnienia twarzy swojego ukochanego zwierzaka w portrecie, dodaj\u0105c dodatkowy akcent personalizacji do prezentu. Uhonoruj \u200b\u200bniesamowite kobiety w \u015bwiecie prawa dzi\u0119ki naszej spersonalizowanej koszulce prawniczki, znacz\u0105cej i niezapomnianej pami\u0105tce, kt\u00f3ra celebruje ich osi\u0105gni\u0119cia i wk\u0142ad w spo\u0142ecze\u0144stwo.<\/p>","protected":false},"excerpt":{"rendered":"<p>Honor Law and Style z niestandardow\u0105 koszulk\u0105 prawnika damskiego. Spersonalizowane upominki adwokackie dla kobiet przekszta\u0142caj\u0105 ka\u017cde zdj\u0119cie w profesjonaln\u0105, inspirowan\u0105 koszulk\u0119.<\/p>","protected":false},"featured_media":142983,"comment_status":"open","ping_status":"closed","template":"","meta":{"_acf_changed":false},"product_brand":[],"product_cat":[6191,2436,6412,6428],"product_tag":[6433,6222,1039],"class_list":{"0":"post-21227","1":"product","2":"type-product","3":"status-publish","4":"has-post-thumbnail","6":"product_cat-t-shirts-women","7":"product_cat-custom-gifts-lawyer","8":"product_cat-photo-to-tees","9":"product_cat-translate-products","10":"product_tag-ai-artwork","11":"product_tag-custom-lawyer-t-shirts","12":"product_tag-retirement_gift","14":"first","15":"instock","16":"taxable","17":"shipping-taxable","18":"purchasable","19":"product-type-simple"},"acf":[],"wcpa_form_fields":null,"_links":{"self":[{"href":"https:\/\/www.customywear.com\/pl\/wp-json\/wp\/v2\/product\/21227","targetHints":{"allow":["GET"]}}],"collection":[{"href":"https:\/\/www.customywear.com\/pl\/wp-json\/wp\/v2\/product"}],"about":[{"href":"https:\/\/www.customywear.com\/pl\/wp-json\/wp\/v2\/types\/product"}],"replies":[{"embeddable":true,"href":"https:\/\/www.customywear.com\/pl\/wp-json\/wp\/v2\/comments?post=21227"}],"wp:featuredmedia":[{"embeddable":true,"href":"https:\/\/www.customywear.com\/pl\/wp-json\/wp\/v2\/media\/142983"}],"wp:attachment":[{"href":"https:\/\/www.customywear.com\/pl\/wp-json\/wp\/v2\/media?parent=21227"}],"wp:term":[{"taxonomy":"product_brand","embeddable":true,"href":"https:\/\/www.customywear.com\/pl\/wp-json\/wp\/v2\/product_brand?post=21227"},{"taxonomy":"product_cat","embeddable":true,"href":"https:\/\/www.customywear.com\/pl\/wp-json\/wp\/v2\/product_cat?post=21227"},{"taxonomy":"product_tag","embeddable":true,"href":"https:\/\/www.customywear.com\/pl\/wp-json\/wp\/v2\/product_tag?post=21227"}],"curies":[{"name":"wp","href":"https:\/\/api.w.org\/{rel}","templated":true}]}}