{"id":21258,"date":"2023-07-28T13:47:43","date_gmt":"2023-07-28T13:47:43","guid":{"rendered":"https:\/\/www.customywear.com\/?post_type=product&#038;p=21258"},"modified":"2026-05-07T15:29:51","modified_gmt":"2026-05-07T15:29:51","slug":"koszulka-syrena-dziewczyna-mlodziez-na-zamowienie","status":"publish","type":"product","link":"https:\/\/www.customywear.com\/pl\/personalized-mermaid-girl-youth-shirt\/","title":{"rendered":"Spersonalizowana m\u0142odzie\u017cowa koszulka Mermaid Girl | Spersonalizowana koszulka Underwater Adventure"},"content":{"rendered":"<p>Zanurz si\u0119 w \u015bwiecie wyobra\u017ani z nasz\u0105 \u201ePersonalizowan\u0105 m\u0142odzie\u017cow\u0105 koszulk\u0105 Mermaid Girl\u201d, na kt\u00f3rej zdj\u0119cie Twojego dziecka zostaje przekszta\u0142cone w urzekaj\u0105c\u0105 ilustracj\u0119 wektorow\u0105 za pomoc\u0105 programu Adobe Illustrator. Zobacz, jak Twoja ma\u0142a wygl\u0105da jak pe\u0142na wdzi\u0119ku syrena, eksploruj\u0105ca g\u0142\u0119biny oceanu na tej spersonalizowanej koszulce. Ten czaruj\u0105cy projekt stanowi idealny inspiruj\u0105cy prezent dla m\u0142odych, pomys\u0142owych umys\u0142\u00f3w, kt\u00f3re s\u0105 oczarowane mistycznym \u015bwiatem syren. Nasi wykwalifikowani projektanci czaruj\u0105 w programach Adobe Illustrator i Adobe Photoshop, aby tworzy\u0107 wysokiej jako\u015bci grafik\u0119 wektorow\u0105, o\u017cywiaj\u0105c fantazj\u0119 syrenki dzi\u0119ki \u017cywym kolorom i misternym detalom. Technika drukowania DTG zapewnia, \u017ce \u200b\u200bprojekt pozostaje \u017cywy i trwa\u0142y nawet po niezliczonych przygodach. Ta koszulka unisex jest dost\u0119pna dla wszystkich grup wiekowych, w tym doros\u0142ych, m\u0142odzie\u017cy, dzieci i maluch\u00f3w, co czyni j\u0105 urocz\u0105 niespodziank\u0105 dla ca\u0142ej rodziny. Dodatkowo oferujemy mo\u017cliwo\u015b\u0107 personalizacji projektu poprzez umieszczenie na nim twarzy dowolnego cz\u0142owieka lub zwierz\u0119cia, dodaj\u0105c odrobin\u0119 magii i wyj\u0105tkowo\u015bci do tej uroczej koszulki z motywem syreny.<\/p>","protected":false},"excerpt":{"rendered":"<p>Odkrywaj morza za pomoc\u0105 spersonalizowanej koszulki m\u0142odzie\u017cowej Mermaid Girl. Niestandardowe podwodne koszulki przygodowe zamieniaj\u0105 ka\u017cde zdj\u0119cie w zabawn\u0105, wyj\u0105tkow\u0105 koszulk\u0119.<\/p>","protected":false},"featured_media":143011,"comment_status":"open","ping_status":"closed","template":"","meta":{"_acf_changed":false},"product_brand":[],"product_cat":[6193,1615,6412,6428],"product_tag":[6433,6439,6331,1616,65,1617,1618,2457,156],"class_list":{"0":"post-21258","1":"product","2":"type-product","3":"status-publish","4":"has-post-thumbnail","6":"product_cat-girls-t-shirts","7":"product_cat-custom-gifts-mermaid","8":"product_cat-photo-to-tees","9":"product_cat-translate-products","10":"product_tag-ai-artwork","11":"product_tag-ai-kids-artwork","12":"product_tag-custom-picture-t-shirt-for-girls","13":"product_tag-custom-arts-mermaid","14":"product_tag-kid","15":"product_tag-mermaid_gifts","16":"product_tag-mermaid_shirt","17":"product_tag-ocean_shirt","18":"product_tag-youth-girl","20":"first","21":"instock","22":"taxable","23":"shipping-taxable","24":"purchasable","25":"product-type-simple"},"acf":[],"wcpa_form_fields":null,"_links":{"self":[{"href":"https:\/\/www.customywear.com\/pl\/wp-json\/wp\/v2\/product\/21258","targetHints":{"allow":["GET"]}}],"collection":[{"href":"https:\/\/www.customywear.com\/pl\/wp-json\/wp\/v2\/product"}],"about":[{"href":"https:\/\/www.customywear.com\/pl\/wp-json\/wp\/v2\/types\/product"}],"replies":[{"embeddable":true,"href":"https:\/\/www.customywear.com\/pl\/wp-json\/wp\/v2\/comments?post=21258"}],"wp:featuredmedia":[{"embeddable":true,"href":"https:\/\/www.customywear.com\/pl\/wp-json\/wp\/v2\/media\/143011"}],"wp:attachment":[{"href":"https:\/\/www.customywear.com\/pl\/wp-json\/wp\/v2\/media?parent=21258"}],"wp:term":[{"taxonomy":"product_brand","embeddable":true,"href":"https:\/\/www.customywear.com\/pl\/wp-json\/wp\/v2\/product_brand?post=21258"},{"taxonomy":"product_cat","embeddable":true,"href":"https:\/\/www.customywear.com\/pl\/wp-json\/wp\/v2\/product_cat?post=21258"},{"taxonomy":"product_tag","embeddable":true,"href":"https:\/\/www.customywear.com\/pl\/wp-json\/wp\/v2\/product_tag?post=21258"}],"curies":[{"name":"wp","href":"https:\/\/api.w.org\/{rel}","templated":true}]}}