{"id":21307,"date":"2023-07-28T13:48:40","date_gmt":"2023-07-28T13:48:40","guid":{"rendered":"https:\/\/www.customywear.com\/?post_type=product&#038;p=21307"},"modified":"2026-05-07T15:29:49","modified_gmt":"2026-05-07T15:29:49","slug":"koszulka-dla-chlopcow-royal-guard-london-tee","status":"publish","type":"product","link":"https:\/\/www.customywear.com\/pl\/royal-guard-boys-shirt-london-tee\/","title":{"rendered":"King&#039;s Little Guardian: spersonalizowana koszulka Royal Guard Boys \u2013 spersonalizowany T-shirt z motywem Londynu"},"content":{"rendered":"<p>Przedstawiamy nasz kreatywny m\u0142odzie\u017cowy projekt koszulki z kr\u00f3tkim i d\u0142ugim r\u0119kawem, w kt\u00f3rym Twoje dziecko zmienia si\u0119 w Gwardi\u0119 Kr\u00f3lewsk\u0105 z odrobin\u0105 magii. Wykorzystuj\u0105c zdj\u0119cie Twojego dziecka, nasi wykwalifikowani arty\u015bci stworz\u0105 urzekaj\u0105c\u0105 grafik\u0119 wektorow\u0105, kt\u00f3ra zamieni je w dumnego i dzielnego cz\u0142onka Gwardii Cesarskiej Kr\u00f3la. Ta spersonalizowana koszulka dla ch\u0142opc\u00f3w jest zachwycaj\u0105cym i zabawnym prezentem dla m\u0142odych, kt\u00f3rych fascynuje kultowa Gwardia Kr\u00f3lewska i majestatyczne miasto Londyn. Nasz druk DTG zapewnia, \u017ce \u200b\u200bkoszulki s\u0105 wysokiej jako\u015bci, uniseksowe i odpowiednie zar\u00f3wno dla doros\u0142ych, m\u0142odzie\u017cy, dzieci i maluch\u00f3w, dzi\u0119ki czemu idealnie pasuj\u0105 do os\u00f3b w ka\u017cdym wieku. Wykorzystujemy standardowe oprogramowanie bran\u017cowe, takie jak Adobe Illustrator i Adobe Photoshop, aby tworzy\u0107 wykwintne projekty, kt\u00f3re s\u0105 jedyne w swoim rodzaju i dostosowane do wyj\u0105tkowo\u015bci Twojego dziecka. T\u0119 koszulk\u0119 z motywem Londynu mo\u017cna r\u00f3wnie\u017c spersonalizowa\u0107, umieszczaj\u0105c na niej ludzkie i zwierz\u0119ce twarze, dzi\u0119ki czemu b\u0119dzie to cenna pami\u0105tka dla Twojego ma\u0142ego Stra\u017cnika i jego futrzanych przyjaci\u00f3\u0142. Poddaj si\u0119 czarowi naszej koszuli Royal Guard Boys, ho\u0142du dla ponadczasowych tradycji Londynu i niezapomnianego prezentu dla m\u0142odych poszukiwaczy przyg\u00f3d w Twoim \u017cyciu. Je\u015bli masz jakiekolwiek pytania lub potrzebujesz dalszej pomocy, nie wahaj si\u0119 skontaktowa\u0107 z nami, aby uzyska\u0107 spersonalizowane do\u015bwiadczenie, kt\u00f3re przekroczy Twoje oczekiwania.<\/p>","protected":false},"excerpt":{"rendered":"<p>Stra\u017c z dum\u0105 w niestandardowej koszulce ch\u0142opi\u0119cej Royal Guard. Spersonalizowane londy\u0144skie koszulki zamieniaj\u0105 ka\u017cde zdj\u0119cie w odwa\u017cn\u0105, wyj\u0105tkow\u0105 koszulk\u0119.<\/p>","protected":false},"featured_media":143046,"comment_status":"open","ping_status":"closed","template":"","meta":{"_acf_changed":false},"product_brand":[],"product_cat":[6189,2999,6412,6428],"product_tag":[6433,6439,64,65,3051,70,73],"class_list":{"0":"post-21307","1":"product","2":"type-product","3":"status-publish","4":"has-post-thumbnail","6":"product_cat-boys-t-shirts","7":"product_cat-custom-gifts-royal-guard","8":"product_cat-photo-to-tees","9":"product_cat-translate-products","10":"product_tag-ai-artwork","11":"product_tag-ai-kids-artwork","12":"product_tag-country_shirts","13":"product_tag-kid","14":"product_tag-london_shirt","15":"product_tag-travel_gift","16":"product_tag-youth-boy","18":"first","19":"instock","20":"taxable","21":"shipping-taxable","22":"purchasable","23":"product-type-simple"},"acf":[],"wcpa_form_fields":null,"_links":{"self":[{"href":"https:\/\/www.customywear.com\/pl\/wp-json\/wp\/v2\/product\/21307","targetHints":{"allow":["GET"]}}],"collection":[{"href":"https:\/\/www.customywear.com\/pl\/wp-json\/wp\/v2\/product"}],"about":[{"href":"https:\/\/www.customywear.com\/pl\/wp-json\/wp\/v2\/types\/product"}],"replies":[{"embeddable":true,"href":"https:\/\/www.customywear.com\/pl\/wp-json\/wp\/v2\/comments?post=21307"}],"wp:featuredmedia":[{"embeddable":true,"href":"https:\/\/www.customywear.com\/pl\/wp-json\/wp\/v2\/media\/143046"}],"wp:attachment":[{"href":"https:\/\/www.customywear.com\/pl\/wp-json\/wp\/v2\/media?parent=21307"}],"wp:term":[{"taxonomy":"product_brand","embeddable":true,"href":"https:\/\/www.customywear.com\/pl\/wp-json\/wp\/v2\/product_brand?post=21307"},{"taxonomy":"product_cat","embeddable":true,"href":"https:\/\/www.customywear.com\/pl\/wp-json\/wp\/v2\/product_cat?post=21307"},{"taxonomy":"product_tag","embeddable":true,"href":"https:\/\/www.customywear.com\/pl\/wp-json\/wp\/v2\/product_tag?post=21307"}],"curies":[{"name":"wp","href":"https:\/\/api.w.org\/{rel}","templated":true}]}}