{"id":21312,"date":"2023-07-28T13:48:42","date_gmt":"2023-07-28T13:48:42","guid":{"rendered":"https:\/\/www.customywear.com\/?post_type=product&#038;p=21312"},"modified":"2026-05-07T15:29:49","modified_gmt":"2026-05-07T15:29:49","slug":"koszulka-dla-chlopca-biegacza","status":"publish","type":"product","link":"https:\/\/www.customywear.com\/pl\/runner-boy-shirt\/","title":{"rendered":"Podsycaj pasj\u0119 swojego m\u0142odego mistrza dzi\u0119ki naszej koszulce Runner Boy"},"content":{"rendered":"<p>Rozpal iskr\u0119 atletyki w swoim m\u0142odym mistrzu dzi\u0119ki naszej koszulce Runner Boy! Wykonane z kreatywno\u015bci\u0105 i dba\u0142o\u015bci\u0105, nasze m\u0142odzie\u017cowe koszulki z kr\u00f3tkim i d\u0142ugim r\u0119kawem posiadaj\u0105 spersonalizowan\u0105 grafik\u0119 wektorow\u0105, zmieniaj\u0105c zdj\u0119cie Twojego dziecka w pe\u0142n\u0105 energii ilustracj\u0119 jego biegania na \u015bwie\u017cym powietrzu. Ta wyj\u0105tkowa koszulka z nadrukiem jest idealnym inspiruj\u0105cym prezentem dla aktywnych m\u0142odych ludzi, rozpalaj\u0105c ich pasj\u0119 do fitnessu i zach\u0119caj\u0105c do przyj\u0119cia aktywnego stylu \u017cycia. Dzi\u0119ki nadrukowi DTG i wysokiej jako\u015bci grafice wektorowej nasza koszulka dla ch\u0142opc\u00f3w z nadrukiem Runner oferuje \u017cywe kolory i drobne detale, dzi\u0119ki czemu przygody biegowe Twojego dziecka o\u017cywaj\u0105 na tkaninie. Dost\u0119pne w r\u00f3\u017cnych rozmiarach, aby pasowa\u0107 do m\u0142odzie\u017cy, dzieci i maluch\u00f3w, nasze koszulki unisex s\u0105 przeznaczone dla m\u0142odych sportowc\u00f3w w r\u00f3\u017cnym wieku. Niezale\u017cnie od tego, czy lubi\u0105 biega\u0107, \u015bciga\u0107 si\u0119, czy po prostu kochaj\u0105 dreszczyk emocji zwi\u0105zany z bieganiem na \u015bwie\u017cym powietrzu, nasza koszulka dla ch\u0142opc\u00f3w z nadrukiem Runner to \u015bwietny spos\u00f3b na zwi\u0119kszenie ich pewno\u015bci siebie i \u015bwi\u0119towanie ich aktywnych zaj\u0119\u0107. Ciesz si\u0119 widokiem Twojego m\u0142odego biegacza, kt\u00f3ry promienieje dum\u0105, nosz\u0105c spersonalizowan\u0105 koszulk\u0119 odzwierciedlaj\u0105c\u0105 jego entuzjazm do aktywno\u015bci fizycznej i sp\u0119dzania czasu na \u015bwie\u017cym powietrzu.<\/p>","protected":false},"excerpt":{"rendered":"<p>Podsycaj pasj\u0119 swojego m\u0142odego mistrza koszul\u0105 dla biegacza. Spersonalizowane koszulki do biegania przekszta\u0142caj\u0105 ka\u017cde zdj\u0119cie w sportow\u0105, jedyn\u0105 w swoim rodzaju koszulk\u0119.<\/p>","protected":false},"featured_media":143074,"comment_status":"open","ping_status":"closed","template":"","meta":{"_acf_changed":false},"product_brand":[],"product_cat":[6189,3004,6412,6428],"product_tag":[6433,6439,3005,546,65,298,105,1827,73],"class_list":{"0":"post-21312","1":"product","2":"type-product","3":"status-publish","4":"has-post-thumbnail","6":"product_cat-boys-t-shirts","7":"product_cat-custom-gifts-running-and-jogging","8":"product_cat-photo-to-tees","9":"product_cat-translate-products","10":"product_tag-ai-artwork","11":"product_tag-ai-kids-artwork","12":"product_tag-custom-arts-running-jogging","13":"product_tag-gym","14":"product_tag-kid","15":"product_tag-outdoor_shirt","16":"product_tag-summer_shirt","17":"product_tag-workout_shirt","18":"product_tag-youth-boy","20":"first","21":"instock","22":"taxable","23":"shipping-taxable","24":"purchasable","25":"product-type-simple"},"acf":[],"wcpa_form_fields":null,"_links":{"self":[{"href":"https:\/\/www.customywear.com\/pl\/wp-json\/wp\/v2\/product\/21312","targetHints":{"allow":["GET"]}}],"collection":[{"href":"https:\/\/www.customywear.com\/pl\/wp-json\/wp\/v2\/product"}],"about":[{"href":"https:\/\/www.customywear.com\/pl\/wp-json\/wp\/v2\/types\/product"}],"replies":[{"embeddable":true,"href":"https:\/\/www.customywear.com\/pl\/wp-json\/wp\/v2\/comments?post=21312"}],"wp:featuredmedia":[{"embeddable":true,"href":"https:\/\/www.customywear.com\/pl\/wp-json\/wp\/v2\/media\/143074"}],"wp:attachment":[{"href":"https:\/\/www.customywear.com\/pl\/wp-json\/wp\/v2\/media?parent=21312"}],"wp:term":[{"taxonomy":"product_brand","embeddable":true,"href":"https:\/\/www.customywear.com\/pl\/wp-json\/wp\/v2\/product_brand?post=21312"},{"taxonomy":"product_cat","embeddable":true,"href":"https:\/\/www.customywear.com\/pl\/wp-json\/wp\/v2\/product_cat?post=21312"},{"taxonomy":"product_tag","embeddable":true,"href":"https:\/\/www.customywear.com\/pl\/wp-json\/wp\/v2\/product_tag?post=21312"}],"curies":[{"name":"wp","href":"https:\/\/api.w.org\/{rel}","templated":true}]}}