{"id":21319,"date":"2023-07-28T13:48:48","date_gmt":"2023-07-28T13:48:48","guid":{"rendered":"https:\/\/www.customywear.com\/?post_type=product&#038;p=21319"},"modified":"2026-05-07T15:29:49","modified_gmt":"2026-05-07T15:29:49","slug":"niestandardowa-szkocka-koszula-chlopieca","status":"publish","type":"product","link":"https:\/\/www.customywear.com\/pl\/custom-scottish-boy-shirt\/","title":{"rendered":"Przyjmij szkockie dziedzictwo z nasz\u0105 spersonalizowan\u0105 koszul\u0105 dla ch\u0142opc\u00f3w w stylu szkockim"},"content":{"rendered":"<p>Zanurz swoje dziecko w czaruj\u0105cym \u015bwiecie Szkocji dzi\u0119ki naszej koszulce dla ch\u0142opc\u00f3w ze szkock\u0105 grafik\u0105! Dzi\u0119ki nadrukowi DTG i wysokiej jako\u015bci wektorom umiej\u0119tnie przekszta\u0142cimy zdj\u0119cie Twojego dziecka w urzekaj\u0105c\u0105 ilustracj\u0119, sprawiaj\u0105c, \u017ce b\u0119dzie wygl\u0105da\u0142o, jakby mia\u0142o na sobie tradycyjny szkocki str\u00f3j. Ta kreatywna i spersonalizowana m\u0142odzie\u017cowa koszulka z kr\u00f3tkim r\u0119kawem i d\u0142ugim r\u0119kawem to idealny prezent dla m\u0142odych entuzjast\u00f3w podr\u00f3\u017cy, kt\u00f3rzy g\u0142\u0119boko ceni\u0105 r\u00f3\u017cne kultury i s\u0105 oczarowani urokiem Szkocji. \u015awi\u0119tuj mi\u0142o\u015b\u0107 swojego dziecka do szkockiego dziedzictwa lub jego fascynacj\u0119 bogatymi tradycjami i zwyczajami tego europejskiego kraju. Nasza koszulka unisex jest dost\u0119pna zar\u00f3wno dla ch\u0142opc\u00f3w, jak i dziewcz\u0105t, dzi\u0119ki czemu Twoje dziecko mo\u017ce z dum\u0105 zaprezentowa\u0107 sw\u00f3j wyj\u0105tkowy styl i zainteresowania. Niezale\u017cnie od tego, czy ma szkockie korzenie, czy po prostu uwielbia bogactwo kulturowe Szkocji, nasza koszulka dla ch\u0142opc\u00f3w ze szkock\u0105 grafik\u0105 b\u0119dzie cenionym dodatkiem do jego garderoby i namacalnym odzwierciedleniem jego indywidualno\u015bci. Odkryj magi\u0119 Szkocji dzi\u0119ki tej wyj\u0105tkowej koszulce z nadrukiem i pozw\u00f3l wyobra\u017ani swojego dziecka szale\u0107!<\/p>","protected":false},"excerpt":{"rendered":"<p>\u015awi\u0119tuj dziedzictwo z niestandardow\u0105 szkock\u0105 koszul\u0105 ch\u0142opi\u0119c\u0105. Spersonalizowane koszulki zamieniaj\u0105 ka\u017cde zdj\u0119cie w wyj\u0105tkow\u0105, inspirowan\u0105 tradycj\u0105 koszulk\u0119.<\/p>","protected":false},"featured_media":143102,"comment_status":"open","ping_status":"closed","template":"","meta":{"_acf_changed":false},"product_brand":[],"product_cat":[6189,3018,6412,6428],"product_tag":[6433,6439,64,65,67,3021,73],"class_list":{"0":"post-21319","1":"product","2":"type-product","3":"status-publish","4":"has-post-thumbnail","6":"product_cat-boys-t-shirts","7":"product_cat-custom-gifts-scottish-culture","8":"product_cat-photo-to-tees","9":"product_cat-translate-products","10":"product_tag-ai-artwork","11":"product_tag-ai-kids-artwork","12":"product_tag-country_shirts","13":"product_tag-kid","14":"product_tag-kids_birthday_shirt","15":"product_tag-scottish-art","16":"product_tag-youth-boy","18":"first","19":"instock","20":"taxable","21":"shipping-taxable","22":"purchasable","23":"product-type-simple"},"acf":[],"wcpa_form_fields":null,"_links":{"self":[{"href":"https:\/\/www.customywear.com\/pl\/wp-json\/wp\/v2\/product\/21319","targetHints":{"allow":["GET"]}}],"collection":[{"href":"https:\/\/www.customywear.com\/pl\/wp-json\/wp\/v2\/product"}],"about":[{"href":"https:\/\/www.customywear.com\/pl\/wp-json\/wp\/v2\/types\/product"}],"replies":[{"embeddable":true,"href":"https:\/\/www.customywear.com\/pl\/wp-json\/wp\/v2\/comments?post=21319"}],"wp:featuredmedia":[{"embeddable":true,"href":"https:\/\/www.customywear.com\/pl\/wp-json\/wp\/v2\/media\/143102"}],"wp:attachment":[{"href":"https:\/\/www.customywear.com\/pl\/wp-json\/wp\/v2\/media?parent=21319"}],"wp:term":[{"taxonomy":"product_brand","embeddable":true,"href":"https:\/\/www.customywear.com\/pl\/wp-json\/wp\/v2\/product_brand?post=21319"},{"taxonomy":"product_cat","embeddable":true,"href":"https:\/\/www.customywear.com\/pl\/wp-json\/wp\/v2\/product_cat?post=21319"},{"taxonomy":"product_tag","embeddable":true,"href":"https:\/\/www.customywear.com\/pl\/wp-json\/wp\/v2\/product_tag?post=21319"}],"curies":[{"name":"wp","href":"https:\/\/api.w.org\/{rel}","templated":true}]}}