{"id":21320,"date":"2023-07-28T13:48:49","date_gmt":"2023-07-28T13:48:49","guid":{"rendered":"https:\/\/www.customywear.com\/?post_type=product&#038;p=21320"},"modified":"2026-05-07T15:29:49","modified_gmt":"2026-05-07T15:29:49","slug":"koszulka-dziewczyna-szkocka-na-zamowienie","status":"publish","type":"product","link":"https:\/\/www.customywear.com\/pl\/custom-scottish-girl-shirt\/","title":{"rendered":"Rozwi\u0144 Szkocki urok z Naszej Wykonane na Zam\u00f3wienie Szkockiej p\u0142aszczem dla Dziewczyn"},"content":{"rendered":"<p>Rozpal \u017c\u0105dz\u0119 podr\u00f3\u017cowania u swojego dziecka i \u015bwi\u0119tuj urzekaj\u0105cy urok Szkocji dzi\u0119ki naszej jedynej w swoim rodzaju koszulce Scottish Girl! Nasz nadruk DTG i wysokiej jako\u015bci grafika wektorowa umiej\u0119tnie przekszta\u0142c\u0105 zdj\u0119cie Twojego dziecka w zachwycaj\u0105c\u0105 ilustracj\u0119, na kt\u00f3rej b\u0119dzie ono ubrane w tradycyjny szkocki str\u00f3j. Ta kreatywnie zaprojektowana m\u0142odzie\u017cowa koszulka z kr\u00f3tkim i d\u0142ugim r\u0119kawem to idealny spersonalizowany prezent dla m\u0142odych entuzjast\u00f3w podr\u00f3\u017cy, kt\u00f3rzy s\u0105 zafascynowani krajami europejskimi i ich bogatym dziedzictwem kulturowym. Odkryj pi\u0119kno spersonalizowanej odzie\u017cy, gdy o\u017cywimy marzenia Twojego dziecka o Szkocji. Ta koszulka unisex jest dost\u0119pna zar\u00f3wno dla ch\u0142opc\u00f3w, jak i dziewcz\u0105t, co czyni j\u0105 wszechstronnym dodatkiem do garderoby ka\u017cdego m\u0142odego poszukiwacza przyg\u00f3d. Niezale\u017cnie od tego, czy maj\u0105 szkockie korzenie, czy po prostu uwielbiaj\u0105 urok tego inspiruj\u0105cego europejskiego kraju, nasza koszulka Scottish Girl b\u0119dzie cenionym i wyj\u0105tkowym elementem, kt\u00f3ry pozwoli Twojemu dziecku zab\u0142ysn\u0105\u0107 indywidualno\u015bci\u0105. Przenie\u015b swoje male\u0144stwo do urzekaj\u0105cego \u015bwiata Szkocji dzi\u0119ki tej wyj\u0105tkowej koszulce z nadrukiem!<\/p>","protected":false},"excerpt":{"rendered":"<p>Poka\u017c urok z niestandardow\u0105 szkock\u0105 koszul\u0105 dla dziewczynki. Spersonalizowane koszulki przekszta\u0142caj\u0105 ka\u017cde zdj\u0119cie w zabawn\u0105, jedyn\u0105 w swoim rodzaju koszulk\u0119 z motywem szkockim.<\/p>","protected":false},"featured_media":143109,"comment_status":"open","ping_status":"closed","template":"","meta":{"_acf_changed":false},"product_brand":[],"product_cat":[6193,3018,6412,6428],"product_tag":[6433,6439,64,65,67,3021,156],"class_list":{"0":"post-21320","1":"product","2":"type-product","3":"status-publish","4":"has-post-thumbnail","6":"product_cat-girls-t-shirts","7":"product_cat-custom-gifts-scottish-culture","8":"product_cat-photo-to-tees","9":"product_cat-translate-products","10":"product_tag-ai-artwork","11":"product_tag-ai-kids-artwork","12":"product_tag-country_shirts","13":"product_tag-kid","14":"product_tag-kids_birthday_shirt","15":"product_tag-scottish-art","16":"product_tag-youth-girl","18":"first","19":"instock","20":"taxable","21":"shipping-taxable","22":"purchasable","23":"product-type-simple"},"acf":[],"wcpa_form_fields":null,"_links":{"self":[{"href":"https:\/\/www.customywear.com\/pl\/wp-json\/wp\/v2\/product\/21320","targetHints":{"allow":["GET"]}}],"collection":[{"href":"https:\/\/www.customywear.com\/pl\/wp-json\/wp\/v2\/product"}],"about":[{"href":"https:\/\/www.customywear.com\/pl\/wp-json\/wp\/v2\/types\/product"}],"replies":[{"embeddable":true,"href":"https:\/\/www.customywear.com\/pl\/wp-json\/wp\/v2\/comments?post=21320"}],"wp:featuredmedia":[{"embeddable":true,"href":"https:\/\/www.customywear.com\/pl\/wp-json\/wp\/v2\/media\/143109"}],"wp:attachment":[{"href":"https:\/\/www.customywear.com\/pl\/wp-json\/wp\/v2\/media?parent=21320"}],"wp:term":[{"taxonomy":"product_brand","embeddable":true,"href":"https:\/\/www.customywear.com\/pl\/wp-json\/wp\/v2\/product_brand?post=21320"},{"taxonomy":"product_cat","embeddable":true,"href":"https:\/\/www.customywear.com\/pl\/wp-json\/wp\/v2\/product_cat?post=21320"},{"taxonomy":"product_tag","embeddable":true,"href":"https:\/\/www.customywear.com\/pl\/wp-json\/wp\/v2\/product_tag?post=21320"}],"curies":[{"name":"wp","href":"https:\/\/api.w.org\/{rel}","templated":true}]}}