{"id":21414,"date":"2023-07-28T13:49:59","date_gmt":"2023-07-28T13:49:59","guid":{"rendered":"https:\/\/www.customywear.com\/?post_type=product&#038;p=21414"},"modified":"2026-05-05T20:23:29","modified_gmt":"2026-05-05T20:23:29","slug":"spersonalizowana-damska-koszulka-do-grillowania","status":"publish","type":"product","link":"https:\/\/www.customywear.com\/pl\/personalized-womens-bbq-shirt\/","title":{"rendered":"Personalized Women&#8217;s BBQ Shirt &#8211; Custom BBQ Lover Tees for mom, wife, girlfriend"},"content":{"rendered":"<p>Rozpal grilla i delektuj si\u0119 smakiem dzi\u0119ki naszej spersonalizowanej damskiej koszulce BBQ, spersonalizowanej koszulce zaprojektowanej dla mi\u0142o\u015bnik\u00f3w BBQ w ka\u017cdym wieku, w tym doros\u0142ych, m\u0142odzie\u017cy, dzieci i maluch\u00f3w! Wykorzystuj\u0105c Twoje zdj\u0119cie, fachowo stworzymy urzekaj\u0105cy portret wektorowy, dzi\u0119ki kt\u00f3remu b\u0119dziesz wygl\u0105da\u0107 jak mistrz grilla, zanurzony w sesji BBQ. Ta spersonalizowana koszulka unisex dla doros\u0142ych z kr\u00f3tkim r\u0119kawem i d\u0142ugim r\u0119kawem prezentuje nasz najwy\u017cszej jako\u015bci rysunek, dzi\u0119ki czemu jest idealnym prezentem dla ka\u017cdego, kto lubi sztuk\u0119 BBQ. Wykonana z precyzj\u0105 przy u\u017cyciu technologii druku DTG, nasza koszulka zapewnia najwy\u017csz\u0105 jako\u015b\u0107 i \u017cywe kolory, zapewniaj\u0105c wygodne dopasowanie dla ka\u017cdego. Ponadto te koszulki mo\u017cna dodatkowo spersonalizowa\u0107 dowoln\u0105 ludzk\u0105 lub zwierz\u0119c\u0105 twarz\u0105, tworz\u0105c naprawd\u0119 wyj\u0105tkow\u0105 pami\u0105tk\u0119 dla mi\u0142o\u015bnika BBQ. Odkryj smaki BBQ i spraw, aby ka\u017cda sesja grillowania by\u0142a niezapomniana dzi\u0119ki spersonalizowanej damskiej koszulce BBQ! Rozpal swoj\u0105 pasj\u0119 do BBQ dzi\u0119ki naszej spersonalizowanej damskiej koszulce BBQ, spersonalizowanej koszulce zaprojektowanej dla mi\u0142o\u015bnik\u00f3w BBQ w ka\u017cdym wieku, w tym doros\u0142ych, m\u0142odzie\u017cy, dzieci i maluch\u00f3w! Wykorzystuj\u0105c Twoje zdj\u0119cie, fachowo stworzymy urzekaj\u0105cy portret wektorowy, dzi\u0119ki kt\u00f3remu b\u0119dziesz wygl\u0105da\u0107 jak mistrz grilla, zanurzony w sesji BBQ. Ta spersonalizowana koszulka unisex dla doros\u0142ych z kr\u00f3tkim r\u0119kawem i d\u0142ugim r\u0119kawem prezentuje nasz najwy\u017cszej jako\u015bci rysunek, dzi\u0119ki czemu jest idealnym prezentem dla ka\u017cdego, kto lubi sztuk\u0119 BBQ. Wykonana z precyzj\u0105 przy u\u017cyciu technologii druku DTG, nasza koszulka zapewnia najwy\u017csz\u0105 jako\u015b\u0107 i \u017cywe kolory, zapewniaj\u0105c wygodne dopasowanie dla ka\u017cdego. Ponadto te koszulki mo\u017cna dodatkowo spersonalizowa\u0107 dowoln\u0105 ludzk\u0105 lub zwierz\u0119c\u0105 twarz\u0105, tworz\u0105c naprawd\u0119 wyj\u0105tkow\u0105 pami\u0105tk\u0119 dla mi\u0142o\u015bnika BBQ. Odkryj smaki BBQ i spraw, aby ka\u017cda sesja grillowania by\u0142a niezapomniana dzi\u0119ki spersonalizowanej koszulce BBQ dla kobiet!<\/p>","protected":false},"excerpt":{"rendered":"<p>Grill in style with a Personalized Women&#8217;s BBQ Shirt. Custom BBQ Lover Tees turn any photo into a playful, unique t-shirt.<\/p>","protected":false},"featured_media":142552,"comment_status":"open","ping_status":"closed","template":"","meta":{"_acf_changed":false},"product_brand":[],"product_cat":[6191,291,6412,307,6428,6356],"product_tag":[6433,293,561,298,112],"class_list":{"0":"post-21414","1":"product","2":"type-product","3":"status-publish","4":"has-post-thumbnail","6":"product_cat-t-shirts-women","7":"product_cat-custom-gifts-bbq","8":"product_cat-photo-to-tees","9":"product_cat-summer","10":"product_cat-translate-products","11":"product_cat-womens-summer-t-shirts","12":"product_tag-ai-artwork","13":"product_tag-bbq-tees","14":"product_tag-camping_shirt","15":"product_tag-outdoor_shirt","16":"product_tag-women","18":"first","19":"instock","20":"taxable","21":"shipping-taxable","22":"purchasable","23":"product-type-simple"},"acf":[],"wcpa_form_fields":null,"_links":{"self":[{"href":"https:\/\/www.customywear.com\/pl\/wp-json\/wp\/v2\/product\/21414","targetHints":{"allow":["GET"]}}],"collection":[{"href":"https:\/\/www.customywear.com\/pl\/wp-json\/wp\/v2\/product"}],"about":[{"href":"https:\/\/www.customywear.com\/pl\/wp-json\/wp\/v2\/types\/product"}],"replies":[{"embeddable":true,"href":"https:\/\/www.customywear.com\/pl\/wp-json\/wp\/v2\/comments?post=21414"}],"wp:featuredmedia":[{"embeddable":true,"href":"https:\/\/www.customywear.com\/pl\/wp-json\/wp\/v2\/media\/142552"}],"wp:attachment":[{"href":"https:\/\/www.customywear.com\/pl\/wp-json\/wp\/v2\/media?parent=21414"}],"wp:term":[{"taxonomy":"product_brand","embeddable":true,"href":"https:\/\/www.customywear.com\/pl\/wp-json\/wp\/v2\/product_brand?post=21414"},{"taxonomy":"product_cat","embeddable":true,"href":"https:\/\/www.customywear.com\/pl\/wp-json\/wp\/v2\/product_cat?post=21414"},{"taxonomy":"product_tag","embeddable":true,"href":"https:\/\/www.customywear.com\/pl\/wp-json\/wp\/v2\/product_tag?post=21414"}],"curies":[{"name":"wp","href":"https:\/\/api.w.org\/{rel}","templated":true}]}}