{"id":21415,"date":"2023-07-28T13:50:00","date_gmt":"2023-07-28T13:50:00","guid":{"rendered":"https:\/\/www.customywear.com\/?post_type=product&#038;p=21415"},"modified":"2026-05-05T20:23:29","modified_gmt":"2026-05-05T20:23:29","slug":"spersonalizowana-damska-koszulka-do-jogi-na-plaze","status":"publish","type":"product","link":"https:\/\/www.customywear.com\/pl\/personalized-womens-beach-yoga-shirt\/","title":{"rendered":"Personalizowana damska koszulka do jogi na pla\u017c\u0119 | Personalizowana koszulka do jogi"},"content":{"rendered":"<p>Odkryj spok\u00f3j jogi na pla\u017cy dzi\u0119ki naszej spersonalizowanej damskiej koszulce do jogi na pla\u017c\u0119, spersonalizowanej koszulce do jogi zaprojektowanej dla kobiet w ka\u017cdym wieku, w tym doros\u0142ych, m\u0142odzie\u017cy, dzieci i maluch\u00f3w! Wykorzystuj\u0105c Twoje zdj\u0119cie, umiej\u0119tnie stworzymy zachwycaj\u0105c\u0105 ilustracj\u0119, dzi\u0119ki kt\u00f3rej b\u0119dziesz wygl\u0105da\u0107, jakby\u015b \u0107wiczy\u0142a jog\u0119 na pi\u0119knej pla\u017cy. Ta spersonalizowana koszulka oddaje Twoj\u0105 pasj\u0119 do jogi i natury, emanuj\u0105c pozytywno\u015bci\u0105 i staj\u0105c si\u0119 Twoj\u0105 najlepsz\u0105 spersonalizowan\u0105 koszulk\u0105. Wykonana z precyzj\u0105 przy u\u017cyciu technologii druku DTG, nasza koszulka unisex oferuje wyj\u0105tkow\u0105 jako\u015b\u0107 i \u017cywe kolory, zapewniaj\u0105c wygodne dopasowanie dla ka\u017cdego. Co wi\u0119cej, te koszulki mo\u017cna dodatkowo spersonalizowa\u0107 dowoln\u0105 twarz\u0105 cz\u0142owieka lub zwierz\u0119cia, dzi\u0119ki czemu ka\u017cdy projekt staje si\u0119 wyj\u0105tkow\u0105 i cenion\u0105 pami\u0105tk\u0105. Odkryj harmonijne po\u0142\u0105czenie jogi i natury \u2013 zam\u00f3w teraz swoj\u0105 spersonalizowan\u0105 damsk\u0105 koszulk\u0119 do jogi na pla\u017c\u0119 i pozw\u00f3l, aby Tw\u00f3j wewn\u0119trzny spok\u00f3j zab\u0142ysn\u0105\u0142 dzi\u0119ki spersonalizowanemu akcentowi!<\/p>\n<p>Zrelaksuj si\u0119 podczas spokojnej praktyki jogi na pla\u017cy, dzi\u0119ki naszej spersonalizowanej damskiej koszulce do jogi na pla\u017c\u0119, spersonalizowanej koszulce do jogi zaprojektowanej dla kobiet w ka\u017cdym wieku, w tym doros\u0142ych, m\u0142odzie\u017cy, dzieci i maluch\u00f3w! Wykorzystuj\u0105c Twoje zdj\u0119cie, umiej\u0119tnie stworzymy zachwycaj\u0105c\u0105 ilustracj\u0119, dzi\u0119ki kt\u00f3rej b\u0119dziesz wygl\u0105da\u0107, jakby\u015b \u0107wiczy\u0142a jog\u0119 na pi\u0119knej pla\u017cy. Ta spersonalizowana koszulka oddaje Twoj\u0105 pasj\u0119 do jogi i natury, emanuj\u0105c pozytywno\u015bci\u0105 i staj\u0105c si\u0119 Twoj\u0105 najlepsz\u0105 spersonalizowan\u0105 koszulk\u0105. Wykonana z precyzj\u0105 przy u\u017cyciu technologii druku DTG, nasza koszulka unisex oferuje wyj\u0105tkow\u0105 jako\u015b\u0107 i \u017cywe kolory, zapewniaj\u0105c wygodne dopasowanie dla ka\u017cdego. Co wi\u0119cej, te koszulki mo\u017cna dodatkowo spersonalizowa\u0107 dowoln\u0105 ludzk\u0105 lub zwierz\u0119c\u0105 twarz\u0105, dzi\u0119ki czemu ka\u017cdy projekt staje si\u0119 wyj\u0105tkow\u0105 i cenion\u0105 pami\u0105tk\u0105. Odkryj harmonijne po\u0142\u0105czenie jogi i natury \u2013 zam\u00f3w teraz swoj\u0105 spersonalizowan\u0105 damsk\u0105 koszulk\u0119 do jogi na pla\u017c\u0119 i pozw\u00f3l, aby Tw\u00f3j wewn\u0119trzny spok\u00f3j zab\u0142ysn\u0105\u0142 dzi\u0119ki spersonalizowanemu akcentowi!<\/p>","protected":false},"excerpt":{"rendered":"<p>Stretch in style with a Personalized Women&#8217;s Beach Yoga Shirt. Custom tees turn photos into serene, yoga-inspired designs.<\/p>","protected":false},"featured_media":143219,"comment_status":"open","ping_status":"closed","template":"","meta":{"_acf_changed":false},"product_brand":[],"product_cat":[6191,6412,6428,6362,6248],"product_tag":[6433,6217,576,326,112,594],"class_list":{"0":"post-21415","1":"product","2":"type-product","3":"status-publish","4":"has-post-thumbnail","6":"product_cat-t-shirts-women","7":"product_cat-photo-to-tees","8":"product_cat-translate-products","9":"product_cat-womens-yoga-t-shirts","10":"product_cat-yoga-gifts","11":"product_tag-ai-artwork","12":"product_tag-custom-t-shirt","13":"product_tag-cute-yoga-shirts","14":"product_tag-sports","15":"product_tag-women","16":"product_tag-yoga_tee_shirt","18":"first","19":"instock","20":"taxable","21":"shipping-taxable","22":"purchasable","23":"product-type-simple"},"acf":[],"wcpa_form_fields":null,"_links":{"self":[{"href":"https:\/\/www.customywear.com\/pl\/wp-json\/wp\/v2\/product\/21415","targetHints":{"allow":["GET"]}}],"collection":[{"href":"https:\/\/www.customywear.com\/pl\/wp-json\/wp\/v2\/product"}],"about":[{"href":"https:\/\/www.customywear.com\/pl\/wp-json\/wp\/v2\/types\/product"}],"replies":[{"embeddable":true,"href":"https:\/\/www.customywear.com\/pl\/wp-json\/wp\/v2\/comments?post=21415"}],"wp:featuredmedia":[{"embeddable":true,"href":"https:\/\/www.customywear.com\/pl\/wp-json\/wp\/v2\/media\/143219"}],"wp:attachment":[{"href":"https:\/\/www.customywear.com\/pl\/wp-json\/wp\/v2\/media?parent=21415"}],"wp:term":[{"taxonomy":"product_brand","embeddable":true,"href":"https:\/\/www.customywear.com\/pl\/wp-json\/wp\/v2\/product_brand?post=21415"},{"taxonomy":"product_cat","embeddable":true,"href":"https:\/\/www.customywear.com\/pl\/wp-json\/wp\/v2\/product_cat?post=21415"},{"taxonomy":"product_tag","embeddable":true,"href":"https:\/\/www.customywear.com\/pl\/wp-json\/wp\/v2\/product_tag?post=21415"}],"curies":[{"name":"wp","href":"https:\/\/api.w.org\/{rel}","templated":true}]}}