{"id":21423,"date":"2023-07-28T13:50:22","date_gmt":"2023-07-28T13:50:22","guid":{"rendered":"https:\/\/www.customywear.com\/?post_type=product&#038;p=21423"},"modified":"2026-05-05T20:24:07","modified_gmt":"2026-05-05T20:24:07","slug":"koszulka-zapasnika-zapasnika","status":"publish","type":"product","link":"https:\/\/www.customywear.com\/pl\/wrestler-man-wrestling-shirt\/","title":{"rendered":"Koszulka zapa\u015bnika zapa\u015bnika"},"content":{"rendered":"<p>Zmie\u0144 si\u0119 w niepowstrzyman\u0105 si\u0142\u0119 zapa\u015bnicz\u0105 dzi\u0119ki naszej spersonalizowanej koszulce zapa\u015bniczej. Nasz utalentowany zesp\u00f3\u0142 artyst\u00f3w zrobi Ci zdj\u0119cie i umiej\u0119tnie stworzy sylwetk\u0119 zapa\u015bnika wi\u0119ksz\u0105 ni\u017c \u017cycie, dzi\u0119ki czemu b\u0119dziesz wygl\u0105da\u0107 jak prawdziwy mistrz. Z dba\u0142o\u015bci\u0105 o szczeg\u00f3\u0142y i precyzj\u0105 uchwycili\u015bmy istot\u0119 mocy i si\u0142y w ka\u017cdym projekcie.<\/p>\n<p>Wykonane z wysokiej jako\u015bci materia\u0142\u00f3w, nasze koszulki s\u0105 wygodne i trwa\u0142e, idealne do zaprezentowania swojego alter ego wrestlingu na wydarzeniach lub do noszenia na co dzie\u0144. Odkryj w sobie wojownika i zr\u00f3b wra\u017cenie dzi\u0119ki naszej spersonalizowanej koszulce wrestlingowej, kt\u00f3ra zachwyci wszystkich Twoj\u0105 imponuj\u0105c\u0105 obecno\u015bci\u0105.<\/p>","protected":false},"excerpt":{"rendered":"<p>Walcz w stylu z koszulk\u0105 zapa\u015bnicz\u0105 Man Wrestling Man. Niestandardowe koszulki zamieniaj\u0105 zdj\u0119cia w odwa\u017cne, sportowe projekty.<\/p>","protected":false},"featured_media":143261,"comment_status":"open","ping_status":"closed","template":"","meta":{"_acf_changed":false},"product_brand":[],"product_cat":[6195,526,186,6339,6412,6428],"product_tag":[6433,6217,6165,546,6216],"class_list":{"0":"post-21423","1":"product","2":"type-product","3":"status-publish","4":"has-post-thumbnail","6":"product_cat-t-shirts-men","7":"product_cat-gym-shirts","8":"product_cat-men","9":"product_cat-mens-sports-t-shirts","10":"product_cat-photo-to-tees","11":"product_cat-translate-products","12":"product_tag-ai-artwork","13":"product_tag-custom-t-shirt","14":"product_tag-custom-gym-tees","15":"product_tag-gym","16":"product_tag-mens-custom-t-shirts","18":"first","19":"instock","20":"taxable","21":"shipping-taxable","22":"purchasable","23":"product-type-simple"},"acf":[],"wcpa_form_fields":null,"_links":{"self":[{"href":"https:\/\/www.customywear.com\/pl\/wp-json\/wp\/v2\/product\/21423","targetHints":{"allow":["GET"]}}],"collection":[{"href":"https:\/\/www.customywear.com\/pl\/wp-json\/wp\/v2\/product"}],"about":[{"href":"https:\/\/www.customywear.com\/pl\/wp-json\/wp\/v2\/types\/product"}],"replies":[{"embeddable":true,"href":"https:\/\/www.customywear.com\/pl\/wp-json\/wp\/v2\/comments?post=21423"}],"wp:featuredmedia":[{"embeddable":true,"href":"https:\/\/www.customywear.com\/pl\/wp-json\/wp\/v2\/media\/143261"}],"wp:attachment":[{"href":"https:\/\/www.customywear.com\/pl\/wp-json\/wp\/v2\/media?parent=21423"}],"wp:term":[{"taxonomy":"product_brand","embeddable":true,"href":"https:\/\/www.customywear.com\/pl\/wp-json\/wp\/v2\/product_brand?post=21423"},{"taxonomy":"product_cat","embeddable":true,"href":"https:\/\/www.customywear.com\/pl\/wp-json\/wp\/v2\/product_cat?post=21423"},{"taxonomy":"product_tag","embeddable":true,"href":"https:\/\/www.customywear.com\/pl\/wp-json\/wp\/v2\/product_tag?post=21423"}],"curies":[{"name":"wp","href":"https:\/\/api.w.org\/{rel}","templated":true}]}}