{"id":23281,"date":"2023-09-06T15:06:50","date_gmt":"2023-09-06T15:06:50","guid":{"rendered":"https:\/\/www.customywear.com\/?post_type=product&#038;p=23281"},"modified":"2026-05-12T12:02:03","modified_gmt":"2026-05-12T12:02:03","slug":"spersonalizowana-koszulka-dla-par-na-halloween","status":"publish","type":"product","link":"https:\/\/www.customywear.com\/pl\/personalized-halloween-couples-tee\/","title":{"rendered":"Spersonalizowana koszulka dla pary na Halloween: wystrasz swoich znajomych spersonalizowanymi koszulkami"},"content":{"rendered":"<h2>Przygotuj si\u0119 na straszne Halloween z nasz\u0105 spersonalizowan\u0105 koszulk\u0105 dla par!<\/h2>\n<p>Czy masz do\u015b\u0107 noszenia tych samych, typowych kostium\u00f3w na Halloween co roku? Chcesz wyr\u00f3\u017cni\u0107 si\u0119 z t\u0142umu i naprawd\u0119 przestraszy\u0107 swoich znajomych? Nie szukaj dalej! Nasze koszulki zaprojektowane na zam\u00f3wienie to idealne rozwi\u0105zanie dla ka\u017cdego, kto chce poczu\u0107 ducha Halloween w wyj\u0105tkowy i spersonalizowany spos\u00f3b. Dzi\u0119ki naszym koszulkom mo\u017cesz przeobrazi\u0107 si\u0119 w posta\u0107 z ulubionego horroru lub po prostu nosi\u0107 upiorny wz\u00f3r dyni. A co jest najlepsze? Narysujemy Twoje zdj\u0119cia i sprawimy, \u017ce b\u0119dziesz wygl\u0105da\u0107, jakby\u015b nosi\u0142 przera\u017caj\u0105ce stroje na Halloween. Wyobra\u017a sobie wyraz twarzy swoich znajomych, gdy zobacz\u0105 Ci\u0119 przemienionego w krwio\u017cerczego wampira lub z\u0142\u0105 czarownic\u0119!<\/p>\n<h3>Wysokiej jako\u015bci projekt i druk<\/h3>\n<p>W naszym studiu u\u017cywamy program\u00f3w Adobe Illustrator i Adobe Photoshop, aby tworzy\u0107 osza\u0142amiaj\u0105ce grafiki wektorowe z Twoich zdj\u0119\u0107. Nasi do\u015bwiadczeni projektanci zwracaj\u0105 uwag\u0119 na ka\u017cdy szczeg\u00f3\u0142, zapewniaj\u0105c, \u017ce Twoja spersonalizowana koszulka na Halloween jest prawdziwym dzie\u0142em sztuki. Nast\u0119pnie wykorzystujemy najnowocze\u015bniejsz\u0105 technologi\u0119 druku DTG, aby o\u017cywi\u0107 Tw\u00f3j projekt na wysokiej jako\u015bci koszulce. Nasze koszulki nie tylko robi\u0105 wra\u017cenie wizualne, ale s\u0105 r\u00f3wnie\u017c niezwykle wygodne w noszeniu. Wykonane z materia\u0142\u00f3w najwy\u017cszej jako\u015bci, s\u0105 mi\u0119kkie, oddychaj\u0105ce i trwa\u0142e. Niezale\u017cnie od tego, czy bierzesz udzia\u0142 w imprezie halloweenowej, wybierasz si\u0119 po cukierki, czy po prostu odpoczywasz w domu, nasze koszulki sprawi\u0105, \u017ce b\u0119dziesz wygl\u0105da\u0107 stylowo i upiornie przez ca\u0142\u0105 noc.<\/p>\n<h3>Dost\u0119pne dla ca\u0142ej rodziny<\/h3>\n<p>Nasze spersonalizowane koszulki na Halloween nie s\u0105 przeznaczone tylko dla doros\u0142ych. Oferujemy rozmiary dla m\u0142odzie\u017cy, dzieci i maluch\u00f3w, dzi\u0119ki czemu ca\u0142a rodzina mo\u017ce do\u0142\u0105czy\u0107 do zabawy. Wyobra\u017a sobie uroczy widok swoich maluch\u00f3w przebranych za mini potwory lub ma\u0142e dynie! Dzi\u0119ki naszym koszulkom Halloween staje si\u0119 rodzinn\u0105 spraw\u0105, z kt\u00f3rej ka\u017cdy mo\u017ce si\u0119 cieszy\u0107.<\/p>\n<h3>Nieograniczone mo\u017cliwo\u015bci personalizacji<\/h3>\n<p>Jedn\u0105 z najbardziej ekscytuj\u0105cych cech naszych koszulek jest mo\u017cliwo\u015b\u0107 personalizacji za pomoc\u0105 w\u0142asnych zdj\u0119\u0107. Nie tylko mo\u017cesz zmieni\u0107 swoj\u0105 twarz w upiorn\u0105 posta\u0107, ale mo\u017cesz r\u00f3wnie\u017c do\u0142\u0105czy\u0107 swojego ukochanego zwierzaka. Wyobra\u017a sobie, jak zabawne by\u0142oby, gdyby Tw\u00f3j pies lub kot za\u0142o\u017cy\u0142 peleryn\u0119 wampira lub kapelusz czarownicy! Ale personalizacja na tym si\u0119 nie ko\u0144czy. Oferujemy szeroki wyb\u00f3r wzor\u00f3w do wyboru, w tym motywy horror\u00f3w, motywy dyni, a nawet koszulk\u0119 Charliego Browna na Halloween dla wszystkich fan\u00f3w Peanuts. Niezale\u017cnie od Twojego stylu lub preferencji, mamy wz\u00f3r, kt\u00f3ry b\u0119dzie odpowiada\u0142 Twojemu gustowi.<\/p>\n<h3>Zam\u00f3w ju\u017c dzi\u015b spersonalizowan\u0105 koszulk\u0119 na Halloween!<\/h3>\n<p>Nie zadowalaj si\u0119 zwyk\u0142ymi kostiumami na Halloween w tym roku. Wyr\u00f3\u017cnij si\u0119 z t\u0142umu i przestrasz swoich znajomych dzi\u0119ki naszej spersonalizowanej koszulce na Halloween. Dzi\u0119ki wysokiej jako\u015bci projektowi, wygodnemu dopasowaniu i niesko\u0144czonym mo\u017cliwo\u015bciom personalizacji nasze koszulki s\u0105 idealnym wyborem dla ka\u017cdego, kto chce si\u0119 wyr\u00f3\u017cni\u0107 w to Halloween. Zam\u00f3w swoj\u0105 spersonalizowan\u0105 koszulk\u0119 na Halloween ju\u017c dzi\u015b i przygotuj si\u0119 na straszenie, imponowanie i upiorn\u0105 zabaw\u0119! <\/p>","protected":false},"excerpt":{"rendered":"<p>Zdob\u0105d\u017a upiorne razem z spersonalizowan\u0105 koszulk\u0105 na Halloween dla pary. Niestandardowe koszulki przekszta\u0142caj\u0105 zdj\u0119cia w dopasowane przera\u017caj\u0105ce projekty.<\/p>","protected":false},"featured_media":97492,"comment_status":"open","ping_status":"closed","template":"","meta":{"_acf_changed":false},"product_brand":[],"product_cat":[6197,2229,186,6412,6428,6441],"product_tag":[1322,1325,2233,2239,2243,2245],"class_list":{"0":"post-23281","1":"product","2":"type-product","3":"status-publish","4":"has-post-thumbnail","6":"product_cat-t-shirts-couple","7":"product_cat-custom-gifts-halloween","8":"product_cat-men","9":"product_cat-photo-to-tees","10":"product_cat-translate-products","11":"product_cat-v2-couple","12":"product_tag-custom-bride-gift","13":"product_tag-custom-shirt-maker","14":"product_tag-halloween-shirt","15":"product_tag-pumpkin-shirt","16":"product_tag-skeleton-t-shirt","17":"product_tag-spirit-halloween-shirts","18":"wcpa_has_options","20":"first","21":"instock","22":"taxable","23":"shipping-taxable","24":"purchasable","25":"product-type-simple"},"acf":[],"wcpa_form_fields":{"wcpaData":{"product":{"product_price":24.99,"price_html":"<span class=\"wmc-wc-price\" ><span class=\"woocommerce-Price-amount amount\"><bdi><span class=\"woocommerce-Price-currencySymbol\">&euro;<\/span>24,99<\/bdi><\/span><span data-wmc_price_cache=\"{&quot;USD&quot;:&quot;&lt;span class=\\&quot;woocommerce-Price-amount amount\\&quot;&gt;&lt;bdi&gt;&lt;span class=\\&quot;woocommerce-Price-currencySymbol\\&quot;&gt;&amp;#36;&lt;\\\/span&gt;29,24&lt;\\\/bdi&gt;&lt;\\\/span&gt;&quot;,&quot;EUR&quot;:&quot;&lt;span class=\\&quot;woocommerce-Price-amount amount\\&quot;&gt;&lt;bdi&gt;&lt;span class=\\&quot;woocommerce-Price-currencySymbol\\&quot;&gt;&amp;euro;&lt;\\\/span&gt;24,99&lt;\\\/bdi&gt;&lt;\\\/span&gt;&quot;,&quot;CAD&quot;:&quot;&lt;span class=\\&quot;woocommerce-Price-amount amount\\&quot;&gt;&lt;bdi&gt;&lt;span class=\\&quot;woocommerce-Price-currencySymbol\\&quot;&gt;CAD$ &lt;\\\/span&gt;40,23&lt;\\\/bdi&gt;&lt;\\\/span&gt;&quot;,&quot;GBP&quot;:&quot;&lt;span class=\\&quot;woocommerce-Price-amount amount\\&quot;&gt;&lt;bdi&gt;&lt;span class=\\&quot;woocommerce-Price-currencySymbol\\&quot;&gt;&amp;pound;&lt;\\\/span&gt;21,74&lt;\\\/bdi&gt;&lt;\\\/span&gt;&quot;,&quot;PLN&quot;:&quot;&lt;span class=\\&quot;woocommerce-Price-amount amount\\&quot;&gt;&lt;bdi&gt;&lt;span class=\\&quot;woocommerce-Price-currencySymbol\\&quot;&gt;z\\u0142 &lt;\\\/span&gt;106,21&lt;\\\/bdi&gt;&lt;\\\/span&gt;&quot;,&quot;SEK&quot;:&quot;&lt;span class=\\&quot;woocommerce-Price-amount amount\\&quot;&gt;&lt;bdi&gt;&lt;span class=\\&quot;woocommerce-Price-currencySymbol\\&quot;&gt;kr &lt;\\\/span&gt;272,14&lt;\\\/bdi&gt;&lt;\\\/span&gt;&quot;,&quot;AUD&quot;:&quot;&lt;span class=\\&quot;woocommerce-Price-amount amount\\&quot;&gt;&lt;bdi&gt;&lt;span class=\\&quot;woocommerce-Price-currencySymbol\\&quot;&gt;AUD$ &lt;\\\/span&gt;40,48&lt;\\\/bdi&gt;&lt;\\\/span&gt;&quot;,&quot;JPY&quot;:&quot;&lt;span class=\\&quot;woocommerce-Price-amount amount\\&quot;&gt;&lt;bdi&gt;&lt;span class=\\&quot;woocommerce-Price-currencySymbol\\&quot;&gt;&amp;yen;&lt;\\\/span&gt;4.624,65&lt;\\\/bdi&gt;&lt;\\\/span&gt;&quot;,&quot;CZK&quot;:&quot;&lt;span class=\\&quot;woocommerce-Price-amount amount\\&quot;&gt;&lt;bdi&gt;&lt;span class=\\&quot;woocommerce-Price-currencySymbol\\&quot;&gt;K\\u010d &lt;\\\/span&gt;607,76&lt;\\\/bdi&gt;&lt;\\\/span&gt;&quot;,&quot;NZD&quot;:&quot;&lt;span class=\\&quot;woocommerce-Price-amount amount\\&quot;&gt;&lt;bdi&gt;&lt;span class=\\&quot;woocommerce-Price-currencySymbol\\&quot;&gt;NZD$ &lt;\\\/span&gt;49,23&lt;\\\/bdi&gt;&lt;\\\/span&gt;&quot;,&quot;CHF&quot;:&quot;&lt;span class=\\&quot;woocommerce-Price-amount amount\\&quot;&gt;&lt;bdi&gt;&lt;span class=\\&quot;woocommerce-Price-currencySymbol\\&quot;&gt;CHF &lt;\\\/span&gt;22,99&lt;\\\/bdi&gt;&lt;\\\/span&gt;&quot;}\" style=\"display: none;\" class=\"wmc-price-cache-list\"><\/span><\/span>","original_product_price":24.99,"price_including_tax":24.99,"price_excluding_tax":20.825,"product_id":{"parent":23281,"variation":false},"is_variable":false,"stock_status":"instock","stock_quantity":null,"parent_sku":"cw1122333","product_attributes":{"pa_color":{"is_variation":false,"values":["black","white","navy","red"]},"pa_style":{"is_variation":false,"values":["couple-t-shirt"]},"pa_customization":{"is_variation":false,"values":["add-your-photo","add-your-text-or-name","add-your-logo"]},"pa_material":{"is_variation":false,"values":["100-cotton"]},"pa_key-details":{"is_variation":false,"values":["unisex","regular-fit","premium-quality","digital-art"]},"pa_brand":{"is_variation":false,"values":["customywear"]},"pa_age-group":{"is_variation":false,"values":["adult"]},"pa_size":{"is_variation":false,"values":["xs","s","m","l","xl","2xl","3xl"]},"pa_print-type":{"is_variation":false,"values":["dtg-print-direct-to-garment"]},"pa_gender":{"is_variation":false,"values":["unisex"]}},"custom_fields":[],"is_taxable":true,"product_name":"Personalized Halloween couple T-Shirt: Scare Your Friends with Customized tees"},"fields":{"sec_668d392cdb359a":{"extra":{"key":"sec_668d392cdb359a","section_id":"sec_668d392cdb359a","name":"T-shirt size and color","status":1,"cl_rule":"show","enableCl":false,"relations":[],"toggle":true,"title_tag":"h4","show_title":false,"showPrice":"default","form_id":137337,"form_rules":{"exclude_from_discount":false,"fee_label":"Fee","disp_hide_options_price":false,"disp_show_section_price":false,"disp_show_field_price":true,"layout_option":"standard","pric_use_as_fee":false,"process_fee_as":"woo_fee"},"layout_option":"standard"},"fields":[[{"active":true,"col":6,"relations":false,"cl_rule":"show","enableCl":false,"price":"","enablePrice":false,"className":"","label_position":"default","desc_position":"default","type":"color-group","required":false,"elementId":"color_group_6231271873","label":"Color","name":"color_group_6231271873","disp_type":"circle","values":[{"label":"Black","value":"Black","selected":false,"color":"#000000","tempId":"aco_909","gt_translate_keys":["label"]},{"label":"White","value":"White","selected":false,"color":"#ffffff","tempId":"aco_910","gt_translate_keys":["label"]},{"label":"Navy","value":"Navy","selected":false,"color":"#213a92","tempId":"aco_911","gt_translate_keys":["label"]},{"label":"Red","value":"Red","selected":false,"color":"#d0021b","tempId":"aco_1102","gt_translate_keys":["label"]}],"layOut":"inline","error":false,"tooltip":"Pick your preferred T-shirt color","selection_type":"tick-border","show_selected_option":true,"adjust_width":true,"show_label_inside":false,"cart_display_type":"text","gt_translate_keys":["label","tooltip"],"price_dependency":false,"cl_dependency":false,"value":""}],[{"active":true,"col":6,"relations":false,"cl_rule":"show","enableCl":false,"price":"","enablePrice":false,"className":"","label_position":"default","desc_position":"default","type":"radio-group","required":false,"elementId":"radio-group_068d392cdb35d9","label":"Size ","name":"radio-group_068d392cdb35d9","values":[{"label":"XS","value":"XS","selected":false,"tempId":"aco_128","gt_translate_keys":["label"]},{"label":"S","value":"S","selected":false,"tempId":"aco_129","gt_translate_keys":["label"]},{"label":"M","value":"M","selected":false,"tempId":"aco_130","gt_translate_keys":["label"]},{"label":"L","value":"L","selected":false,"tempId":"aco_212","gt_translate_keys":["label"]},{"label":"XL","value":"XL","selected":false,"tempId":"aco_222","gt_translate_keys":["label"]},{"label":"2XL","value":"2XL","selected":false,"tempId":"aco_286","gt_translate_keys":["label"]},{"label":"3XL","value":"3XL","selected":false,"tempId":"aco_350","gt_translate_keys":["label"]}],"layOut":"inline","error":false,"checkUi":"button","tooltip":"Choose your T-shirt size \u2013 suitable for both men and women.","show_selected_option":true,"gt_translate_keys":["label","tooltip"],"price_dependency":false,"cl_dependency":false,"value":""}],[{"active":true,"col":6,"relations":[{"operator":false,"rules":[{"operator":"AND","rules":{"cl_field":"select_1672e1bffc57b9","cl_relation":"is_empty","cl_val":true}}]}],"cl_rule":"hide","enableCl":false,"price":"","enablePrice":false,"className":"","label_position":"default","desc_position":"default","type":"file","required":false,"elementId":"file_968d392cdb35ef","name":"file_968d392cdb35ef","label":"Upload your photo(s)","upload_type":"droppable","uploadSize":"50","file_types":["images","docs","design"],"exts_supported":["jpg","jpeg","png","gif","webp","pdf","PSD"],"error":false,"hideImageIn_email":true,"multiple_upload":true,"max_file_count":"25","tooltip":"Upload a couple's photo or separate photos; we will combine both individuals together.","cartLabel":"Photo(s)","allowedFileTypes":".jpg,.jpeg,.png,.gif,.webp,.pdf,.PSD,image\/*,.doc,.docx,.xml,.dot,.docm,.dotm,.dotx,.htm,.html,.odt,.rtf,.txt,.wps,.xps,application\/msword,application\/vnd,.psd,.eps,.ai,.indd,.raw","gt_translate_keys":["label","tooltip"],"price_dependency":false,"cl_dependency":false,"value":""}],[{"active":true,"col":6,"relations":false,"cl_rule":"show","enableCl":false,"price":"","enablePrice":false,"className":"","label_position":"default","desc_position":"default","type":"checkbox","required":false,"elementId":"checkbox_468d392cdb360a","label":"View more options","name":"checkbox_468d392cdb360a","value":"","check_value":"Yes","checkUi":"","error":false,"hideFieldIn_cart":true,"hideFieldIn_order":true,"gt_translate_keys":["label","value","check_value"],"price_dependency":false,"cl_dependency":["text_868d392cdb366a","radio-group_268d392cdb3682","radio-group_368d392cdb3697"]}],[{"active":true,"col":6,"relations":[{"operator":false,"rules":[{"operator":"AND","rules":{"cl_field":"checkbox_468d392cdb360a","cl_relation":"is","cl_val":true}}]}],"cl_rule":"show","enableCl":true,"price":"","enablePrice":false,"className":"","label_position":"default","desc_position":"default","type":"text","subtype":"text","required":false,"elementId":"text_868d392cdb366a","label":"Add text to your T-shirt design (optional)","name":"text_868d392cdb366a","value":"","error":false,"tooltip":"Your text will be added to the top or bottom of the T-shirt design.","placeholder":"eg: Emma & John: Best Couple Ever","cartLabel":"Text","gt_translate_keys":["label","placeholder","value","tooltip"],"price_dependency":false,"cl_dependency":false}],[{"active":true,"col":6,"relations":[{"operator":false,"rules":[{"operator":"AND","rules":{"cl_field":"checkbox_468d392cdb360a","cl_relation":"is","cl_val":true}}]}],"cl_rule":"show","enableCl":true,"price":"","enablePrice":false,"className":"","label_position":"default","desc_position":"default","type":"radio-group","required":true,"elementId":"radio-group_268d392cdb3682","label":"Select t-shirt print location","name":"radio-group_268d392cdb3682","values":[{"label":"Front Side","value":"Front Side","selected":true,"tempId":"aco_5504","gt_translate_keys":["label"]},{"label":"Back Side","value":"Back Side","selected":false,"tempId":"aco_5505","gt_translate_keys":["label"]}],"layOut":"inline","error":false,"checkUi":"","cartLabel":"Print location","gt_translate_keys":["label"],"price_dependency":false,"cl_dependency":false,"value":""}],[{"active":true,"col":6,"relations":[{"operator":false,"rules":[{"operator":"AND","rules":{"cl_field":"checkbox_468d392cdb360a","cl_relation":"is","cl_val":true}}]}],"cl_rule":"show","enableCl":true,"price":"","enablePrice":false,"className":"","label_position":"default","desc_position":"default","type":"radio-group","required":false,"elementId":"radio-group_368d392cdb3697","label":"Would you like to review the design before printing?","name":"radio-group_368d392cdb3697","values":[{"label":"No","value":"No","selected":true,"tempId":"aco_6274","gt_translate_keys":["label"]},{"label":"Yes","value":"Yes","selected":false,"tempId":"aco_6275","price":"","gt_translate_keys":["label"]}],"layOut":"inline","error":false,"checkUi":"","priceOptions":"different_for_all","pricingType":"fixed","use_as_fee":false,"fee_label":"Preview Image","tooltip":"If yes, we\u2019ll email you a preview of the design before printing. This may add 1-2 days to delivery time.*","cartLabel":"Preview Image","hideFieldIn_cart":true,"hideFieldIn_order":false,"gt_translate_keys":["label","tooltip"],"price_dependency":false,"cl_dependency":["content_068d392cdb36ab"],"value":""}],[{"active":true,"col":6,"relations":[{"operator":false,"rules":[{"operator":"AND","rules":{"cl_field":"radio-group_368d392cdb3697","cl_relation":"is","cl_val":"Yes"}}]}],"cl_rule":"show","enableCl":true,"price":"","enablePrice":false,"className":"","label_position":"default","desc_position":"default","type":"content","required":false,"elementId":"content_068d392cdb36ab","label":"","name":"content_068d392cdb36ab","contentType":"plain","value":"Please check your inbox, including Spam or other folders, within 1-2 business days for the preview image","error":false,"subtype":"p","hideFieldIn_cart":true,"hideFieldIn_order":true,"gt_translate_keys":["label","value"],"price_dependency":false,"cl_dependency":false}]]}},"config":{"price_override":"","enable_recaptcha":false,"bind_quantity":false,"quantity_bind_formula":false,"disp_summ_show_option_price":false,"disp_summ_show_product_price":false,"disp_summ_show_total_price":false,"disp_summ_show_fee":false,"disp_summ_show_discount":false,"summary_title":"","options_total_label":"Options Price","total_label":"Total","options_product_label":"Product Price","fee_label":"Fee","discount_label":"Discount","has_price":true,"has_quantity_formula":false},"mc_unit":1,"tax_rate":1,"tax_rate_real":0,"discount":{"percentage":0,"fixed":0},"design":{"conf":{"LabelPosition":"above","DescPosition":"above","UploadField":"default","QuantityFieldStyle":"default"},"css":{"LeftLabelWidth":"120px"}},"formulas":[],"clones":false,"cartKey":false}},"_links":{"self":[{"href":"https:\/\/www.customywear.com\/pl\/wp-json\/wp\/v2\/product\/23281","targetHints":{"allow":["GET"]}}],"collection":[{"href":"https:\/\/www.customywear.com\/pl\/wp-json\/wp\/v2\/product"}],"about":[{"href":"https:\/\/www.customywear.com\/pl\/wp-json\/wp\/v2\/types\/product"}],"replies":[{"embeddable":true,"href":"https:\/\/www.customywear.com\/pl\/wp-json\/wp\/v2\/comments?post=23281"}],"wp:featuredmedia":[{"embeddable":true,"href":"https:\/\/www.customywear.com\/pl\/wp-json\/wp\/v2\/media\/97492"}],"wp:attachment":[{"href":"https:\/\/www.customywear.com\/pl\/wp-json\/wp\/v2\/media?parent=23281"}],"wp:term":[{"taxonomy":"product_brand","embeddable":true,"href":"https:\/\/www.customywear.com\/pl\/wp-json\/wp\/v2\/product_brand?post=23281"},{"taxonomy":"product_cat","embeddable":true,"href":"https:\/\/www.customywear.com\/pl\/wp-json\/wp\/v2\/product_cat?post=23281"},{"taxonomy":"product_tag","embeddable":true,"href":"https:\/\/www.customywear.com\/pl\/wp-json\/wp\/v2\/product_tag?post=23281"}],"curies":[{"name":"wp","href":"https:\/\/api.w.org\/{rel}","templated":true}]}}