{"id":34997,"date":"2024-05-01T13:32:49","date_gmt":"2024-05-01T13:32:49","guid":{"rendered":"https:\/\/www.customywear.com\/?post_type=product&#038;p=34997"},"modified":"2026-05-07T15:29:46","modified_gmt":"2026-05-07T15:29:46","slug":"koszulki-przedszkole-graduacja","status":"publish","type":"product","link":"https:\/\/www.customywear.com\/pl\/kindergarten-graduation-t-shirts\/","title":{"rendered":"Koszulka z okazji uko\u0144czenia przedszkola \u2013 Koszulka wykonana na zam\u00f3wienie"},"content":{"rendered":"<p>W przypadku tej spersonalizowanej koszulki uko\u0144czenia szko\u0142y narysujemy cyfrowo Twoje zdj\u0119cie r\u0119cznie, aby stworzy\u0107 wyj\u0105tkow\u0105 posta\u0107 w stroju uko\u0144czenia szko\u0142y. Wykonane z mi\u0119kkiej bawe\u0142ny w 100%, nasze koszulki s\u0105 wygodne i delikatne dla sk\u00f3ry. Dzi\u0119ki najwy\u017cszej jako\u015bci i wysokiej jako\u015bci nadrukowi DTG wz\u00f3r b\u0119dzie \u017cywy i trwa\u0142y. Nasz regularny kr\u00f3j jest idealny do codziennego noszenia, a poniewa\u017c jest to unisex, pasuje do ka\u017cdego! Ka\u017cdy wz\u00f3r jest fachowo rysowany r\u0119cznie, co zapewnia, \u017ce \u200b\u200bTw\u00f3j jest spersonalizowany i jedyny w swoim rodzaju. Zam\u00f3w ju\u017c dzi\u015b, aby \u015bwi\u0119towa\u0107 swoje osi\u0105gni\u0119cia w stylu!<\/p>","protected":false},"excerpt":{"rendered":"<p>\u015awi\u0119tuj wczesnych uczni\u00f3w z koszulkami z okazji uko\u0144czenia przedszkola. Koszulki na zam\u00f3wienie zamieniaj\u0105 ka\u017cde zdj\u0119cie w zabawn\u0105, wyj\u0105tkow\u0105 koszul\u0119.<\/p>","protected":false},"featured_media":142823,"comment_status":"open","ping_status":"closed","template":"","meta":{"_acf_changed":false},"product_brand":[],"product_cat":[6193,2090,6412,6428],"product_tag":[6433,6439,6221],"class_list":{"0":"post-34997","1":"product","2":"type-product","3":"status-publish","4":"has-post-thumbnail","6":"product_cat-girls-t-shirts","7":"product_cat-custom-gifts-graduation","8":"product_cat-photo-to-tees","9":"product_cat-translate-products","10":"product_tag-ai-artwork","11":"product_tag-ai-kids-artwork","12":"product_tag-custom-t-shirts-near-me","14":"first","15":"instock","16":"taxable","17":"shipping-taxable","18":"purchasable","19":"product-type-simple"},"acf":[],"wcpa_form_fields":null,"_links":{"self":[{"href":"https:\/\/www.customywear.com\/pl\/wp-json\/wp\/v2\/product\/34997","targetHints":{"allow":["GET"]}}],"collection":[{"href":"https:\/\/www.customywear.com\/pl\/wp-json\/wp\/v2\/product"}],"about":[{"href":"https:\/\/www.customywear.com\/pl\/wp-json\/wp\/v2\/types\/product"}],"replies":[{"embeddable":true,"href":"https:\/\/www.customywear.com\/pl\/wp-json\/wp\/v2\/comments?post=34997"}],"wp:featuredmedia":[{"embeddable":true,"href":"https:\/\/www.customywear.com\/pl\/wp-json\/wp\/v2\/media\/142823"}],"wp:attachment":[{"href":"https:\/\/www.customywear.com\/pl\/wp-json\/wp\/v2\/media?parent=34997"}],"wp:term":[{"taxonomy":"product_brand","embeddable":true,"href":"https:\/\/www.customywear.com\/pl\/wp-json\/wp\/v2\/product_brand?post=34997"},{"taxonomy":"product_cat","embeddable":true,"href":"https:\/\/www.customywear.com\/pl\/wp-json\/wp\/v2\/product_cat?post=34997"},{"taxonomy":"product_tag","embeddable":true,"href":"https:\/\/www.customywear.com\/pl\/wp-json\/wp\/v2\/product_tag?post=34997"}],"curies":[{"name":"wp","href":"https:\/\/api.w.org\/{rel}","templated":true}]}}