{"id":37901,"date":"2024-05-24T11:34:54","date_gmt":"2024-05-24T11:34:54","guid":{"rendered":"https:\/\/www.customywear.com\/?post_type=product&#038;p=37901"},"modified":"2026-05-16T11:38:06","modified_gmt":"2026-05-16T11:38:06","slug":"koszulki-rocznica-on-ona","status":"publish","type":"product","link":"https:\/\/www.customywear.com\/pl\/his-and-hers-anniversary-t-shirts\/","title":{"rendered":"Koszulki z okazji rocznicy dla niego i dla niej \u2013 spersonalizowana koszulka"},"content":{"rendered":"<p>Koszulki na rocznic\u0119 dla niego i dla niej: \u015awi\u0119tuj swoj\u0105 nieprzemijaj\u0105c\u0105 mi\u0142o\u015b\u0107 dzi\u0119ki naszym uroczym koszulkom na rocznic\u0119 dla niego i dla niej! Nasz zesp\u00f3\u0142 ekspert\u00f3w przekszta\u0142ci Twoje zdj\u0119cie w zachwycaj\u0105ce postacie, przedstawiaj\u0105ce szcz\u0119\u015bliw\u0105 par\u0119 w szykownych strojach na tle uroczystych dekoracji i radosnej atmosfery, przypominaj\u0105cej zdj\u0119cia naszych produkt\u00f3w. Wykonane z najwy\u017cszej jako\u015bci bawe\u0142ny, nasze koszulki zapewniaj\u0105 wygodne dopasowanie i zachowuj\u0105 \u017cywy design po ka\u017cdym praniu. Niezale\u017cnie od tego, czy s\u0105 to wa\u017cne rocznice, czy codzienne noszenie, te koszulki s\u0105 idealnym wyborem, aby upami\u0119tni\u0107 wasz\u0105 wsp\u00f3ln\u0105 podr\u00f3\u017c. Ka\u017cdy projekt jest pieczo\u0142owicie wykonany przez naszych wykwalifikowanych artyst\u00f3w cyfrowych, dzi\u0119ki czemu Twoje koszulki na rocznic\u0119 dla niego i dla niej b\u0119d\u0105 cenion\u0105 pami\u0105tk\u0105. Spersonalizuj je teraz, dodaj\u0105c w\u0142asny tekst, aby nada\u0107 im osobisty charakter!<\/p>","protected":false},"excerpt":{"rendered":"<p>Marka rocznicowe swoimi i jej rocznicowymi koszulkami. Niestandardowe koszulki zamieniaj\u0105 ka\u017cde zdj\u0119cie w dopasowane, unikalne koszulki.<\/p>","protected":false},"featured_media":144013,"comment_status":"open","ping_status":"closed","template":"","meta":{"_acf_changed":false},"product_brand":[],"product_cat":[6197,250,6371,6147,6412,6428],"product_tag":[6440,6329,6218,237,6442],"class_list":{"0":"post-37901","1":"product","2":"type-product","3":"status-publish","4":"has-post-thumbnail","6":"product_cat-t-shirts-couple","7":"product_cat-couple","8":"product_cat-couples-wedding-t-shirts","9":"product_cat-custom-gifts-wedding-rose","10":"product_cat-photo-to-tees","11":"product_cat-translate-products","12":"product_tag-ai-artwork-couple","13":"product_tag-custom-t-shirt-from-selfie-for-couples","14":"product_tag-making-your-own-t-shirts","15":"product_tag-personalized-t-shirts","16":"product_tag-top-artwork","18":"first","19":"instock","20":"taxable","21":"shipping-taxable","22":"purchasable","23":"product-type-simple"},"acf":[],"wcpa_form_fields":null,"_links":{"self":[{"href":"https:\/\/www.customywear.com\/pl\/wp-json\/wp\/v2\/product\/37901","targetHints":{"allow":["GET"]}}],"collection":[{"href":"https:\/\/www.customywear.com\/pl\/wp-json\/wp\/v2\/product"}],"about":[{"href":"https:\/\/www.customywear.com\/pl\/wp-json\/wp\/v2\/types\/product"}],"replies":[{"embeddable":true,"href":"https:\/\/www.customywear.com\/pl\/wp-json\/wp\/v2\/comments?post=37901"}],"wp:featuredmedia":[{"embeddable":true,"href":"https:\/\/www.customywear.com\/pl\/wp-json\/wp\/v2\/media\/144013"}],"wp:attachment":[{"href":"https:\/\/www.customywear.com\/pl\/wp-json\/wp\/v2\/media?parent=37901"}],"wp:term":[{"taxonomy":"product_brand","embeddable":true,"href":"https:\/\/www.customywear.com\/pl\/wp-json\/wp\/v2\/product_brand?post=37901"},{"taxonomy":"product_cat","embeddable":true,"href":"https:\/\/www.customywear.com\/pl\/wp-json\/wp\/v2\/product_cat?post=37901"},{"taxonomy":"product_tag","embeddable":true,"href":"https:\/\/www.customywear.com\/pl\/wp-json\/wp\/v2\/product_tag?post=37901"}],"curies":[{"name":"wp","href":"https:\/\/api.w.org\/{rel}","templated":true}]}}