{"id":38338,"date":"2024-06-01T18:31:09","date_gmt":"2024-06-01T18:31:09","guid":{"rendered":"https:\/\/www.customywear.com\/?post_type=product&#038;p=38338"},"modified":"2026-05-05T20:24:06","modified_gmt":"2026-05-05T20:24:06","slug":"spersonalizowana-koszulka-dla-dj","status":"publish","type":"product","link":"https:\/\/www.customywear.com\/pl\/personalized-t-shirt-for-dj\/","title":{"rendered":"Spersonalizowana koszulka dla dj - Sztuka noszenia na zam\u00f3wienie"},"content":{"rendered":"<p>Spersonalizowana koszulka dla DJ-a: Podnie\u015b sw\u00f3j styl dzi\u0119ki naszej spersonalizowanej koszulce DJ-a! Zamienimy Twoje zdj\u0119cie w fajn\u0105 posta\u0107 DJ-a, dzi\u0119ki czemu b\u0119dzie to wyj\u0105tkowy i przemy\u015blany prezent dla ka\u017cdego DJ-a lub mi\u0142o\u015bnika muzyki.<\/p>","protected":false},"excerpt":{"rendered":"<p>\u015awi\u0119tuj muzyk\u0119 ze spersonalizowanymi koszulkami dla DJ-\u00f3w. Niestandardowe koszulki do noszenia zamieniaj\u0105 ka\u017cde zdj\u0119cie w odwa\u017cn\u0105, wyj\u0105tkow\u0105 koszulk\u0119.<\/p>","protected":false},"featured_media":142644,"comment_status":"open","ping_status":"closed","template":"","meta":{"_acf_changed":false},"product_brand":[],"product_cat":[6195,3604,3605,186,6322,6412,6428],"product_tag":[6433,6327,6216,6219,6220],"class_list":{"0":"post-38338","1":"product","2":"type-product","3":"status-publish","4":"has-post-thumbnail","6":"product_cat-t-shirts-men","7":"product_cat-custom-gifts-dj-orange","8":"product_cat-dj-t-shirts","9":"product_cat-men","10":"product_cat-mens-dj-t-shirts","11":"product_cat-photo-to-tees","12":"product_cat-translate-products","13":"product_tag-ai-artwork","14":"product_tag-custom-photo-t-shirt-for-men","15":"product_tag-mens-custom-t-shirts","16":"product_tag-order-custom-shirts","17":"product_tag-t-shirt-printing-near-me","19":"first","20":"instock","21":"taxable","22":"shipping-taxable","23":"purchasable","24":"product-type-simple"},"acf":[],"wcpa_form_fields":null,"_links":{"self":[{"href":"https:\/\/www.customywear.com\/pl\/wp-json\/wp\/v2\/product\/38338","targetHints":{"allow":["GET"]}}],"collection":[{"href":"https:\/\/www.customywear.com\/pl\/wp-json\/wp\/v2\/product"}],"about":[{"href":"https:\/\/www.customywear.com\/pl\/wp-json\/wp\/v2\/types\/product"}],"replies":[{"embeddable":true,"href":"https:\/\/www.customywear.com\/pl\/wp-json\/wp\/v2\/comments?post=38338"}],"wp:featuredmedia":[{"embeddable":true,"href":"https:\/\/www.customywear.com\/pl\/wp-json\/wp\/v2\/media\/142644"}],"wp:attachment":[{"href":"https:\/\/www.customywear.com\/pl\/wp-json\/wp\/v2\/media?parent=38338"}],"wp:term":[{"taxonomy":"product_brand","embeddable":true,"href":"https:\/\/www.customywear.com\/pl\/wp-json\/wp\/v2\/product_brand?post=38338"},{"taxonomy":"product_cat","embeddable":true,"href":"https:\/\/www.customywear.com\/pl\/wp-json\/wp\/v2\/product_cat?post=38338"},{"taxonomy":"product_tag","embeddable":true,"href":"https:\/\/www.customywear.com\/pl\/wp-json\/wp\/v2\/product_tag?post=38338"}],"curies":[{"name":"wp","href":"https:\/\/api.w.org\/{rel}","templated":true}]}}