{"id":38405,"date":"2024-06-04T11:03:24","date_gmt":"2024-06-04T11:03:24","guid":{"rendered":"https:\/\/www.customywear.com\/?post_type=product&#038;p=38405"},"modified":"2026-05-16T11:40:38","modified_gmt":"2026-05-16T11:40:38","slug":"damska-spersonalizowana-koszulka-dj","status":"publish","type":"product","link":"https:\/\/www.customywear.com\/pl\/womens-personalized-dj-t-shirt\/","title":{"rendered":"Damska spersonalizowana koszulka DJ - Custom Graphic Shirt"},"content":{"rendered":"<p>Damska spersonalizowana koszulka DJ: Podnie\u015b sw\u00f3j styl DJ-a dzi\u0119ki naszej spersonalizowanej koszulce dla kobiet! Zmie\u0144 swoje zdj\u0119cie w stylow\u0105 posta\u0107 DJ-a na tej wyj\u0105tkowej koszulce, idealnej dla entuzjastek muzyki.<\/p>","protected":false},"excerpt":{"rendered":"<p>Rock style with Women&#8217;s Personalized DJ T-Shirts. Custom Graphic Shirts transform any photo into a one-of-a-kind t-shirt.<\/p>","protected":false},"featured_media":142651,"comment_status":"open","ping_status":"closed","template":"","meta":{"_acf_changed":false},"product_brand":[],"product_cat":[6191,3604,3605,6412,6428,75,6353,6354],"product_tag":[6214,6433,6328,229,6215,6442],"class_list":{"0":"post-38405","1":"product","2":"type-product","3":"status-publish","4":"has-post-thumbnail","6":"product_cat-t-shirts-women","7":"product_cat-custom-gifts-dj-orange","8":"product_cat-dj-t-shirts","9":"product_cat-photo-to-tees","10":"product_cat-translate-products","11":"product_cat-women","12":"product_cat-womens-music-t-shirts","13":"product_cat-womens-profession-t-shirts","14":"product_tag-affordable-custom-t-shirts","15":"product_tag-ai-artwork","16":"product_tag-custom-image-t-shirt-for-women","17":"product_tag-custom-tee-shirts","18":"product_tag-screen-printing-near-me","19":"product_tag-top-artwork","21":"first","22":"instock","23":"taxable","24":"shipping-taxable","25":"purchasable","26":"product-type-simple"},"acf":[],"wcpa_form_fields":null,"_links":{"self":[{"href":"https:\/\/www.customywear.com\/pl\/wp-json\/wp\/v2\/product\/38405","targetHints":{"allow":["GET"]}}],"collection":[{"href":"https:\/\/www.customywear.com\/pl\/wp-json\/wp\/v2\/product"}],"about":[{"href":"https:\/\/www.customywear.com\/pl\/wp-json\/wp\/v2\/types\/product"}],"replies":[{"embeddable":true,"href":"https:\/\/www.customywear.com\/pl\/wp-json\/wp\/v2\/comments?post=38405"}],"wp:featuredmedia":[{"embeddable":true,"href":"https:\/\/www.customywear.com\/pl\/wp-json\/wp\/v2\/media\/142651"}],"wp:attachment":[{"href":"https:\/\/www.customywear.com\/pl\/wp-json\/wp\/v2\/media?parent=38405"}],"wp:term":[{"taxonomy":"product_brand","embeddable":true,"href":"https:\/\/www.customywear.com\/pl\/wp-json\/wp\/v2\/product_brand?post=38405"},{"taxonomy":"product_cat","embeddable":true,"href":"https:\/\/www.customywear.com\/pl\/wp-json\/wp\/v2\/product_cat?post=38405"},{"taxonomy":"product_tag","embeddable":true,"href":"https:\/\/www.customywear.com\/pl\/wp-json\/wp\/v2\/product_tag?post=38405"}],"curies":[{"name":"wp","href":"https:\/\/api.w.org\/{rel}","templated":true}]}}