{"id":39479,"date":"2024-06-15T12:03:02","date_gmt":"2024-06-15T12:03:02","guid":{"rendered":"https:\/\/www.customywear.com\/?post_type=product&#038;p=39479"},"modified":"2026-05-05T20:24:06","modified_gmt":"2026-05-05T20:24:06","slug":"spersonalizowana-koszulka-superbohatera-dla-mezczyzn","status":"publish","type":"product","link":"https:\/\/www.customywear.com\/pl\/custom-superhero-t-shirt-for-men\/","title":{"rendered":"Koszulka m\u0119ska z superbohaterem na zam\u00f3wienie \u2013 Custom graphic shirt"},"content":{"rendered":"<p>Personalizowana koszulka z superbohaterem dla m\u0119\u017cczyzn: Zmie\u0144 swoje zdj\u0119cia w wyj\u0105tkow\u0105 posta\u0107 superbohatera dzi\u0119ki naszej spersonalizowanej koszulce z superbohaterem dla m\u0119\u017cczyzn. Wykonana z mi\u0119kkiej bawe\u0142ny w 100%, ta wysokiej jako\u015bci koszulka charakteryzuje si\u0119 trwa\u0142o\u015bci\u0105 i wygod\u0105, idealna do codziennego noszenia. Dzi\u0119ki wysokiej jako\u015bci nadrukowi DTG ka\u017cdy wz\u00f3r jest \u017cywy i trwa\u0142y, zapewniaj\u0105c, \u017ce Tw\u00f3j spersonalizowany superbohater si\u0119 wyr\u00f3\u017cnia. Idealna dla mi\u0142o\u015bnik\u00f3w komiks\u00f3w o superbohaterach lub jako przemy\u015blany prezent, ta koszulka \u0142\u0105czy styl z osobistym polotem.<\/p>","protected":false},"excerpt":{"rendered":"<p>Uwolnij bohaterstwo z niestandardowymi koszulkami superbohater\u00f3w dla m\u0119\u017cczyzn. Niestandardowe koszulki graficzne zamieniaj\u0105 ka\u017cde zdj\u0119cie w odwa\u017cn\u0105, wyj\u0105tkow\u0105 koszulk\u0119.<\/p>","protected":false},"featured_media":126877,"comment_status":"open","ping_status":"closed","template":"","meta":{"_acf_changed":false},"product_brand":[],"product_cat":[6195,157,6150,186,6336,6412,515,6428],"product_tag":[6433,6327,6216,6168],"class_list":{"0":"post-39479","1":"product","2":"type-product","3":"status-publish","4":"has-post-thumbnail","6":"product_cat-t-shirts-men","7":"product_cat-best-sellers","8":"product_cat-custom-gifts-ai-superhero","9":"product_cat-men","10":"product_cat-mens-superhero-t-shirts","11":"product_cat-photo-to-tees","12":"product_cat-superhero","13":"product_cat-translate-products","14":"product_tag-ai-artwork","15":"product_tag-custom-photo-t-shirt-for-men","16":"product_tag-mens-custom-t-shirts","17":"product_tag-unique-superhero-tees","19":"first","20":"instock","21":"taxable","22":"shipping-taxable","23":"purchasable","24":"product-type-simple"},"acf":[],"wcpa_form_fields":null,"_links":{"self":[{"href":"https:\/\/www.customywear.com\/pl\/wp-json\/wp\/v2\/product\/39479","targetHints":{"allow":["GET"]}}],"collection":[{"href":"https:\/\/www.customywear.com\/pl\/wp-json\/wp\/v2\/product"}],"about":[{"href":"https:\/\/www.customywear.com\/pl\/wp-json\/wp\/v2\/types\/product"}],"replies":[{"embeddable":true,"href":"https:\/\/www.customywear.com\/pl\/wp-json\/wp\/v2\/comments?post=39479"}],"wp:featuredmedia":[{"embeddable":true,"href":"https:\/\/www.customywear.com\/pl\/wp-json\/wp\/v2\/media\/126877"}],"wp:attachment":[{"href":"https:\/\/www.customywear.com\/pl\/wp-json\/wp\/v2\/media?parent=39479"}],"wp:term":[{"taxonomy":"product_brand","embeddable":true,"href":"https:\/\/www.customywear.com\/pl\/wp-json\/wp\/v2\/product_brand?post=39479"},{"taxonomy":"product_cat","embeddable":true,"href":"https:\/\/www.customywear.com\/pl\/wp-json\/wp\/v2\/product_cat?post=39479"},{"taxonomy":"product_tag","embeddable":true,"href":"https:\/\/www.customywear.com\/pl\/wp-json\/wp\/v2\/product_tag?post=39479"}],"curies":[{"name":"wp","href":"https:\/\/api.w.org\/{rel}","templated":true}]}}