{"id":39587,"date":"2024-06-16T11:02:45","date_gmt":"2024-06-16T11:02:45","guid":{"rendered":"https:\/\/www.customywear.com\/?post_type=product&#038;p=39587"},"modified":"2026-05-05T20:23:27","modified_gmt":"2026-05-05T20:23:27","slug":"niestandardowa-koszulka-z-superbohaterka","status":"publish","type":"product","link":"https:\/\/www.customywear.com\/pl\/custom-female-superhero-tee\/","title":{"rendered":"Koszulka z nadrukiem Superbohaterki \u2013 Koszulka z grafik\u0105 na zam\u00f3wienie"},"content":{"rendered":"<p>Koszulka z nadrukiem Superbohaterki: Wzmocnij sw\u00f3j styl dzi\u0119ki naszej koszulce z nadrukiem Superbohaterki. Wykonana z mi\u0119kkiej bawe\u0142ny w 100%, ta koszulka najwy\u017cszej jako\u015bci zapewnia wygod\u0119 i trwa\u0142o\u015b\u0107 podczas codziennego noszenia. Dzi\u0119ki \u017cywym wzorom dzi\u0119ki wysokiej jako\u015bci nadrukowi DTG ka\u017cda koszulka zmienia Twoje zdj\u0119cia w spersonalizowan\u0105 posta\u0107 superbohaterki. Niezale\u017cnie od tego, czy jest to prezent, czy te\u017c osobisty ubi\u00f3r, nasza koszulka z nadrukiem Superbohaterki celebruje si\u0142\u0119 i indywidualno\u015b\u0107.<\/p>","protected":false},"excerpt":{"rendered":"<p>Wzmocnij dzi\u0119ki niestandardowym damskim koszulkom superbohater\u00f3w. Niestandardowe koszulki graficzne przekszta\u0142caj\u0105 ka\u017cde zdj\u0119cie w zabawn\u0105, jedyn\u0105 w swoim rodzaju bohatersk\u0105 koszulk\u0119.<\/p>","protected":false},"featured_media":126856,"comment_status":"open","ping_status":"closed","template":"","meta":{"_acf_changed":false},"product_brand":[],"product_cat":[6191,6150,6412,515,6428,75,6350],"product_tag":[6214,6433,6328,229,6432,6215],"class_list":{"0":"post-39587","1":"product","2":"type-product","3":"status-publish","4":"has-post-thumbnail","6":"product_cat-t-shirts-women","7":"product_cat-custom-gifts-ai-superhero","8":"product_cat-photo-to-tees","9":"product_cat-superhero","10":"product_cat-translate-products","11":"product_cat-women","12":"product_cat-womens-superhero-t-shirts","13":"product_tag-affordable-custom-t-shirts","14":"product_tag-ai-artwork","15":"product_tag-custom-image-t-shirt-for-women","16":"product_tag-custom-tee-shirts","17":"product_tag-product-video","18":"product_tag-screen-printing-near-me","20":"first","21":"instock","22":"taxable","23":"shipping-taxable","24":"purchasable","25":"product-type-simple"},"acf":[],"wcpa_form_fields":null,"_links":{"self":[{"href":"https:\/\/www.customywear.com\/pl\/wp-json\/wp\/v2\/product\/39587","targetHints":{"allow":["GET"]}}],"collection":[{"href":"https:\/\/www.customywear.com\/pl\/wp-json\/wp\/v2\/product"}],"about":[{"href":"https:\/\/www.customywear.com\/pl\/wp-json\/wp\/v2\/types\/product"}],"replies":[{"embeddable":true,"href":"https:\/\/www.customywear.com\/pl\/wp-json\/wp\/v2\/comments?post=39587"}],"wp:featuredmedia":[{"embeddable":true,"href":"https:\/\/www.customywear.com\/pl\/wp-json\/wp\/v2\/media\/126856"}],"wp:attachment":[{"href":"https:\/\/www.customywear.com\/pl\/wp-json\/wp\/v2\/media?parent=39587"}],"wp:term":[{"taxonomy":"product_brand","embeddable":true,"href":"https:\/\/www.customywear.com\/pl\/wp-json\/wp\/v2\/product_brand?post=39587"},{"taxonomy":"product_cat","embeddable":true,"href":"https:\/\/www.customywear.com\/pl\/wp-json\/wp\/v2\/product_cat?post=39587"},{"taxonomy":"product_tag","embeddable":true,"href":"https:\/\/www.customywear.com\/pl\/wp-json\/wp\/v2\/product_tag?post=39587"}],"curies":[{"name":"wp","href":"https:\/\/api.w.org\/{rel}","templated":true}]}}