{"id":39999,"date":"2024-06-16T14:21:14","date_gmt":"2024-06-16T14:21:14","guid":{"rendered":"https:\/\/www.customywear.com\/?post_type=product&#038;p=39999"},"modified":"2026-05-07T15:29:44","modified_gmt":"2026-05-07T15:29:44","slug":"koszulka-superbohatera-dla-malucha","status":"publish","type":"product","link":"https:\/\/www.customywear.com\/pl\/superhero-t-shirt-for-toddler\/","title":{"rendered":"Koszulka Superbohater dla Malucha \u2013 Spersonalizowana koszulka"},"content":{"rendered":"<p>Koszulka Superhero dla malucha \u2013 spersonalizowana koszulka: Ubierz swojego ma\u0142ego bohatera stylowo w nasz\u0105 koszulk\u0119 Superhero dla malucha \u2013 spersonalizowan\u0105 koszulk\u0119. Wykonana z mi\u0119kkich, trwa\u0142ych materia\u0142\u00f3w, ta koszulka zapewnia wygod\u0119 aktywnym maluchom. Ka\u017cda koszulka z \u017cywymi wzorami dzi\u0119ki wysokiej jako\u015bci nadrukowi DTG mo\u017ce by\u0107 spersonalizowana, aby zaprezentowa\u0107 ulubionego superbohatera Twojego malucha. Niezale\u017cnie od tego, czy chodzi o spotkania towarzyskie, czy codzienne przygody, nasza spersonalizowana koszulka idealnie pasuje.<\/p>","protected":false},"excerpt":{"rendered":"<p>Zacznij m\u0142odo z koszulkami superbohater\u00f3w dla ma\u0142ych dzieci. Spersonalizowane koszulki przekszta\u0142caj\u0105 ka\u017cde zdj\u0119cie w zabawn\u0105, wyj\u0105tkow\u0105 koszulk\u0119.<\/p>","protected":false},"featured_media":135269,"comment_status":"open","ping_status":"closed","template":"","meta":{"_acf_changed":false},"product_brand":[],"product_cat":[6209,6150,6412,6428],"product_tag":[6433,6439,6221],"class_list":{"0":"post-39999","1":"product","2":"type-product","3":"status-publish","4":"has-post-thumbnail","6":"product_cat-toddler-boy-t-shirts","7":"product_cat-custom-gifts-ai-superhero","8":"product_cat-photo-to-tees","9":"product_cat-translate-products","10":"product_tag-ai-artwork","11":"product_tag-ai-kids-artwork","12":"product_tag-custom-t-shirts-near-me","14":"first","15":"instock","16":"taxable","17":"shipping-taxable","18":"purchasable","19":"product-type-simple"},"acf":[],"wcpa_form_fields":null,"_links":{"self":[{"href":"https:\/\/www.customywear.com\/pl\/wp-json\/wp\/v2\/product\/39999","targetHints":{"allow":["GET"]}}],"collection":[{"href":"https:\/\/www.customywear.com\/pl\/wp-json\/wp\/v2\/product"}],"about":[{"href":"https:\/\/www.customywear.com\/pl\/wp-json\/wp\/v2\/types\/product"}],"replies":[{"embeddable":true,"href":"https:\/\/www.customywear.com\/pl\/wp-json\/wp\/v2\/comments?post=39999"}],"wp:featuredmedia":[{"embeddable":true,"href":"https:\/\/www.customywear.com\/pl\/wp-json\/wp\/v2\/media\/135269"}],"wp:attachment":[{"href":"https:\/\/www.customywear.com\/pl\/wp-json\/wp\/v2\/media?parent=39999"}],"wp:term":[{"taxonomy":"product_brand","embeddable":true,"href":"https:\/\/www.customywear.com\/pl\/wp-json\/wp\/v2\/product_brand?post=39999"},{"taxonomy":"product_cat","embeddable":true,"href":"https:\/\/www.customywear.com\/pl\/wp-json\/wp\/v2\/product_cat?post=39999"},{"taxonomy":"product_tag","embeddable":true,"href":"https:\/\/www.customywear.com\/pl\/wp-json\/wp\/v2\/product_tag?post=39999"}],"curies":[{"name":"wp","href":"https:\/\/api.w.org\/{rel}","templated":true}]}}