{"id":40059,"date":"2024-06-16T14:32:39","date_gmt":"2024-06-16T14:32:39","guid":{"rendered":"https:\/\/www.customywear.com\/?post_type=product&#038;p=40059"},"modified":"2026-05-07T15:29:44","modified_gmt":"2026-05-07T15:29:44","slug":"mlodziezowa-koszulka-superbohaterska-dla-dziewczat","status":"publish","type":"product","link":"https:\/\/www.customywear.com\/pl\/youth-superhero-t-shirt-for-girls\/","title":{"rendered":"M\u0142odzie\u017cowy t-shirt z superbohaterem dla dziewczyn - Spersonalizowana koszulka"},"content":{"rendered":"<p>M\u0142odzie\u017cowa koszulka z superbohaterk\u0105 dla dziewcz\u0105t \u2013 spersonalizowana koszulka: Wspieraj heroizm dzi\u0119ki naszej m\u0142odzie\u017cowej koszulce z superbohaterk\u0105 dla dziewcz\u0105t \u2013 spersonalizowanej koszulce. Wykonana z mi\u0119kkich, trwa\u0142ych materia\u0142\u00f3w, ta koszulka zapewnia wygod\u0119 rosn\u0105cym superbohaterom. Dzi\u0119ki spersonalizowanym projektom poprzez wysokiej jako\u015bci nadruk DTG, ka\u017cda koszulka prezentuje jej ulubionego bohatera w wyj\u0105tkowy spos\u00f3b. Niezale\u017cnie od tego, czy do szko\u0142y, czy na zabaw\u0119, nasza spersonalizowana koszulka inspiruje pewno\u015b\u0107 siebie i wyobra\u017ani\u0119.<\/p>","protected":false},"excerpt":{"rendered":"<p>Wzmocnij m\u0142ode dziewczyny za pomoc\u0105 koszulki m\u0142odzie\u017cowej superbohatera dla dziewczynek. Spersonalizowane koszulki przekszta\u0142caj\u0105 ka\u017cde zdj\u0119cie w zabawn\u0105, heroiczn\u0105 koszulk\u0119.<\/p>","protected":false},"featured_media":126779,"comment_status":"open","ping_status":"closed","template":"","meta":{"_acf_changed":false},"product_brand":[],"product_cat":[6193,496,6150,152,6412,6428,58],"product_tag":[6433,6439,6331,6221],"class_list":{"0":"post-40059","1":"product","2":"type-product","3":"status-publish","4":"has-post-thumbnail","6":"product_cat-girls-t-shirts","7":"product_cat-birthday","8":"product_cat-custom-gifts-ai-superhero","9":"product_cat-girls","10":"product_cat-photo-to-tees","11":"product_cat-translate-products","12":"product_cat-youth-kids","13":"product_tag-ai-artwork","14":"product_tag-ai-kids-artwork","15":"product_tag-custom-picture-t-shirt-for-girls","16":"product_tag-custom-t-shirts-near-me","18":"first","19":"instock","20":"taxable","21":"shipping-taxable","22":"purchasable","23":"product-type-simple"},"acf":[],"wcpa_form_fields":null,"_links":{"self":[{"href":"https:\/\/www.customywear.com\/pl\/wp-json\/wp\/v2\/product\/40059","targetHints":{"allow":["GET"]}}],"collection":[{"href":"https:\/\/www.customywear.com\/pl\/wp-json\/wp\/v2\/product"}],"about":[{"href":"https:\/\/www.customywear.com\/pl\/wp-json\/wp\/v2\/types\/product"}],"replies":[{"embeddable":true,"href":"https:\/\/www.customywear.com\/pl\/wp-json\/wp\/v2\/comments?post=40059"}],"wp:featuredmedia":[{"embeddable":true,"href":"https:\/\/www.customywear.com\/pl\/wp-json\/wp\/v2\/media\/126779"}],"wp:attachment":[{"href":"https:\/\/www.customywear.com\/pl\/wp-json\/wp\/v2\/media?parent=40059"}],"wp:term":[{"taxonomy":"product_brand","embeddable":true,"href":"https:\/\/www.customywear.com\/pl\/wp-json\/wp\/v2\/product_brand?post=40059"},{"taxonomy":"product_cat","embeddable":true,"href":"https:\/\/www.customywear.com\/pl\/wp-json\/wp\/v2\/product_cat?post=40059"},{"taxonomy":"product_tag","embeddable":true,"href":"https:\/\/www.customywear.com\/pl\/wp-json\/wp\/v2\/product_tag?post=40059"}],"curies":[{"name":"wp","href":"https:\/\/api.w.org\/{rel}","templated":true}]}}