{"id":40256,"date":"2024-06-26T08:56:53","date_gmt":"2024-06-26T08:56:53","guid":{"rendered":"https:\/\/www.customywear.com\/?post_type=product&#038;p=40256"},"modified":"2026-05-16T11:41:45","modified_gmt":"2026-05-16T11:41:45","slug":"niestandardowa-koszulka-dla-chlopcow-z-superbohaterem","status":"publish","type":"product","link":"https:\/\/www.customywear.com\/pl\/custom-boys-superhero-shirt\/","title":{"rendered":"Spersonalizowana koszulka dla ch\u0142opc\u00f3w \u2013 zaprojektuj w\u0142asn\u0105 koszulk\u0119 z superbohaterem"},"content":{"rendered":"<p>Koszulka z nadrukiem dla ch\u0142opc\u00f3w \u2013 zaprojektuj w\u0142asn\u0105 koszulk\u0119 superbohatera: Rozbud\u017a kreatywno\u015b\u0107 dzi\u0119ki naszej koszulce z nadrukiem dla ch\u0142opc\u00f3w \u2013 zaprojektuj w\u0142asn\u0105 koszulk\u0119 superbohatera! Wykonana z mi\u0119kkiej bawe\u0142ny w 100%, ta najwy\u017cszej jako\u015bci koszulka zapewnia wygod\u0119 i trwa\u0142o\u015b\u0107 podczas aktywnej zabawy. Ka\u017cda koszulka pozwala ch\u0142opcom zaprojektowa\u0107 w\u0142asne postacie superbohater\u00f3w, zadrukowane przy u\u017cyciu wysokiej jako\u015bci druku DTG, co zapewnia \u017cywe i szczeg\u00f3\u0142owe grafiki. Niezale\u017cnie od tego, czy chodzi o szko\u0142\u0119, czy spotkania towarzyskie, ta koszulka z nadrukiem superbohatera jest spersonalizowanym p\u0142\u00f3tnem dla ich wyobra\u017ani.<\/p>","protected":false},"excerpt":{"rendered":"<p>Zaprojektuj swojego bohatera z niestandardow\u0105 koszulk\u0105 dla ch\u0142opc\u00f3w. Stw\u00f3rz w\u0142asne koszulki superbohater\u00f3w zamieniaj\u0105 ka\u017cde zdj\u0119cie w odwa\u017cn\u0105, wyj\u0105tkow\u0105 koszulk\u0119.<\/p>","protected":false},"featured_media":134952,"comment_status":"open","ping_status":"closed","template":"","meta":{"_acf_changed":false},"product_brand":[],"product_cat":[6189,6152,6412,6428,58],"product_tag":[6433,6439,6221],"class_list":{"0":"post-40256","1":"product","2":"type-product","3":"status-publish","4":"has-post-thumbnail","6":"product_cat-boys-t-shirts","7":"product_cat-custom-gifts-batman","8":"product_cat-photo-to-tees","9":"product_cat-translate-products","10":"product_cat-youth-kids","11":"product_tag-ai-artwork","12":"product_tag-ai-kids-artwork","13":"product_tag-custom-t-shirts-near-me","15":"first","16":"instock","17":"taxable","18":"shipping-taxable","19":"purchasable","20":"product-type-simple"},"acf":[],"wcpa_form_fields":null,"_links":{"self":[{"href":"https:\/\/www.customywear.com\/pl\/wp-json\/wp\/v2\/product\/40256","targetHints":{"allow":["GET"]}}],"collection":[{"href":"https:\/\/www.customywear.com\/pl\/wp-json\/wp\/v2\/product"}],"about":[{"href":"https:\/\/www.customywear.com\/pl\/wp-json\/wp\/v2\/types\/product"}],"replies":[{"embeddable":true,"href":"https:\/\/www.customywear.com\/pl\/wp-json\/wp\/v2\/comments?post=40256"}],"wp:featuredmedia":[{"embeddable":true,"href":"https:\/\/www.customywear.com\/pl\/wp-json\/wp\/v2\/media\/134952"}],"wp:attachment":[{"href":"https:\/\/www.customywear.com\/pl\/wp-json\/wp\/v2\/media?parent=40256"}],"wp:term":[{"taxonomy":"product_brand","embeddable":true,"href":"https:\/\/www.customywear.com\/pl\/wp-json\/wp\/v2\/product_brand?post=40256"},{"taxonomy":"product_cat","embeddable":true,"href":"https:\/\/www.customywear.com\/pl\/wp-json\/wp\/v2\/product_cat?post=40256"},{"taxonomy":"product_tag","embeddable":true,"href":"https:\/\/www.customywear.com\/pl\/wp-json\/wp\/v2\/product_tag?post=40256"}],"curies":[{"name":"wp","href":"https:\/\/api.w.org\/{rel}","templated":true}]}}