{"id":40377,"date":"2024-06-26T09:02:51","date_gmt":"2024-06-26T09:02:51","guid":{"rendered":"https:\/\/www.customywear.com\/?post_type=product&#038;p=40377"},"modified":"2026-05-07T15:29:44","modified_gmt":"2026-05-07T15:29:44","slug":"koszulka-dla-mlodej-dziewczyny-z-superbohaterka","status":"publish","type":"product","link":"https:\/\/www.customywear.com\/pl\/youth-girl-superhero-tee\/","title":{"rendered":"M\u0142odzie\u017cowa koszulka Superbohaterka \u2013 spersonalizowana koszulka Superbohaterka"},"content":{"rendered":"<p>M\u0142odzie\u017cowa koszulka Superhero \u2013 spersonalizowana koszulka Superhero: Wyra\u017a indywidualno\u015b\u0107 dzi\u0119ki naszej m\u0142odzie\u017cowej koszulce Superhero \u2013 spersonalizowanej koszulce Superhero! Wykonana z mi\u0119kkiej bawe\u0142ny w 100%, ta najwy\u017cszej jako\u015bci koszulka zapewnia wygod\u0119 i trwa\u0142o\u015b\u0107 dla rosn\u0105cych dziewczynek. Ka\u017cda koszulka ma spersonalizowane wzory superbohater\u00f3w, nadrukowane przy u\u017cyciu wysokiej jako\u015bci druku DTG, co zapewnia \u017cywe i szczeg\u00f3\u0142owe grafiki. Niezale\u017cnie od tego, czy chodzi o wydarzenia szkolne, czy spotkania ze znajomymi, ta spersonalizowana koszulka z superbohaterk\u0105 pozwala m\u0142odym dziewczynom zaprezentowa\u0107 ich wyj\u0105tkowe osobowo\u015bci.<\/p>","protected":false},"excerpt":{"rendered":"<p>Zainspiruj m\u0142odo\u015b\u0107 koszulk\u0105 z superbohaterem Youth Girl. Niestandardowe koszulki superbohater\u00f3w przekszta\u0142caj\u0105 ka\u017cde zdj\u0119cie w zabawn\u0105, jedyn\u0105 w swoim rodzaju koszulk\u0119.<\/p>","protected":false},"featured_media":134889,"comment_status":"open","ping_status":"closed","template":"","meta":{"_acf_changed":false},"product_brand":[],"product_cat":[6193,6152,152,6412,6428,58],"product_tag":[6433,6439,6153,6331,6154,6155],"class_list":{"0":"post-40377","1":"product","2":"type-product","3":"status-publish","4":"has-post-thumbnail","6":"product_cat-girls-t-shirts","7":"product_cat-custom-gifts-batman","8":"product_cat-girls","9":"product_cat-photo-to-tees","10":"product_cat-translate-products","11":"product_cat-youth-kids","12":"product_tag-ai-artwork","13":"product_tag-ai-kids-artwork","14":"product_tag-batman","15":"product_tag-custom-picture-t-shirt-for-girls","16":"product_tag-dc-comic","17":"product_tag-marvel","19":"first","20":"instock","21":"taxable","22":"shipping-taxable","23":"purchasable","24":"product-type-simple"},"acf":[],"wcpa_form_fields":null,"_links":{"self":[{"href":"https:\/\/www.customywear.com\/pl\/wp-json\/wp\/v2\/product\/40377","targetHints":{"allow":["GET"]}}],"collection":[{"href":"https:\/\/www.customywear.com\/pl\/wp-json\/wp\/v2\/product"}],"about":[{"href":"https:\/\/www.customywear.com\/pl\/wp-json\/wp\/v2\/types\/product"}],"replies":[{"embeddable":true,"href":"https:\/\/www.customywear.com\/pl\/wp-json\/wp\/v2\/comments?post=40377"}],"wp:featuredmedia":[{"embeddable":true,"href":"https:\/\/www.customywear.com\/pl\/wp-json\/wp\/v2\/media\/134889"}],"wp:attachment":[{"href":"https:\/\/www.customywear.com\/pl\/wp-json\/wp\/v2\/media?parent=40377"}],"wp:term":[{"taxonomy":"product_brand","embeddable":true,"href":"https:\/\/www.customywear.com\/pl\/wp-json\/wp\/v2\/product_brand?post=40377"},{"taxonomy":"product_cat","embeddable":true,"href":"https:\/\/www.customywear.com\/pl\/wp-json\/wp\/v2\/product_cat?post=40377"},{"taxonomy":"product_tag","embeddable":true,"href":"https:\/\/www.customywear.com\/pl\/wp-json\/wp\/v2\/product_tag?post=40377"}],"curies":[{"name":"wp","href":"https:\/\/api.w.org\/{rel}","templated":true}]}}