{"id":40399,"date":"2024-06-26T09:03:48","date_gmt":"2024-06-26T09:03:48","guid":{"rendered":"https:\/\/www.customywear.com\/?post_type=product&#038;p=40399"},"modified":"2026-05-05T20:24:06","modified_gmt":"2026-05-05T20:24:06","slug":"koszulka-superbohatera-mroczny-rycerz","status":"publish","type":"product","link":"https:\/\/www.customywear.com\/pl\/the-dark-knight-superhero-tee\/","title":{"rendered":"Koszulka The Dark Knight \u2013 Spersonalizowana koszulka z Wizerunkiem Superbohatera"},"content":{"rendered":"<p>Koszulka Dark Knight \u2013 spersonalizowana koszulka z grafik\u0105 superbohatera: Przyjmij ciemno\u015b\u0107 z koszulk\u0105 Dark Knight \u2013 spersonalizowan\u0105 koszulk\u0105 z grafik\u0105 superbohatera! Wykonana z mi\u0119kkiej bawe\u0142ny w 100%, ta wysokiej jako\u015bci koszulka oferuje wygod\u0119 i trwa\u0142o\u015b\u0107, a jej regularny kr\u00f3j jest idealny dla tajemniczych krzy\u017cowc\u00f3w. Ka\u017cda koszulka ma spersonalizowan\u0105 grafik\u0119 postaci superbohatera, starannie zaprojektowan\u0105 i wydrukowan\u0105 przy u\u017cyciu wysokiej jako\u015bci druku DTG. Niezale\u017cnie od tego, czy jeste\u015b fanem sprawiedliwo\u015bci, czy po prostu kochasz wyj\u0105tkowy styl, ta spersonalizowana koszulka z grafik\u0105 superbohatera robi \u015bmia\u0142e wra\u017cenie, gdziekolwiek si\u0119 udasz.<\/p>","protected":false},"excerpt":{"rendered":"<p>Obejmij noc z koszulk\u0105 Mrocznego Rycerza. Spersonalizowane graficzne koszulki superbohater\u00f3w zamieniaj\u0105 ka\u017cde zdj\u0119cie w odwa\u017cn\u0105, wyj\u0105tkow\u0105 koszulk\u0119.<\/p>","protected":false},"featured_media":134985,"comment_status":"open","ping_status":"closed","template":"","meta":{"_acf_changed":false},"product_brand":[],"product_cat":[6195,157,6152,186,6336,6412,515,6428],"product_tag":[6433,6153,6327,6154,6155,6216,6168],"class_list":{"0":"post-40399","1":"product","2":"type-product","3":"status-publish","4":"has-post-thumbnail","6":"product_cat-t-shirts-men","7":"product_cat-best-sellers","8":"product_cat-custom-gifts-batman","9":"product_cat-men","10":"product_cat-mens-superhero-t-shirts","11":"product_cat-photo-to-tees","12":"product_cat-superhero","13":"product_cat-translate-products","14":"product_tag-ai-artwork","15":"product_tag-batman","16":"product_tag-custom-photo-t-shirt-for-men","17":"product_tag-dc-comic","18":"product_tag-marvel","19":"product_tag-mens-custom-t-shirts","20":"product_tag-unique-superhero-tees","22":"first","23":"instock","24":"taxable","25":"shipping-taxable","26":"purchasable","27":"product-type-simple"},"acf":[],"wcpa_form_fields":null,"_links":{"self":[{"href":"https:\/\/www.customywear.com\/pl\/wp-json\/wp\/v2\/product\/40399","targetHints":{"allow":["GET"]}}],"collection":[{"href":"https:\/\/www.customywear.com\/pl\/wp-json\/wp\/v2\/product"}],"about":[{"href":"https:\/\/www.customywear.com\/pl\/wp-json\/wp\/v2\/types\/product"}],"replies":[{"embeddable":true,"href":"https:\/\/www.customywear.com\/pl\/wp-json\/wp\/v2\/comments?post=40399"}],"wp:featuredmedia":[{"embeddable":true,"href":"https:\/\/www.customywear.com\/pl\/wp-json\/wp\/v2\/media\/134985"}],"wp:attachment":[{"href":"https:\/\/www.customywear.com\/pl\/wp-json\/wp\/v2\/media?parent=40399"}],"wp:term":[{"taxonomy":"product_brand","embeddable":true,"href":"https:\/\/www.customywear.com\/pl\/wp-json\/wp\/v2\/product_brand?post=40399"},{"taxonomy":"product_cat","embeddable":true,"href":"https:\/\/www.customywear.com\/pl\/wp-json\/wp\/v2\/product_cat?post=40399"},{"taxonomy":"product_tag","embeddable":true,"href":"https:\/\/www.customywear.com\/pl\/wp-json\/wp\/v2\/product_tag?post=40399"}],"curies":[{"name":"wp","href":"https:\/\/api.w.org\/{rel}","templated":true}]}}