{"id":41116,"date":"2024-07-24T09:23:21","date_gmt":"2024-07-24T09:23:21","guid":{"rendered":"https:\/\/www.customywear.com\/?post_type=product&#038;p=41116"},"modified":"2026-05-05T20:24:06","modified_gmt":"2026-05-05T20:24:06","slug":"meska-spersonalizowana-koszulka-z-pajakiem","status":"publish","type":"product","link":"https:\/\/www.customywear.com\/pl\/men-personalized-spider-tee\/","title":{"rendered":"M\u0119ska koszulka na zam\u00f3wienie \u2013 Spersonalizowana koszulka Superbohatera spider-Mana"},"content":{"rendered":"<p>Koszulka z nadrukiem dla m\u0119\u017cczyzn \u2013 spersonalizowana koszulka Spider Superhero: Zmie\u0144 swoje zdj\u0119cia w osza\u0142amiaj\u0105cego superbohatera dzi\u0119ki naszej koszulce z nadrukiem dla m\u0119\u017cczyzn \u2013 spersonalizowanej koszulki Spider Superhero! Ta koszulka ma Tw\u00f3j w\u0142asny, wyj\u0105tkowy wz\u00f3r superbohatera, nadrukowany wysokiej jako\u015bci technologi\u0105 DTG na mi\u0119kkiej 100% bawe\u0142nie dla wygody i trwa\u0142o\u015bci. Regularny kr\u00f3j jest idealny do codziennego noszenia, a design unisex sprawia, \u017ce \u200b\u200bjest idealny dla ka\u017cdego. Ka\u017cda koszulka jest wykonywana przez wykwalifikowanych artyst\u00f3w, aby stworzy\u0107 \u017cywy i spersonalizowany element, kt\u00f3ry si\u0119 wyr\u00f3\u017cnia.<\/p>","protected":false},"excerpt":{"rendered":"<p>Wejd\u017a do akcji z niestandardow\u0105 koszulk\u0105 dla m\u0119\u017cczyzn. Spersonalizowane koszulki z superbohaterami Spider przekszta\u0142caj\u0105 ka\u017cde zdj\u0119cie w niepowtarzaln\u0105 koszulk\u0119.<\/p>","protected":false},"featured_media":135244,"comment_status":"open","ping_status":"closed","template":"","meta":{"_acf_changed":false},"product_brand":[],"product_cat":[6195,6151,186,6336,6412,515,6428],"product_tag":[6433,6327,6216,6168],"class_list":{"0":"post-41116","1":"product","2":"type-product","3":"status-publish","4":"has-post-thumbnail","6":"product_cat-t-shirts-men","7":"product_cat-custom-gifts-spiderman","8":"product_cat-men","9":"product_cat-mens-superhero-t-shirts","10":"product_cat-photo-to-tees","11":"product_cat-superhero","12":"product_cat-translate-products","13":"product_tag-ai-artwork","14":"product_tag-custom-photo-t-shirt-for-men","15":"product_tag-mens-custom-t-shirts","16":"product_tag-unique-superhero-tees","18":"first","19":"instock","20":"taxable","21":"shipping-taxable","22":"purchasable","23":"product-type-simple"},"acf":[],"wcpa_form_fields":null,"_links":{"self":[{"href":"https:\/\/www.customywear.com\/pl\/wp-json\/wp\/v2\/product\/41116","targetHints":{"allow":["GET"]}}],"collection":[{"href":"https:\/\/www.customywear.com\/pl\/wp-json\/wp\/v2\/product"}],"about":[{"href":"https:\/\/www.customywear.com\/pl\/wp-json\/wp\/v2\/types\/product"}],"replies":[{"embeddable":true,"href":"https:\/\/www.customywear.com\/pl\/wp-json\/wp\/v2\/comments?post=41116"}],"wp:featuredmedia":[{"embeddable":true,"href":"https:\/\/www.customywear.com\/pl\/wp-json\/wp\/v2\/media\/135244"}],"wp:attachment":[{"href":"https:\/\/www.customywear.com\/pl\/wp-json\/wp\/v2\/media?parent=41116"}],"wp:term":[{"taxonomy":"product_brand","embeddable":true,"href":"https:\/\/www.customywear.com\/pl\/wp-json\/wp\/v2\/product_brand?post=41116"},{"taxonomy":"product_cat","embeddable":true,"href":"https:\/\/www.customywear.com\/pl\/wp-json\/wp\/v2\/product_cat?post=41116"},{"taxonomy":"product_tag","embeddable":true,"href":"https:\/\/www.customywear.com\/pl\/wp-json\/wp\/v2\/product_tag?post=41116"}],"curies":[{"name":"wp","href":"https:\/\/api.w.org\/{rel}","templated":true}]}}